{"id":501,"date":"2020-12-14T14:19:39","date_gmt":"2020-12-14T14:19:39","guid":{"rendered":"http:\/\/www.tecniprecision.com\/ec\/?page_id=501"},"modified":"2025-07-11T11:30:52","modified_gmt":"2025-07-11T16:30:52","slug":"electricidad-cc-y-bf","status":"publish","type":"page","link":"https:\/\/www.tecniprecision.com\/ec\/electricidad-cc-y-bf\/","title":{"rendered":"Electricidad CC y BF"},"content":{"rendered":"<p>[vc_row][vc_column]\n\t\t\t<!-- START Slider El\u00e9ctrica REVOLUTION SLIDER 6.3.1 --><p class=\"rs-p-wp-fix\"><\/p>\n\t\t\t<rs-module-wrap id=\"rev_slider_8_1_wrapper\" data-source=\"gallery\" style=\"background:transparent;padding:0;margin:0px auto;margin-top:0;margin-bottom:0;max-width:;\">\n\t\t\t\t<rs-module id=\"rev_slider_8_1\" style=\"\" data-version=\"6.3.1\">\n\t\t\t\t\t<rs-slides>\n\t\t\t\t\t\t<rs-slide data-key=\"rs-18\" data-title=\"Slide\" data-anim=\"ei:d;eo:d;s:620;r:0;t:fade;sl:d;\">\n\t\t\t\t\t\t\t<img loading=\"lazy\" decoding=\"async\" src=\"\/\/www.tecniprecision.com\/ec\/wp-content\/uploads\/2020\/12\/Banner-1920x795-electrica.jpg\" title=\"Banner 1920&#215;795 electrica\" width=\"1920\" height=\"795\" data-parallax=\"off\" data-panzoom=\"d:8000;ss:200;se:100;bs:5;\" class=\"rev-slidebg\" data-no-retina>\n<!--\n\t\t\t\t\t\t\t--><a\n\t\t\t\t\t\t\t\tid=\"slider-8-slide-18-layer-1\" \n\t\t\t\t\t\t\t\tclass=\"rs-layer Fashion-BigDisplay\"\n\t\t\t\t\t\t\t\thref=\"https:\/\/www.acreditacion.gob.ec\/\" target=\"_self\"\n\t\t\t\t\t\t\t\tdata-type=\"text\"\n\t\t\t\t\t\t\t\tdata-color=\"#ffffff\"\n\t\t\t\t\t\t\t\tdata-rsp_ch=\"on\"\n\t\t\t\t\t\t\t\tdata-xy=\"x:c;xo:2px;y:337px;\"\n\t\t\t\t\t\t\t\tdata-text=\"s:25;l:25;ls:2px;fw:900;a:inherit;\"\n\t\t\t\t\t\t\t\tdata-border=\"bos:solid;boc:#ffffff;bow:0,0,3px,0;\"\n\t\t\t\t\t\t\t\tdata-frame_0=\"sX:0.9;sY:0.9;\"\n\t\t\t\t\t\t\t\tdata-frame_1=\"st:3090;sp:1500;sR:3090;\"\n\t\t\t\t\t\t\t\tdata-frame_999=\"o:0;st:w;sR:4410;\"\n\t\t\t\t\t\t\t\tstyle=\"z-index:6;font-family:Raleway;cursor:pointer;\"\n\t\t\t\t\t\t\t>Ver alcance espec\u00edfico de acreditaci\u00f3n en: www.acreditacion.gob.ec \n\t\t\t\t\t\t\t<\/a><!--\n\n\t\t\t\t\t\t\t--><rs-layer\n\t\t\t\t\t\t\t\tid=\"slider-8-slide-18-layer-9\" \n\t\t\t\t\t\t\t\tclass=\"Fashion-BigDisplay\"\n\t\t\t\t\t\t\t\tdata-type=\"text\"\n\t\t\t\t\t\t\t\tdata-color=\"#ffcc00\"\n\t\t\t\t\t\t\t\tdata-rsp_ch=\"on\"\n\t\t\t\t\t\t\t\tdata-xy=\"x:c;y:208px;\"\n\t\t\t\t\t\t\t\tdata-text=\"s:60;l:60;ls:2px;a:inherit;\"\n\t\t\t\t\t\t\t\tdata-frame_0=\"o:1;\"\n\t\t\t\t\t\t\t\tdata-frame_0_chars=\"d:10;sX:0.8;sY:0.8;o:0;\"\n\t\t\t\t\t\t\t\tdata-frame_1=\"e:power4.out;st:1590;sp:800;sR:1590;\"\n\t\t\t\t\t\t\t\tdata-frame_1_chars=\"d:10;\"\n\t\t\t\t\t\t\t\tdata-frame_999=\"o:0;st:w;sp:200;sR:4410;\"\n\t\t\t\t\t\t\t\tstyle=\"z-index:5;font-family:Impact, Charcoal, sans-serif;cursor:pointer;\"\n\t\t\t\t\t\t\t>Laboratorio Electricidad CC y BF. \n\t\t\t\t\t\t\t<\/rs-layer><!--\n\n\t\t\t\t\t\t\t--><rs-layer\n\t\t\t\t\t\t\t\tid=\"slider-8-slide-18-layer-10\" \n\t\t\t\t\t\t\t\tclass=\"Fashion-BigDisplay\"\n\t\t\t\t\t\t\t\tdata-type=\"text\"\n\t\t\t\t\t\t\t\tdata-color=\"#ffffff\"\n\t\t\t\t\t\t\t\tdata-rsp_ch=\"on\"\n\t\t\t\t\t\t\t\tdata-xy=\"x:c;y:276px;\"\n\t\t\t\t\t\t\t\tdata-text=\"s:30;l:60;ls:2px;fw:900;a:inherit;\"\n\t\t\t\t\t\t\t\tdata-frame_0=\"sX:0.9;sY:0.9;\"\n\t\t\t\t\t\t\t\tdata-frame_1=\"st:3090;sp:1500;sR:3090;\"\n\t\t\t\t\t\t\t\tdata-frame_999=\"o:0;st:w;sR:4410;\"\n\t\t\t\t\t\t\t\tstyle=\"z-index:6;font-family:Raleway;cursor:pointer;\"\n\t\t\t\t\t\t\t>Acreditado para: pinzas amperim\u00e9tricas, mult\u00edmetros y meg\u00f3metros \n\t\t\t\t\t\t\t<\/rs-layer><!--\n\n\t\t\t\t\t\t\t--><rs-layer\n\t\t\t\t\t\t\t\tid=\"slider-8-slide-18-layer-11\" \n\t\t\t\t\t\t\t\tdata-type=\"image\"\n\t\t\t\t\t\t\t\tdata-rsp_ch=\"on\"\n\t\t\t\t\t\t\t\tdata-xy=\"x:c;y:8px;\"\n\t\t\t\t\t\t\t\tdata-text=\"l:22;fw:900;a:inherit;\"\n\t\t\t\t\t\t\t\tdata-dim=\"w:642px;h:233px;\"\n\t\t\t\t\t\t\t\tdata-frame_1=\"st:4700;sp:290;sR:4700;\"\n\t\t\t\t\t\t\t\tdata-frame_999=\"o:0;st:w;sR:4010;\"\n\t\t\t\t\t\t\t\tstyle=\"z-index:7;cursor:pointer;\"\n\t\t\t\t\t\t\t><img loading=\"lazy\" decoding=\"async\" src=\"\/\/www.tecniprecision.com\/ec\/wp-content\/uploads\/2023\/09\/011DEAC1-A212-46CA-B995-57EC35E6285A.png\" width=\"2200\" height=\"800\" data-no-retina> \n\t\t\t\t\t\t\t<\/rs-layer><!--\n\n\t\t\t\t\t\t\t--><rs-layer\n\t\t\t\t\t\t\t\tid=\"slider-8-slide-18-layer-20\" \n\t\t\t\t\t\t\t\tclass=\"rev-btn\"\n\t\t\t\t\t\t\t\tdata-type=\"button\"\n\t\t\t\t\t\t\t\tdata-color=\"rgba(255,255,255,1)\"\n\t\t\t\t\t\t\t\tdata-xy=\"x:c;y:413px;\"\n\t\t\t\t\t\t\t\tdata-text=\"s:17;l:17;fw:500;a:inherit;\"\n\t\t\t\t\t\t\t\tdata-actions='o:click;a:simplelink;target:\/\/_blank;url:http:\/\/www.tecniprecision.com\/ec\/cotizacion\/;'\n\t\t\t\t\t\t\t\tdata-rsp_bd=\"off\"\n\t\t\t\t\t\t\t\tdata-padding=\"t:12;r:35;b:12;l:35;\"\n\t\t\t\t\t\t\t\tdata-frame_1=\"st:4680;sR:4680;\"\n\t\t\t\t\t\t\t\tdata-frame_999=\"o:0;st:w;sp:290;sR:4020;\"\n\t\t\t\t\t\t\t\tdata-frame_hover=\"c:#000;bgc:#ffcc00;boc:#000;bor:0px,0px,0px,0px;bos:solid;oX:50;oY:50;sp:0;e:none;\"\n\t\t\t\t\t\t\t\tstyle=\"z-index:8;background-color:#ff1000;font-family:Roboto;cursor:pointer;outline:none;box-shadow:none;box-sizing:border-box;-moz-box-sizing:border-box;-webkit-box-sizing:border-box;\"\n\t\t\t\t\t\t\t>COTIZAR CALIBRACI\u00d3N <i class=\"fa fa-chevron-right\" aria-hidden=\"true\"><\/i> \n\t\t\t\t\t\t\t<\/rs-layer><!--\n-->\t\t\t\t\t\t<\/rs-slide>\n\t\t\t\t\t<\/rs-slides>\n\t\t\t\t<\/rs-module>\n\t\t\t\t<script type=\"text\/javascript\">\n\t\t\t\t\tsetREVStartSize({c: 'rev_slider_8_1',rl:[1240,1024,778,480],el:[600],gw:[1240],gh:[600],type:'standard',justify:'',layout:'fullwidth',mh:\"0\"});\n\t\t\t\t\tvar\trevapi8,\n\t\t\t\t\t\ttpj;\n\t\t\t\t\tfunction revinit_revslider81() {\n\t\t\t\t\tjQuery(function() {\n\t\t\t\t\t\ttpj = jQuery;\n\t\t\t\t\t\trevapi8 = tpj(\"#rev_slider_8_1\");\n\t\t\t\t\t\tif(revapi8==undefined || revapi8.revolution == undefined){\n\t\t\t\t\t\t\trevslider_showDoubleJqueryError(\"rev_slider_8_1\");\n\t\t\t\t\t\t}else{\n\t\t\t\t\t\t\trevapi8.revolution({\n\t\t\t\t\t\t\t\tdottedOverlay:\"twoxtwo\",\n\t\t\t\t\t\t\t\tvisibilityLevels:\"1240,1024,778,480\",\n\t\t\t\t\t\t\t\tgridwidth:1240,\n\t\t\t\t\t\t\t\tgridheight:600,\n\t\t\t\t\t\t\t\tperspective:600,\n\t\t\t\t\t\t\t\tperspectiveType:\"local\",\n\t\t\t\t\t\t\t\teditorheight:\"600,768,960,720\",\n\t\t\t\t\t\t\t\tresponsiveLevels:\"1240,1024,778,480\",\n\t\t\t\t\t\t\t\tprogressBar:{disableProgressBar:true},\n\t\t\t\t\t\t\t\tnavigation: {\n\t\t\t\t\t\t\t\t\tmouseScrollNavigation:false,\n\t\t\t\t\t\t\t\t\twheelCallDelay:1000,\n\t\t\t\t\t\t\t\t\tonHoverStop:false,\n\t\t\t\t\t\t\t\t\ttouch: {\n\t\t\t\t\t\t\t\t\t\ttouchenabled:true,\n\t\t\t\t\t\t\t\t\t\tswipe_min_touches:50\n\t\t\t\t\t\t\t\t\t}\n\t\t\t\t\t\t\t\t},\n\t\t\t\t\t\t\t\tparallax: {\n\t\t\t\t\t\t\t\t\tlevels:[2,3,4,5,6,7,12,16,10,50,47,48,49,50,51,55],\n\t\t\t\t\t\t\t\t\ttype:\"mouse\",\n\t\t\t\t\t\t\t\t\torigo:\"slidercenter\",\n\t\t\t\t\t\t\t\t\tspeed:2000\n\t\t\t\t\t\t\t\t},\n\t\t\t\t\t\t\t\tfallbacks: {\n\t\t\t\t\t\t\t\t\tallowHTML5AutoPlayOnAndroid:true\n\t\t\t\t\t\t\t\t},\n\t\t\t\t\t\t\t});\n\t\t\t\t\t\t}\n\t\t\t\t\t\t\n\t\t\t\t\t});\n\t\t\t\t\t} \/\/ End of RevInitScript\n\t\t\t\tvar once_revslider81 = false;\n\t\t\t\tif (document.readyState === \"loading\") {document.addEventListener('readystatechange',function() { if((document.readyState === \"interactive\" || document.readyState === \"complete\") && !once_revslider81 ) { once_revslider81 = true; revinit_revslider81();}});} else {once_revslider81 = true; revinit_revslider81();}\n\t\t\t\t<\/script>\n\t\t\t<\/rs-module-wrap>\n\t\t\t<!-- END REVOLUTION SLIDER -->\n[\/vc_column][\/vc_row][vc_row][vc_column]\r\n\t\t<div class=\"themesflat-spacer \" data-desktop=\"40\" data-mobile=\"40\" data-smobile=\"30\">\t\t\t\r\n\t\t<\/div>[vc_column_text]<\/p>\n<h3 style=\"font-size: 23px; margin-bottom: 15px; margin-top: 10px;\">Laboratorio Electricidad CC y BF.<\/h3>\n<p>[\/vc_column_text][vc_column_text]El labroatorio Electricidad CC y BF calibra equipos tales como:<\/p>\n<div style=\"letter-spacing: 0.13px;\">\n<p>Servicio Acreditado:<br \/>\n<a href=\"https:\/\/www.acreditacion.gob.ec\/\" target=\"_blank\" rel=\"noopener\">Ver alcance espec\u00edfico de acreditaci\u00f3n en: www.acreditacion.gob.ec<\/a><\/p>\n<ul class=\"themesflat-list\">\n<li><strong>Pinzas amperim\u00e9tricas.<\/strong><\/li>\n<li><strong>Mult\u00edmetros de 4 1\/2 d\u00edgitos.<\/strong><\/li>\n<li><strong>Medidor de aislamiento &#8211; Meg\u00f3hmetro digital.<\/strong><strong><br \/>\n<\/strong><\/li>\n<\/ul>\n<p>&nbsp;<\/p>\n<p>Servicio no Acreditado:<\/p>\n<ul class=\"themesflat-list\">\n<li><span style=\"color: #000000;\"><strong>Calibradores de proceso.<\/strong><\/span><\/li>\n<li><span style=\"color: #000000;\"><strong>Analizadores de calidad el\u00e9ctrica.<\/strong><\/span><\/li>\n<li><span style=\"color: #000000;\"><strong>Medidores de capacitancia.<\/strong><\/span><\/li>\n<li><span style=\"color: #000000;\"><strong>Indicadores de Fase.<\/strong><\/span><\/li>\n<li><span style=\"color: #000000;\"><strong>Secuencimetros.<\/strong><\/span><\/li>\n<li><span style=\"color: #000000;\"><strong>Pruebas de aislamiento (guantes diel\u00e9ctricos).<\/strong><\/span><\/li>\n<li><span style=\"color: #000000;\"><b>D\u00e9cada<\/b><b>\u00a0de resistencias.<\/b><\/span><\/li>\n<li><span style=\"color: #000000;\"><strong>Fuentes de voltaje.<\/strong><\/span><\/li>\n<li><span style=\"color: #000000;\"><b>Osciloscopios<\/b><b>.<\/b><\/span><\/li>\n<\/ul>\n<p><strong>Preguntas frecuentes:<\/strong><\/p>\n<\/div>\n<h5 class=\"title\"><a href=\"https:\/\/www.tecniprecision.com\/ec\/acreditacion-sae\/\">\u00bfQu\u00e9 significa que un laboratorio est\u00e9 acreditado?<\/a><\/h5>\n<p>[\/vc_column_text][\/vc_column][\/vc_row][vc_row][vc_column][vc_single_image image=&#8221;1044&#8243; img_size=&#8221;medium&#8221;][\/vc_column][\/vc_row]<\/p>\n","protected":false},"excerpt":{"rendered":"<p>[vc_row][vc_column][\/vc_column][\/vc_row][vc_row][vc_column][vc_column_text] Laboratorio Electricidad CC y BF. [\/vc_column_text][vc_column_text]El labroatorio Electricidad CC y BF calibra equipos tales como: Servicio Acreditado: Ver alcance espec\u00edfico de acreditaci\u00f3n en: www.acreditacion.gob.ec Pinzas amperim\u00e9tricas. Mult\u00edmetros de 4 1\/2 d\u00edgitos. Medidor de aislamiento &#8211; Meg\u00f3hmetro digital. &nbsp; Servicio no Acreditado: Calibradores de proceso. Analizadores de calidad el\u00e9ctrica. Medidores de capacitancia. Indicadores de Fase. [&hellip;]<\/p>\n","protected":false},"author":3,"featured_media":0,"parent":0,"menu_order":0,"comment_status":"closed","ping_status":"closed","template":"tpl\/page_single.php","meta":{"_joinchat":[],"footnotes":""},"class_list":["post-501","page","type-page","status-publish","hentry"],"yoast_head":"<!-- This site is optimized with the Yoast SEO plugin v26.2 - https:\/\/yoast.com\/wordpress\/plugins\/seo\/ -->\n<title>Calibraci\u00f3n Electricidad CC y BF - Tecniprecision Cia. Ltda.<\/title>\n<meta name=\"description\" content=\"Calibraci\u00f3n magnitud Electricidad CC y BF. Servicio de calibraci\u00f3n acreditado SAE para pinzas amperim\u00e9tricas y mult\u00edmetros.\" \/>\n<meta name=\"robots\" content=\"index, follow, max-snippet:-1, max-image-preview:large, max-video-preview:-1\" \/>\n<link rel=\"canonical\" href=\"https:\/\/www.tecniprecision.com\/ec\/electricidad-cc-y-bf\/\" \/>\n<meta property=\"og:locale\" content=\"es_ES\" \/>\n<meta property=\"og:type\" content=\"article\" \/>\n<meta property=\"og:title\" content=\"Calibraci\u00f3n Electricidad CC y BF - Tecniprecision Cia. Ltda.\" \/>\n<meta property=\"og:description\" content=\"Calibraci\u00f3n magnitud Electricidad CC y BF. Servicio de calibraci\u00f3n acreditado SAE para pinzas amperim\u00e9tricas y mult\u00edmetros.\" \/>\n<meta property=\"og:url\" content=\"https:\/\/www.tecniprecision.com\/ec\/electricidad-cc-y-bf\/\" \/>\n<meta property=\"og:site_name\" content=\"Tecniprecision Cia. Ltda.\" \/>\n<meta property=\"article:publisher\" content=\"https:\/\/www.facebook.com\/Tecniprecision\" \/>\n<meta property=\"article:modified_time\" content=\"2025-07-11T16:30:52+00:00\" \/>\n<meta name=\"twitter:card\" content=\"summary_large_image\" \/>\n<meta name=\"twitter:site\" content=\"@tecniprecision1\" \/>\n<meta name=\"twitter:label1\" content=\"Tiempo de lectura\" \/>\n\t<meta name=\"twitter:data1\" content=\"1 minuto\" \/>\n<script type=\"application\/ld+json\" class=\"yoast-schema-graph\">{\"@context\":\"https:\/\/schema.org\",\"@graph\":[{\"@type\":\"WebPage\",\"@id\":\"https:\/\/www.tecniprecision.com\/ec\/electricidad-cc-y-bf\/\",\"url\":\"https:\/\/www.tecniprecision.com\/ec\/electricidad-cc-y-bf\/\",\"name\":\"Calibraci\u00f3n Electricidad CC y BF - Tecniprecision Cia. Ltda.\",\"isPartOf\":{\"@id\":\"https:\/\/www.tecniprecision.com\/ec\/#website\"},\"datePublished\":\"2020-12-14T14:19:39+00:00\",\"dateModified\":\"2025-07-11T16:30:52+00:00\",\"description\":\"Calibraci\u00f3n magnitud Electricidad CC y BF. Servicio de calibraci\u00f3n acreditado SAE para pinzas amperim\u00e9tricas y mult\u00edmetros.\",\"breadcrumb\":{\"@id\":\"https:\/\/www.tecniprecision.com\/ec\/electricidad-cc-y-bf\/#breadcrumb\"},\"inLanguage\":\"es\",\"potentialAction\":[{\"@type\":\"ReadAction\",\"target\":[\"https:\/\/www.tecniprecision.com\/ec\/electricidad-cc-y-bf\/\"]}]},{\"@type\":\"BreadcrumbList\",\"@id\":\"https:\/\/www.tecniprecision.com\/ec\/electricidad-cc-y-bf\/#breadcrumb\",\"itemListElement\":[{\"@type\":\"ListItem\",\"position\":1,\"name\":\"Portada\",\"item\":\"https:\/\/www.tecniprecision.com\/ec\/\"},{\"@type\":\"ListItem\",\"position\":2,\"name\":\"Electricidad CC y BF\"}]},{\"@type\":\"WebSite\",\"@id\":\"https:\/\/www.tecniprecision.com\/ec\/#website\",\"url\":\"https:\/\/www.tecniprecision.com\/ec\/\",\"name\":\"Tecniprecision Cia. Ltda.\",\"description\":\"Calibraci\u00f3n de instrumentos y equipos de medici\u00f3n\",\"publisher\":{\"@id\":\"https:\/\/www.tecniprecision.com\/ec\/#organization\"},\"potentialAction\":[{\"@type\":\"SearchAction\",\"target\":{\"@type\":\"EntryPoint\",\"urlTemplate\":\"https:\/\/www.tecniprecision.com\/ec\/?s={search_term_string}\"},\"query-input\":{\"@type\":\"PropertyValueSpecification\",\"valueRequired\":true,\"valueName\":\"search_term_string\"}}],\"inLanguage\":\"es\"},{\"@type\":\"Organization\",\"@id\":\"https:\/\/www.tecniprecision.com\/ec\/#organization\",\"name\":\"Tecniprecisi\u00f3n C\u00eda. Ltda.\",\"url\":\"https:\/\/www.tecniprecision.com\/ec\/\",\"logo\":{\"@type\":\"ImageObject\",\"inLanguage\":\"es\",\"@id\":\"https:\/\/www.tecniprecision.com\/ec\/#\/schema\/logo\/image\/\",\"url\":\"https:\/\/www.tecniprecision.com\/ec\/wp-content\/uploads\/2020\/11\/Logo-180x60-1.png\",\"contentUrl\":\"https:\/\/www.tecniprecision.com\/ec\/wp-content\/uploads\/2020\/11\/Logo-180x60-1.png\",\"width\":277,\"height\":91,\"caption\":\"Tecniprecisi\u00f3n C\u00eda. Ltda.\"},\"image\":{\"@id\":\"https:\/\/www.tecniprecision.com\/ec\/#\/schema\/logo\/image\/\"},\"sameAs\":[\"https:\/\/www.facebook.com\/Tecniprecision\",\"https:\/\/x.com\/tecniprecision1\",\"https:\/\/www.instagram.com\/tecniprecision\/\",\"https:\/\/www.linkedin.com\/in\/tecniprecisi\u00f3n-cia-ltda-2a0755142\/\",\"https:\/\/www.youtube.com\/channel\/UCwnxcuI7Zo0tfYNIw_6OAuA\"]}]}<\/script>\n<!-- \/ Yoast SEO plugin. -->","yoast_head_json":{"title":"Calibraci\u00f3n Electricidad CC y BF - Tecniprecision Cia. Ltda.","description":"Calibraci\u00f3n magnitud Electricidad CC y BF. Servicio de calibraci\u00f3n acreditado SAE para pinzas amperim\u00e9tricas y mult\u00edmetros.","robots":{"index":"index","follow":"follow","max-snippet":"max-snippet:-1","max-image-preview":"max-image-preview:large","max-video-preview":"max-video-preview:-1"},"canonical":"https:\/\/www.tecniprecision.com\/ec\/electricidad-cc-y-bf\/","og_locale":"es_ES","og_type":"article","og_title":"Calibraci\u00f3n Electricidad CC y BF - Tecniprecision Cia. Ltda.","og_description":"Calibraci\u00f3n magnitud Electricidad CC y BF. Servicio de calibraci\u00f3n acreditado SAE para pinzas amperim\u00e9tricas y mult\u00edmetros.","og_url":"https:\/\/www.tecniprecision.com\/ec\/electricidad-cc-y-bf\/","og_site_name":"Tecniprecision Cia. Ltda.","article_publisher":"https:\/\/www.facebook.com\/Tecniprecision","article_modified_time":"2025-07-11T16:30:52+00:00","twitter_card":"summary_large_image","twitter_site":"@tecniprecision1","twitter_misc":{"Tiempo de lectura":"1 minuto"},"schema":{"@context":"https:\/\/schema.org","@graph":[{"@type":"WebPage","@id":"https:\/\/www.tecniprecision.com\/ec\/electricidad-cc-y-bf\/","url":"https:\/\/www.tecniprecision.com\/ec\/electricidad-cc-y-bf\/","name":"Calibraci\u00f3n Electricidad CC y BF - Tecniprecision Cia. Ltda.","isPartOf":{"@id":"https:\/\/www.tecniprecision.com\/ec\/#website"},"datePublished":"2020-12-14T14:19:39+00:00","dateModified":"2025-07-11T16:30:52+00:00","description":"Calibraci\u00f3n magnitud Electricidad CC y BF. Servicio de calibraci\u00f3n acreditado SAE para pinzas amperim\u00e9tricas y mult\u00edmetros.","breadcrumb":{"@id":"https:\/\/www.tecniprecision.com\/ec\/electricidad-cc-y-bf\/#breadcrumb"},"inLanguage":"es","potentialAction":[{"@type":"ReadAction","target":["https:\/\/www.tecniprecision.com\/ec\/electricidad-cc-y-bf\/"]}]},{"@type":"BreadcrumbList","@id":"https:\/\/www.tecniprecision.com\/ec\/electricidad-cc-y-bf\/#breadcrumb","itemListElement":[{"@type":"ListItem","position":1,"name":"Portada","item":"https:\/\/www.tecniprecision.com\/ec\/"},{"@type":"ListItem","position":2,"name":"Electricidad CC y BF"}]},{"@type":"WebSite","@id":"https:\/\/www.tecniprecision.com\/ec\/#website","url":"https:\/\/www.tecniprecision.com\/ec\/","name":"Tecniprecision Cia. Ltda.","description":"Calibraci\u00f3n de instrumentos y equipos de medici\u00f3n","publisher":{"@id":"https:\/\/www.tecniprecision.com\/ec\/#organization"},"potentialAction":[{"@type":"SearchAction","target":{"@type":"EntryPoint","urlTemplate":"https:\/\/www.tecniprecision.com\/ec\/?s={search_term_string}"},"query-input":{"@type":"PropertyValueSpecification","valueRequired":true,"valueName":"search_term_string"}}],"inLanguage":"es"},{"@type":"Organization","@id":"https:\/\/www.tecniprecision.com\/ec\/#organization","name":"Tecniprecisi\u00f3n C\u00eda. Ltda.","url":"https:\/\/www.tecniprecision.com\/ec\/","logo":{"@type":"ImageObject","inLanguage":"es","@id":"https:\/\/www.tecniprecision.com\/ec\/#\/schema\/logo\/image\/","url":"https:\/\/www.tecniprecision.com\/ec\/wp-content\/uploads\/2020\/11\/Logo-180x60-1.png","contentUrl":"https:\/\/www.tecniprecision.com\/ec\/wp-content\/uploads\/2020\/11\/Logo-180x60-1.png","width":277,"height":91,"caption":"Tecniprecisi\u00f3n C\u00eda. Ltda."},"image":{"@id":"https:\/\/www.tecniprecision.com\/ec\/#\/schema\/logo\/image\/"},"sameAs":["https:\/\/www.facebook.com\/Tecniprecision","https:\/\/x.com\/tecniprecision1","https:\/\/www.instagram.com\/tecniprecision\/","https:\/\/www.linkedin.com\/in\/tecniprecisi\u00f3n-cia-ltda-2a0755142\/","https:\/\/www.youtube.com\/channel\/UCwnxcuI7Zo0tfYNIw_6OAuA"]}]}},"_links":{"self":[{"href":"https:\/\/www.tecniprecision.com\/ec\/wp-json\/wp\/v2\/pages\/501","targetHints":{"allow":["GET"]}}],"collection":[{"href":"https:\/\/www.tecniprecision.com\/ec\/wp-json\/wp\/v2\/pages"}],"about":[{"href":"https:\/\/www.tecniprecision.com\/ec\/wp-json\/wp\/v2\/types\/page"}],"author":[{"embeddable":true,"href":"https:\/\/www.tecniprecision.com\/ec\/wp-json\/wp\/v2\/users\/3"}],"replies":[{"embeddable":true,"href":"https:\/\/www.tecniprecision.com\/ec\/wp-json\/wp\/v2\/comments?post=501"}],"version-history":[{"count":20,"href":"https:\/\/www.tecniprecision.com\/ec\/wp-json\/wp\/v2\/pages\/501\/revisions"}],"predecessor-version":[{"id":1917,"href":"https:\/\/www.tecniprecision.com\/ec\/wp-json\/wp\/v2\/pages\/501\/revisions\/1917"}],"wp:attachment":[{"href":"https:\/\/www.tecniprecision.com\/ec\/wp-json\/wp\/v2\/media?parent=501"}],"curies":[{"name":"wp","href":"https:\/\/api.w.org\/{rel}","templated":true}]}}