{"id":478,"date":"2020-12-08T21:37:14","date_gmt":"2020-12-08T21:37:14","guid":{"rendered":"http:\/\/www.tecniprecision.com\/ec\/?page_id=478"},"modified":"2025-08-18T12:07:06","modified_gmt":"2025-08-18T17:07:06","slug":"atencion-a-quejas-y-reclamos","status":"publish","type":"page","link":"https:\/\/www.tecniprecision.com\/ec\/atencion-a-quejas-y-reclamos\/","title":{"rendered":"Quejas y reclamos"},"content":{"rendered":"<p>[vc_row parallax_speed=&#8221;4&#8243; parallax_x=&#8221;4&#8243; parallax_y=&#8221;4&#8243; css=&#8221;.vc_custom_1493806806900{padding-bottom: 0px !important;}&#8221;][vc_column width=&#8221;1\/2&#8243; css=&#8221;.vc_custom_1608303478607{background-color: #e0e0e0 !important;}&#8221;]<div class=\"title-section   vc_custom_1607463416352 \">\r\n\t\t<h2 class=\"title\">\r\n\t\t\tQUEJAS Y RECLAMOS\t\t\t\r\n\t\t<\/h2>\t\t\r\n\t\t\r\n\t\t\t<div class=\"title-content\">\r\n\t\t\t\t<div style=\"margin-top: -11px;\">D\u00e9janos el motivo de su queja o reclamo para que podamos darle soluci\u00f3n, por favor especificar sus datos correctamente en los campos indicados.<\/div>\n\r\n\t\t\t<\/div>\r\n\r\n\t<\/div>\n<div class=\"wpcf7 no-js\" id=\"wpcf7-f477-o1\" lang=\"es-ES\" dir=\"ltr\" data-wpcf7-id=\"477\">\n<div class=\"screen-reader-response\"><p role=\"status\" aria-live=\"polite\" aria-atomic=\"true\"><\/p> <ul><\/ul><\/div>\n<form action=\"\/ec\/wp-json\/wp\/v2\/pages\/478#wpcf7-f477-o1\" method=\"post\" class=\"wpcf7-form init\" aria-label=\"Formulario de contacto\" novalidate=\"novalidate\" data-status=\"init\">\n<fieldset class=\"hidden-fields-container\"><input type=\"hidden\" name=\"_wpcf7\" value=\"477\" \/><input type=\"hidden\" name=\"_wpcf7_version\" value=\"6.1.2\" \/><input type=\"hidden\" name=\"_wpcf7_locale\" value=\"es_ES\" \/><input type=\"hidden\" name=\"_wpcf7_unit_tag\" value=\"wpcf7-f477-o1\" \/><input type=\"hidden\" name=\"_wpcf7_container_post\" value=\"0\" \/><input type=\"hidden\" name=\"_wpcf7_posted_data_hash\" value=\"\" \/><input type=\"hidden\" name=\"_wpcf7cf_hidden_group_fields\" value=\"[]\" \/><input type=\"hidden\" name=\"_wpcf7cf_hidden_groups\" value=\"[]\" \/><input type=\"hidden\" name=\"_wpcf7cf_visible_groups\" value=\"[]\" \/><input type=\"hidden\" name=\"_wpcf7cf_repeaters\" value=\"[]\" \/><input type=\"hidden\" name=\"_wpcf7cf_steps\" value=\"{}\" \/><input type=\"hidden\" name=\"_wpcf7cf_options\" value=\"{&quot;form_id&quot;:477,&quot;conditions&quot;:[],&quot;settings&quot;:{&quot;animation&quot;:&quot;yes&quot;,&quot;animation_intime&quot;:200,&quot;animation_outtime&quot;:200,&quot;conditions_ui&quot;:&quot;normal&quot;,&quot;notice_dismissed&quot;:false}}\" \/><input type=\"hidden\" name=\"_wpcf7_recaptcha_response\" value=\"\" \/>\n<\/fieldset>\n<div class=\"uacf7-form-wrapper-container uacf7-form-477  \"><div class=\"row gutter-10 contactform4\">\n<div class=\"col-sm-6\"><span class=\"wpcf7-form-control-wrap\" data-name=\"your-empresa\"><input size=\"40\" maxlength=\"400\" class=\"wpcf7-form-control wpcf7-text wpcf7-validates-as-required\" aria-required=\"true\" aria-invalid=\"false\" placeholder=\"Nombre de la empresa*\" value=\"\" type=\"text\" name=\"your-empresa\" \/><\/span><\/div>\n<div class=\"col-sm-6\"><span class=\"wpcf7-form-control-wrap\" data-name=\"date-158\"><input class=\"wpcf7-form-control wpcf7-date wpcf7-validates-as-required wpcf7-validates-as-date\" aria-required=\"true\" aria-invalid=\"false\" placeholder=\"Fecha*\" value=\"\" type=\"date\" name=\"date-158\" \/><\/span><\/div>\n<div class=\"col-sm-6\"><span class=\"wpcf7-form-control-wrap\" data-name=\"your-name\"><input size=\"40\" maxlength=\"400\" class=\"wpcf7-form-control wpcf7-text wpcf7-validates-as-required\" aria-required=\"true\" aria-invalid=\"false\" placeholder=\"Remitente de la queja o reclamo*\" value=\"\" type=\"text\" name=\"your-name\" \/><\/span><\/div>\n<div class=\"col-sm-6\"> <span class=\"wpcf7-form-control-wrap\" data-name=\"your-cargo\"><input size=\"40\" maxlength=\"400\" class=\"wpcf7-form-control wpcf7-text wpcf7-validates-as-required\" aria-required=\"true\" aria-invalid=\"false\" placeholder=\"Cargo*\" value=\"\" type=\"text\" name=\"your-cargo\" \/><\/span> <\/div>\n<div class=\"col-sm-6\"><span class=\"wpcf7-form-control-wrap\" data-name=\"your-email\"><input size=\"40\" maxlength=\"400\" class=\"wpcf7-form-control wpcf7-email wpcf7-validates-as-required wpcf7-text wpcf7-validates-as-email\" aria-required=\"true\" aria-invalid=\"false\" placeholder=\"Email de contacto*\" value=\"\" type=\"email\" name=\"your-email\" \/><\/span><\/div>\n<div class=\"col-sm-6\"> <span class=\"wpcf7-form-control-wrap\" data-name=\"your-phone\"><input size=\"40\" maxlength=\"400\" class=\"wpcf7-form-control wpcf7-text wpcf7-validates-as-required\" aria-required=\"true\" aria-invalid=\"false\" placeholder=\"Tel\u00e9fono*\" value=\"\" type=\"text\" name=\"your-phone\" \/><\/span> <\/div>\n<div class=\"col-sm-12\"><span class=\"wpcf7-form-control-wrap\" data-name=\"your-message\"><textarea cols=\"40\" rows=\"10\" maxlength=\"2000\" class=\"wpcf7-form-control wpcf7-textarea\" aria-invalid=\"false\" placeholder=\"D\u00e9jenos saber el motivo de su queja*\" name=\"your-message\"><\/textarea><\/span> <\/div>\n<div class=\"col-sm-12\"><span class=\"wpcf7-form-control-wrap recaptcha\" data-name=\"recaptcha\"><span data-sitekey=\"6Lc1paQdAAAAAGuCm0oBbb_Ehbpnyy1KljXEIMx2\" class=\"wpcf7-form-control wpcf7-recaptcha g-recaptcha\"><\/span>\r\n<noscript>\r\n\t<div class=\"grecaptcha-noscript\">\r\n\t\t<iframe loading=\"lazy\" src=\"https:\/\/www.google.com\/recaptcha\/api\/fallback?k=6Lc1paQdAAAAAGuCm0oBbb_Ehbpnyy1KljXEIMx2\" frameborder=\"0\" scrolling=\"no\" width=\"310\" height=\"430\">\r\n\t\t<\/iframe>\r\n\t\t<textarea name=\"g-recaptcha-response\" rows=\"3\" cols=\"40\" placeholder=\"Aqu\u00ed la respuesta de reCAPTCHA\">\r\n\t\t<\/textarea>\r\n\t<\/div>\r\n<\/noscript>\r\n<\/span><\/div>\n<div class=\"col-sm-12\"><input class=\"wpcf7-form-control wpcf7-submit has-spinner\" type=\"submit\" value=\"ENVIAR\" \/><\/div>\n<\/div><\/div><p style=\"display: none !important;\" class=\"akismet-fields-container\" data-prefix=\"_wpcf7_ak_\"><label>&#916;<textarea name=\"_wpcf7_ak_hp_textarea\" cols=\"45\" rows=\"8\" maxlength=\"100\"><\/textarea><\/label><input type=\"hidden\" id=\"ak_js_1\" name=\"_wpcf7_ak_js\" value=\"213\"\/><script>document.getElementById( \"ak_js_1\" ).setAttribute( \"value\", ( new Date() ).getTime() );<\/script><\/p><input type='hidden' class='wpcf7-pum' value='{\"closepopup\":false,\"closedelay\":0,\"openpopup\":false,\"openpopup_id\":0}' \/><div class=\"wpcf7-response-output\" aria-hidden=\"true\"><\/div>\n<\/form>\n<\/div>\n\r\n\t\t<div class=\"themesflat-spacer \" data-desktop=\"60\" data-mobile=\"40\" data-smobile=\"30\">\t\t\t\r\n\t\t<\/div>[\/vc_column][vc_column width=&#8221;1\/2&#8243;][vc_single_image image=&#8221;495&#8243; img_size=&#8221;full&#8221;][vc_btn title=&#8221;PROCESO DE ATENCI\u00d3N A QUEJAS&#8221; shape=&#8221;square&#8221; color=&#8221;green&#8221; align=&#8221;center&#8221; link=&#8221;url:https%3A%2F%2Fwww.tecniprecision.com%2Fec%2Fwp-content%2Fuploads%2F2025%2F08%2FPROCESO-DE-ATENCION-DE-QUEJAS.pdf|target:_blank&#8221;][\/vc_column][\/vc_row]<\/p>\n","protected":false},"excerpt":{"rendered":"<p>[vc_row parallax_speed=&#8221;4&#8243; parallax_x=&#8221;4&#8243; parallax_y=&#8221;4&#8243; css=&#8221;.vc_custom_1493806806900{padding-bottom: 0px !important;}&#8221;][vc_column width=&#8221;1\/2&#8243; css=&#8221;.vc_custom_1608303478607{background-color: #e0e0e0 !important;}&#8221;][\/vc_column][vc_column width=&#8221;1\/2&#8243;][vc_single_image image=&#8221;495&#8243; img_size=&#8221;full&#8221;][vc_btn title=&#8221;PROCESO DE ATENCI\u00d3N A QUEJAS&#8221; shape=&#8221;square&#8221; color=&#8221;green&#8221; align=&#8221;center&#8221; link=&#8221;url:https%3A%2F%2Fwww.tecniprecision.com%2Fec%2Fwp-content%2Fuploads%2F2025%2F08%2FPROCESO-DE-ATENCION-DE-QUEJAS.pdf|target:_blank&#8221;][\/vc_column][\/vc_row]<\/p>\n","protected":false},"author":3,"featured_media":0,"parent":0,"menu_order":0,"comment_status":"closed","ping_status":"closed","template":"tpl\/page_single.php","meta":{"_joinchat":[],"footnotes":""},"class_list":["post-478","page","type-page","status-publish","hentry"],"yoast_head":"<!-- This site is optimized with the Yoast SEO plugin v26.2 - https:\/\/yoast.com\/wordpress\/plugins\/seo\/ -->\n<title>Atenci\u00f3n a quejas y reclamos - Tecniprecision Cia. Ltda.<\/title>\n<meta name=\"description\" content=\"Atenci\u00f3n a quejas y reclamos. Nuestro servicio se basa en la satisfacci\u00f3n del cliente, no dude en escribirnos y contarnos sus inquietudes.\" \/>\n<meta name=\"robots\" content=\"index, follow, max-snippet:-1, max-image-preview:large, max-video-preview:-1\" \/>\n<link rel=\"canonical\" href=\"https:\/\/www.tecniprecision.com\/ec\/atencion-a-quejas-y-reclamos\/\" \/>\n<meta property=\"og:locale\" content=\"es_ES\" \/>\n<meta property=\"og:type\" content=\"article\" \/>\n<meta property=\"og:title\" content=\"Atenci\u00f3n a quejas y reclamos - Tecniprecision Cia. Ltda.\" \/>\n<meta property=\"og:description\" content=\"Atenci\u00f3n a quejas y reclamos. Nuestro servicio se basa en la satisfacci\u00f3n del cliente, no dude en escribirnos y contarnos sus inquietudes.\" \/>\n<meta property=\"og:url\" content=\"https:\/\/www.tecniprecision.com\/ec\/atencion-a-quejas-y-reclamos\/\" \/>\n<meta property=\"og:site_name\" content=\"Tecniprecision Cia. Ltda.\" \/>\n<meta property=\"article:publisher\" content=\"https:\/\/www.facebook.com\/Tecniprecision\" \/>\n<meta property=\"article:modified_time\" content=\"2025-08-18T17:07:06+00:00\" \/>\n<meta name=\"twitter:card\" content=\"summary_large_image\" \/>\n<meta name=\"twitter:site\" content=\"@tecniprecision1\" \/>\n<meta name=\"twitter:label1\" content=\"Tiempo de lectura\" \/>\n\t<meta name=\"twitter:data1\" content=\"1 minuto\" \/>\n<script type=\"application\/ld+json\" class=\"yoast-schema-graph\">{\"@context\":\"https:\/\/schema.org\",\"@graph\":[{\"@type\":\"WebPage\",\"@id\":\"https:\/\/www.tecniprecision.com\/ec\/atencion-a-quejas-y-reclamos\/\",\"url\":\"https:\/\/www.tecniprecision.com\/ec\/atencion-a-quejas-y-reclamos\/\",\"name\":\"Atenci\u00f3n a quejas y reclamos - Tecniprecision Cia. Ltda.\",\"isPartOf\":{\"@id\":\"https:\/\/www.tecniprecision.com\/ec\/#website\"},\"datePublished\":\"2020-12-08T21:37:14+00:00\",\"dateModified\":\"2025-08-18T17:07:06+00:00\",\"description\":\"Atenci\u00f3n a quejas y reclamos. Nuestro servicio se basa en la satisfacci\u00f3n del cliente, no dude en escribirnos y contarnos sus inquietudes.\",\"breadcrumb\":{\"@id\":\"https:\/\/www.tecniprecision.com\/ec\/atencion-a-quejas-y-reclamos\/#breadcrumb\"},\"inLanguage\":\"es\",\"potentialAction\":[{\"@type\":\"ReadAction\",\"target\":[\"https:\/\/www.tecniprecision.com\/ec\/atencion-a-quejas-y-reclamos\/\"]}]},{\"@type\":\"BreadcrumbList\",\"@id\":\"https:\/\/www.tecniprecision.com\/ec\/atencion-a-quejas-y-reclamos\/#breadcrumb\",\"itemListElement\":[{\"@type\":\"ListItem\",\"position\":1,\"name\":\"Portada\",\"item\":\"https:\/\/www.tecniprecision.com\/ec\/\"},{\"@type\":\"ListItem\",\"position\":2,\"name\":\"Quejas y reclamos\"}]},{\"@type\":\"WebSite\",\"@id\":\"https:\/\/www.tecniprecision.com\/ec\/#website\",\"url\":\"https:\/\/www.tecniprecision.com\/ec\/\",\"name\":\"Tecniprecision Cia. Ltda.\",\"description\":\"Calibraci\u00f3n de instrumentos y equipos de medici\u00f3n\",\"publisher\":{\"@id\":\"https:\/\/www.tecniprecision.com\/ec\/#organization\"},\"potentialAction\":[{\"@type\":\"SearchAction\",\"target\":{\"@type\":\"EntryPoint\",\"urlTemplate\":\"https:\/\/www.tecniprecision.com\/ec\/?s={search_term_string}\"},\"query-input\":{\"@type\":\"PropertyValueSpecification\",\"valueRequired\":true,\"valueName\":\"search_term_string\"}}],\"inLanguage\":\"es\"},{\"@type\":\"Organization\",\"@id\":\"https:\/\/www.tecniprecision.com\/ec\/#organization\",\"name\":\"Tecniprecisi\u00f3n C\u00eda. Ltda.\",\"url\":\"https:\/\/www.tecniprecision.com\/ec\/\",\"logo\":{\"@type\":\"ImageObject\",\"inLanguage\":\"es\",\"@id\":\"https:\/\/www.tecniprecision.com\/ec\/#\/schema\/logo\/image\/\",\"url\":\"https:\/\/www.tecniprecision.com\/ec\/wp-content\/uploads\/2020\/11\/Logo-180x60-1.png\",\"contentUrl\":\"https:\/\/www.tecniprecision.com\/ec\/wp-content\/uploads\/2020\/11\/Logo-180x60-1.png\",\"width\":277,\"height\":91,\"caption\":\"Tecniprecisi\u00f3n C\u00eda. Ltda.\"},\"image\":{\"@id\":\"https:\/\/www.tecniprecision.com\/ec\/#\/schema\/logo\/image\/\"},\"sameAs\":[\"https:\/\/www.facebook.com\/Tecniprecision\",\"https:\/\/x.com\/tecniprecision1\",\"https:\/\/www.instagram.com\/tecniprecision\/\",\"https:\/\/www.linkedin.com\/in\/tecniprecisi\u00f3n-cia-ltda-2a0755142\/\",\"https:\/\/www.youtube.com\/channel\/UCwnxcuI7Zo0tfYNIw_6OAuA\"]}]}<\/script>\n<!-- \/ Yoast SEO plugin. -->","yoast_head_json":{"title":"Atenci\u00f3n a quejas y reclamos - Tecniprecision Cia. Ltda.","description":"Atenci\u00f3n a quejas y reclamos. Nuestro servicio se basa en la satisfacci\u00f3n del cliente, no dude en escribirnos y contarnos sus inquietudes.","robots":{"index":"index","follow":"follow","max-snippet":"max-snippet:-1","max-image-preview":"max-image-preview:large","max-video-preview":"max-video-preview:-1"},"canonical":"https:\/\/www.tecniprecision.com\/ec\/atencion-a-quejas-y-reclamos\/","og_locale":"es_ES","og_type":"article","og_title":"Atenci\u00f3n a quejas y reclamos - Tecniprecision Cia. Ltda.","og_description":"Atenci\u00f3n a quejas y reclamos. Nuestro servicio se basa en la satisfacci\u00f3n del cliente, no dude en escribirnos y contarnos sus inquietudes.","og_url":"https:\/\/www.tecniprecision.com\/ec\/atencion-a-quejas-y-reclamos\/","og_site_name":"Tecniprecision Cia. Ltda.","article_publisher":"https:\/\/www.facebook.com\/Tecniprecision","article_modified_time":"2025-08-18T17:07:06+00:00","twitter_card":"summary_large_image","twitter_site":"@tecniprecision1","twitter_misc":{"Tiempo de lectura":"1 minuto"},"schema":{"@context":"https:\/\/schema.org","@graph":[{"@type":"WebPage","@id":"https:\/\/www.tecniprecision.com\/ec\/atencion-a-quejas-y-reclamos\/","url":"https:\/\/www.tecniprecision.com\/ec\/atencion-a-quejas-y-reclamos\/","name":"Atenci\u00f3n a quejas y reclamos - Tecniprecision Cia. Ltda.","isPartOf":{"@id":"https:\/\/www.tecniprecision.com\/ec\/#website"},"datePublished":"2020-12-08T21:37:14+00:00","dateModified":"2025-08-18T17:07:06+00:00","description":"Atenci\u00f3n a quejas y reclamos. Nuestro servicio se basa en la satisfacci\u00f3n del cliente, no dude en escribirnos y contarnos sus inquietudes.","breadcrumb":{"@id":"https:\/\/www.tecniprecision.com\/ec\/atencion-a-quejas-y-reclamos\/#breadcrumb"},"inLanguage":"es","potentialAction":[{"@type":"ReadAction","target":["https:\/\/www.tecniprecision.com\/ec\/atencion-a-quejas-y-reclamos\/"]}]},{"@type":"BreadcrumbList","@id":"https:\/\/www.tecniprecision.com\/ec\/atencion-a-quejas-y-reclamos\/#breadcrumb","itemListElement":[{"@type":"ListItem","position":1,"name":"Portada","item":"https:\/\/www.tecniprecision.com\/ec\/"},{"@type":"ListItem","position":2,"name":"Quejas y reclamos"}]},{"@type":"WebSite","@id":"https:\/\/www.tecniprecision.com\/ec\/#website","url":"https:\/\/www.tecniprecision.com\/ec\/","name":"Tecniprecision Cia. Ltda.","description":"Calibraci\u00f3n de instrumentos y equipos de medici\u00f3n","publisher":{"@id":"https:\/\/www.tecniprecision.com\/ec\/#organization"},"potentialAction":[{"@type":"SearchAction","target":{"@type":"EntryPoint","urlTemplate":"https:\/\/www.tecniprecision.com\/ec\/?s={search_term_string}"},"query-input":{"@type":"PropertyValueSpecification","valueRequired":true,"valueName":"search_term_string"}}],"inLanguage":"es"},{"@type":"Organization","@id":"https:\/\/www.tecniprecision.com\/ec\/#organization","name":"Tecniprecisi\u00f3n C\u00eda. Ltda.","url":"https:\/\/www.tecniprecision.com\/ec\/","logo":{"@type":"ImageObject","inLanguage":"es","@id":"https:\/\/www.tecniprecision.com\/ec\/#\/schema\/logo\/image\/","url":"https:\/\/www.tecniprecision.com\/ec\/wp-content\/uploads\/2020\/11\/Logo-180x60-1.png","contentUrl":"https:\/\/www.tecniprecision.com\/ec\/wp-content\/uploads\/2020\/11\/Logo-180x60-1.png","width":277,"height":91,"caption":"Tecniprecisi\u00f3n C\u00eda. Ltda."},"image":{"@id":"https:\/\/www.tecniprecision.com\/ec\/#\/schema\/logo\/image\/"},"sameAs":["https:\/\/www.facebook.com\/Tecniprecision","https:\/\/x.com\/tecniprecision1","https:\/\/www.instagram.com\/tecniprecision\/","https:\/\/www.linkedin.com\/in\/tecniprecisi\u00f3n-cia-ltda-2a0755142\/","https:\/\/www.youtube.com\/channel\/UCwnxcuI7Zo0tfYNIw_6OAuA"]}]}},"_links":{"self":[{"href":"https:\/\/www.tecniprecision.com\/ec\/wp-json\/wp\/v2\/pages\/478","targetHints":{"allow":["GET"]}}],"collection":[{"href":"https:\/\/www.tecniprecision.com\/ec\/wp-json\/wp\/v2\/pages"}],"about":[{"href":"https:\/\/www.tecniprecision.com\/ec\/wp-json\/wp\/v2\/types\/page"}],"author":[{"embeddable":true,"href":"https:\/\/www.tecniprecision.com\/ec\/wp-json\/wp\/v2\/users\/3"}],"replies":[{"embeddable":true,"href":"https:\/\/www.tecniprecision.com\/ec\/wp-json\/wp\/v2\/comments?post=478"}],"version-history":[{"count":16,"href":"https:\/\/www.tecniprecision.com\/ec\/wp-json\/wp\/v2\/pages\/478\/revisions"}],"predecessor-version":[{"id":2044,"href":"https:\/\/www.tecniprecision.com\/ec\/wp-json\/wp\/v2\/pages\/478\/revisions\/2044"}],"wp:attachment":[{"href":"https:\/\/www.tecniprecision.com\/ec\/wp-json\/wp\/v2\/media?parent=478"}],"curies":[{"name":"wp","href":"https:\/\/api.w.org\/{rel}","templated":true}]}}