{"id":458,"date":"2020-12-04T20:36:34","date_gmt":"2020-12-04T20:36:34","guid":{"rendered":"http:\/\/www.tecniprecision.com\/ec\/?page_id=458"},"modified":"2025-05-09T11:10:28","modified_gmt":"2025-05-09T16:10:28","slug":"calificacion-arch","status":"publish","type":"page","link":"https:\/\/www.tecniprecision.com\/ec\/calificacion-arch\/","title":{"rendered":"Calificaci\u00f3n ARCH"},"content":{"rendered":"<p>[vc_row full_width=&#8221;stretch_row_content_no_spaces&#8221; default_id=&#8221;themesflat_1606920817&#8243;][vc_column]\n\t\t\t<!-- START ARCH REVOLUTION SLIDER 6.3.1 --><p class=\"rs-p-wp-fix\"><\/p>\n\t\t\t<rs-module-wrap id=\"rev_slider_6_1_wrapper\" data-source=\"gallery\" style=\"background:transparent;padding:0;margin:0px auto;margin-top:0;margin-bottom:0;max-width:;\">\n\t\t\t\t<rs-module id=\"rev_slider_6_1\" style=\"\" data-version=\"6.3.1\">\n\t\t\t\t\t<rs-slides>\n\t\t\t\t\t\t<rs-slide data-key=\"rs-16\" data-title=\"Slide\" data-anim=\"ei:d;eo:d;s:620;r:0;t:fade;sl:d;\">\n\t\t\t\t\t\t\t<img loading=\"lazy\" decoding=\"async\" src=\"\/\/www.tecniprecision.com\/ec\/wp-content\/uploads\/2020\/12\/Banner-Arch-1920x795-1.jpg\" title=\"Banner Arch 1920&#215;795\" width=\"1920\" height=\"796\" data-parallax=\"off\" data-panzoom=\"d:8000;ss:200;se:100;bs:5;\" class=\"rev-slidebg\" data-no-retina>\n<!--\n\t\t\t\t\t\t\t--><rs-layer\n\t\t\t\t\t\t\t\tid=\"slider-6-slide-16-layer-0\" \n\t\t\t\t\t\t\t\tdata-type=\"image\"\n\t\t\t\t\t\t\t\tdata-rsp_ch=\"on\"\n\t\t\t\t\t\t\t\tdata-xy=\"x:504px;y:313px;\"\n\t\t\t\t\t\t\t\tdata-text=\"w:normal;\"\n\t\t\t\t\t\t\t\tdata-dim=\"w:197px;h:208px;\"\n\t\t\t\t\t\t\t\tdata-frame_1=\"st:3100;sR:3100;\"\n\t\t\t\t\t\t\t\tdata-frame_999=\"o:0;st:w;sR:5600;\"\n\t\t\t\t\t\t\t\tstyle=\"z-index:7;\"\n\t\t\t\t\t\t\t><img loading=\"lazy\" decoding=\"async\" src=\"\/\/www.tecniprecision.com\/ec\/wp-content\/uploads\/2021\/05\/ARCH-nuevo.png\" width=\"566\" height=\"599\" data-no-retina> \n\t\t\t\t\t\t\t<\/rs-layer><!--\n\n\t\t\t\t\t\t\t--><rs-layer\n\t\t\t\t\t\t\t\tid=\"slider-6-slide-16-layer-9\" \n\t\t\t\t\t\t\t\tclass=\"Fashion-BigDisplay\"\n\t\t\t\t\t\t\t\tdata-type=\"text\"\n\t\t\t\t\t\t\t\tdata-color=\"#ffcc00\"\n\t\t\t\t\t\t\t\tdata-rsp_ch=\"on\"\n\t\t\t\t\t\t\t\tdata-xy=\"x:c;xo:2px;y:190px;\"\n\t\t\t\t\t\t\t\tdata-text=\"s:60;l:60;ls:2px;a:inherit;\"\n\t\t\t\t\t\t\t\tdata-frame_0=\"o:1;\"\n\t\t\t\t\t\t\t\tdata-frame_0_chars=\"d:10;sX:0.8;sY:0.8;o:0;\"\n\t\t\t\t\t\t\t\tdata-frame_1=\"e:power4.out;st:1590;sp:800;sR:1590;\"\n\t\t\t\t\t\t\t\tdata-frame_1_chars=\"d:10;\"\n\t\t\t\t\t\t\t\tdata-frame_999=\"o:0;st:w;sp:200;sR:5010;\"\n\t\t\t\t\t\t\t\tstyle=\"z-index:5;font-family:Impact, Charcoal, sans-serif;cursor:pointer;\"\n\t\t\t\t\t\t\t>CALIFICACI\u00d3N ARCH \n\t\t\t\t\t\t\t<\/rs-layer><!--\n\n\t\t\t\t\t\t\t--><rs-layer\n\t\t\t\t\t\t\t\tid=\"slider-6-slide-16-layer-10\" \n\t\t\t\t\t\t\t\tclass=\"Fashion-BigDisplay\"\n\t\t\t\t\t\t\t\tdata-type=\"text\"\n\t\t\t\t\t\t\t\tdata-color=\"#ffffff\"\n\t\t\t\t\t\t\t\tdata-rsp_ch=\"on\"\n\t\t\t\t\t\t\t\tdata-xy=\"x:c;xo:2px;y:256px;\"\n\t\t\t\t\t\t\t\tdata-text=\"s:30;l:60;ls:2px;fw:900;a:inherit;\"\n\t\t\t\t\t\t\t\tdata-frame_0=\"sX:0.9;sY:0.9;\"\n\t\t\t\t\t\t\t\tdata-frame_1=\"st:3090;sp:1500;sR:3090;\"\n\t\t\t\t\t\t\t\tdata-frame_999=\"o:0;st:w;sR:4410;\"\n\t\t\t\t\t\t\t\tstyle=\"z-index:6;font-family:Raleway;cursor:pointer;\"\n\t\t\t\t\t\t\t>Empresa calificada para trabajos en el sector de hidrocarburos \n\t\t\t\t\t\t\t<\/rs-layer><!--\n-->\t\t\t\t\t\t<\/rs-slide>\n\t\t\t\t\t<\/rs-slides>\n\t\t\t\t<\/rs-module>\n\t\t\t\t<script type=\"text\/javascript\">\n\t\t\t\t\tsetREVStartSize({c: 'rev_slider_6_1',rl:[1240,1024,778,480],el:[600],gw:[1240],gh:[600],type:'standard',justify:'',layout:'fullwidth',mh:\"0\"});\n\t\t\t\t\tvar\trevapi6,\n\t\t\t\t\t\ttpj;\n\t\t\t\t\tfunction revinit_revslider61() {\n\t\t\t\t\tjQuery(function() {\n\t\t\t\t\t\ttpj = jQuery;\n\t\t\t\t\t\trevapi6 = tpj(\"#rev_slider_6_1\");\n\t\t\t\t\t\tif(revapi6==undefined || revapi6.revolution == undefined){\n\t\t\t\t\t\t\trevslider_showDoubleJqueryError(\"rev_slider_6_1\");\n\t\t\t\t\t\t}else{\n\t\t\t\t\t\t\trevapi6.revolution({\n\t\t\t\t\t\t\t\tdottedOverlay:\"twoxtwo\",\n\t\t\t\t\t\t\t\tvisibilityLevels:\"1240,1024,778,480\",\n\t\t\t\t\t\t\t\tgridwidth:1240,\n\t\t\t\t\t\t\t\tgridheight:600,\n\t\t\t\t\t\t\t\tperspective:600,\n\t\t\t\t\t\t\t\tperspectiveType:\"local\",\n\t\t\t\t\t\t\t\teditorheight:\"600,768,960,720\",\n\t\t\t\t\t\t\t\tresponsiveLevels:\"1240,1024,778,480\",\n\t\t\t\t\t\t\t\tprogressBar:{disableProgressBar:true},\n\t\t\t\t\t\t\t\tnavigation: {\n\t\t\t\t\t\t\t\t\tmouseScrollNavigation:false,\n\t\t\t\t\t\t\t\t\twheelCallDelay:1000,\n\t\t\t\t\t\t\t\t\tonHoverStop:false,\n\t\t\t\t\t\t\t\t\ttouch: {\n\t\t\t\t\t\t\t\t\t\ttouchenabled:true,\n\t\t\t\t\t\t\t\t\t\tswipe_min_touches:50\n\t\t\t\t\t\t\t\t\t}\n\t\t\t\t\t\t\t\t},\n\t\t\t\t\t\t\t\tparallax: {\n\t\t\t\t\t\t\t\t\tlevels:[2,3,4,5,6,7,12,16,10,50,47,48,49,50,51,55],\n\t\t\t\t\t\t\t\t\ttype:\"mouse\",\n\t\t\t\t\t\t\t\t\torigo:\"slidercenter\",\n\t\t\t\t\t\t\t\t\tspeed:2000\n\t\t\t\t\t\t\t\t},\n\t\t\t\t\t\t\t\tfallbacks: {\n\t\t\t\t\t\t\t\t\tallowHTML5AutoPlayOnAndroid:true\n\t\t\t\t\t\t\t\t},\n\t\t\t\t\t\t\t});\n\t\t\t\t\t\t}\n\t\t\t\t\t\t\n\t\t\t\t\t});\n\t\t\t\t\t} \/\/ End of RevInitScript\n\t\t\t\tvar once_revslider61 = false;\n\t\t\t\tif (document.readyState === \"loading\") {document.addEventListener('readystatechange',function() { if((document.readyState === \"interactive\" || document.readyState === \"complete\") && !once_revslider61 ) { once_revslider61 = true; revinit_revslider61();}});} else {once_revslider61 = true; revinit_revslider61();}\n\t\t\t\t<\/script>\n\t\t\t<\/rs-module-wrap>\n\t\t\t<!-- END REVOLUTION SLIDER -->\n[\/vc_column][\/vc_row][vc_row parallax_speed=&#8221;4&#8243; parallax_x=&#8221;4&#8243; parallax_y=&#8221;4&#8243; css=&#8221;.vc_custom_1493806806900{padding-bottom: 0px !important;}&#8221;][vc_column width=&#8221;1\/2&#8243;]\r\n\t\t<div class=\"themesflat-spacer \" data-desktop=\"69\" data-mobile=\"40\" data-smobile=\"30\">\t\t\t\r\n\t\t<\/div><div class=\"themesflat_button_container simple_button  text-left\">\r\n\t\t<a class=\"themesflat-button have_background \" href=\"https:\/\/www.tecniprecision.com\/ec\/wp-content\/uploads\/2025\/05\/ARCH-DTRNC-2025-0089-OF.pdf\">RESOLUCI\u00d3N DE CALIFICACI\u00d3N <i class=\"entypo-icon entypo-icon-download\"><\/i><\/a>\r\n\t<\/div>[\/vc_column][vc_column width=&#8221;1\/2&#8243;]\r\n\t\t<div class=\"themesflat-spacer \" data-desktop=\"59\" data-mobile=\"30\" data-smobile=\"20\">\t\t\t\r\n\t\t<\/div><div class=\"themesflat_iconbox  top transparent themesflat_1608153444\" >\r\n\t\t\r\n\t\t\r\n\t\t<div class=\"iconbox-content\">\r\n\t\t\t<h5 class=\"title\" style=\"font-size: px;font-weight:\">\u00bfQu\u00e9 es la calificaci\u00f3n de la Agencia de Regulaci\u00f3n y Control Hidrocarbur\u00edfero (ARCH)?<\/h5>\r\n\t\t\t\r\n\t\t\t<div style=\"letter-spacing: 0.13px;\">\n<p style=\"letter-spacing: 0.1px; text-align: justify;\">La calificaci\u00f3n se emite a las empresas que han demostrado Competencia T\u00e9cnica ante la Agencia de Regulaci\u00f3n y Control de Energ\u00eda y Recursos Naturales no Renovables para realizar actividades en el sector, de acuerdo a los Marcos legales vigentes.<\/p>\n<\/div>\n\r\n\t\t\t\r\n\t\t<\/div>\r\n\t<\/div><div class=\"themesflat_iconbox  top transparent themesflat_1608153444\" >\r\n\t\t\r\n\t\t\r\n\t\t<div class=\"iconbox-content\">\r\n\t\t\t\r\n\t\t\t\r\n\t\t\t<div style=\"letter-spacing: 0.13px;\">\n<ul class=\"themesflat-list\" style=\"font-size: 14px;\">\n<li style=\"text-align: left;\"><strong>Fluidos &#8211; Presi\u00f3n y vac\u00edo.<\/strong><\/li>\n<li style=\"text-align: left;\"><strong>Electricidad CC y baja frecuencia.<\/strong><\/li>\n<li style=\"text-align: left;\"><strong>Mec\u00e1nica &#8211; Momentos.<\/strong><\/li>\n<li style=\"text-align: left;\"><strong>Mec\u00e1nica &#8211; Masa.<\/strong><\/li>\n<li style=\"text-align: left;\"><strong>Dimensional &#8211; Longitud.<\/strong><\/li>\n<\/ul>\n<p style=\"letter-spacing: 0.1px; text-align: justify;\">Finalmente de conjunto con la acreditaci\u00f3n SAE, estamos en condiciones de prestar un servicio acorde a la necesidad del sector<\/p>\n<\/div>\n\r\n\t\t\t\r\n\t\t<\/div>\r\n\t<\/div>[\/vc_column][\/vc_row]<\/p>\n","protected":false},"excerpt":{"rendered":"<p>[vc_row full_width=&#8221;stretch_row_content_no_spaces&#8221; default_id=&#8221;themesflat_1606920817&#8243;][vc_column][\/vc_column][\/vc_row][vc_row parallax_speed=&#8221;4&#8243; parallax_x=&#8221;4&#8243; parallax_y=&#8221;4&#8243; css=&#8221;.vc_custom_1493806806900{padding-bottom: 0px !important;}&#8221;][vc_column width=&#8221;1\/2&#8243;][\/vc_column][vc_column width=&#8221;1\/2&#8243;][\/vc_column][\/vc_row]<\/p>\n","protected":false},"author":3,"featured_media":0,"parent":0,"menu_order":0,"comment_status":"closed","ping_status":"closed","template":"tpl\/front-page.php","meta":{"_joinchat":[],"footnotes":""},"class_list":["post-458","page","type-page","status-publish","hentry"],"yoast_head":"<!-- This site is optimized with the Yoast SEO plugin v26.2 - https:\/\/yoast.com\/wordpress\/plugins\/seo\/ -->\n<title>Calificaci\u00f3n ARCH Sector Hidrocarburos - Tecniprecision Cia. Ltda.<\/title>\n<meta name=\"description\" content=\"Calificaci\u00f3n ARCERNNR. Poseemos la calificaci\u00f3n para realizar trabajos de calibraci\u00f3n en el sector de los hidrocarburos.\" \/>\n<meta name=\"robots\" content=\"index, follow, max-snippet:-1, max-image-preview:large, max-video-preview:-1\" \/>\n<link rel=\"canonical\" href=\"https:\/\/www.tecniprecision.com\/ec\/calificacion-arch\/\" \/>\n<meta property=\"og:locale\" content=\"es_ES\" \/>\n<meta property=\"og:type\" content=\"article\" \/>\n<meta property=\"og:title\" content=\"Calificaci\u00f3n ARCH Sector Hidrocarburos - Tecniprecision Cia. Ltda.\" \/>\n<meta property=\"og:description\" content=\"Calificaci\u00f3n ARCERNNR. Poseemos la calificaci\u00f3n para realizar trabajos de calibraci\u00f3n en el sector de los hidrocarburos.\" \/>\n<meta property=\"og:url\" content=\"https:\/\/www.tecniprecision.com\/ec\/calificacion-arch\/\" \/>\n<meta property=\"og:site_name\" content=\"Tecniprecision Cia. Ltda.\" \/>\n<meta property=\"article:publisher\" content=\"https:\/\/www.facebook.com\/Tecniprecision\" \/>\n<meta property=\"article:modified_time\" content=\"2025-05-09T16:10:28+00:00\" \/>\n<meta name=\"twitter:card\" content=\"summary_large_image\" \/>\n<meta name=\"twitter:site\" content=\"@tecniprecision1\" \/>\n<meta name=\"twitter:label1\" content=\"Tiempo de lectura\" \/>\n\t<meta name=\"twitter:data1\" content=\"1 minuto\" \/>\n<script type=\"application\/ld+json\" class=\"yoast-schema-graph\">{\"@context\":\"https:\/\/schema.org\",\"@graph\":[{\"@type\":\"WebPage\",\"@id\":\"https:\/\/www.tecniprecision.com\/ec\/calificacion-arch\/\",\"url\":\"https:\/\/www.tecniprecision.com\/ec\/calificacion-arch\/\",\"name\":\"Calificaci\u00f3n ARCH Sector Hidrocarburos - Tecniprecision Cia. Ltda.\",\"isPartOf\":{\"@id\":\"https:\/\/www.tecniprecision.com\/ec\/#website\"},\"datePublished\":\"2020-12-04T20:36:34+00:00\",\"dateModified\":\"2025-05-09T16:10:28+00:00\",\"description\":\"Calificaci\u00f3n ARCERNNR. Poseemos la calificaci\u00f3n para realizar trabajos de calibraci\u00f3n en el sector de los hidrocarburos.\",\"breadcrumb\":{\"@id\":\"https:\/\/www.tecniprecision.com\/ec\/calificacion-arch\/#breadcrumb\"},\"inLanguage\":\"es\",\"potentialAction\":[{\"@type\":\"ReadAction\",\"target\":[\"https:\/\/www.tecniprecision.com\/ec\/calificacion-arch\/\"]}]},{\"@type\":\"BreadcrumbList\",\"@id\":\"https:\/\/www.tecniprecision.com\/ec\/calificacion-arch\/#breadcrumb\",\"itemListElement\":[{\"@type\":\"ListItem\",\"position\":1,\"name\":\"Portada\",\"item\":\"https:\/\/www.tecniprecision.com\/ec\/\"},{\"@type\":\"ListItem\",\"position\":2,\"name\":\"Calificaci\u00f3n ARCH\"}]},{\"@type\":\"WebSite\",\"@id\":\"https:\/\/www.tecniprecision.com\/ec\/#website\",\"url\":\"https:\/\/www.tecniprecision.com\/ec\/\",\"name\":\"Tecniprecision Cia. Ltda.\",\"description\":\"Calibraci\u00f3n de instrumentos y equipos de medici\u00f3n\",\"publisher\":{\"@id\":\"https:\/\/www.tecniprecision.com\/ec\/#organization\"},\"potentialAction\":[{\"@type\":\"SearchAction\",\"target\":{\"@type\":\"EntryPoint\",\"urlTemplate\":\"https:\/\/www.tecniprecision.com\/ec\/?s={search_term_string}\"},\"query-input\":{\"@type\":\"PropertyValueSpecification\",\"valueRequired\":true,\"valueName\":\"search_term_string\"}}],\"inLanguage\":\"es\"},{\"@type\":\"Organization\",\"@id\":\"https:\/\/www.tecniprecision.com\/ec\/#organization\",\"name\":\"Tecniprecisi\u00f3n C\u00eda. Ltda.\",\"url\":\"https:\/\/www.tecniprecision.com\/ec\/\",\"logo\":{\"@type\":\"ImageObject\",\"inLanguage\":\"es\",\"@id\":\"https:\/\/www.tecniprecision.com\/ec\/#\/schema\/logo\/image\/\",\"url\":\"https:\/\/www.tecniprecision.com\/ec\/wp-content\/uploads\/2020\/11\/Logo-180x60-1.png\",\"contentUrl\":\"https:\/\/www.tecniprecision.com\/ec\/wp-content\/uploads\/2020\/11\/Logo-180x60-1.png\",\"width\":277,\"height\":91,\"caption\":\"Tecniprecisi\u00f3n C\u00eda. Ltda.\"},\"image\":{\"@id\":\"https:\/\/www.tecniprecision.com\/ec\/#\/schema\/logo\/image\/\"},\"sameAs\":[\"https:\/\/www.facebook.com\/Tecniprecision\",\"https:\/\/x.com\/tecniprecision1\",\"https:\/\/www.instagram.com\/tecniprecision\/\",\"https:\/\/www.linkedin.com\/in\/tecniprecisi\u00f3n-cia-ltda-2a0755142\/\",\"https:\/\/www.youtube.com\/channel\/UCwnxcuI7Zo0tfYNIw_6OAuA\"]}]}<\/script>\n<!-- \/ Yoast SEO plugin. -->","yoast_head_json":{"title":"Calificaci\u00f3n ARCH Sector Hidrocarburos - Tecniprecision Cia. Ltda.","description":"Calificaci\u00f3n ARCERNNR. Poseemos la calificaci\u00f3n para realizar trabajos de calibraci\u00f3n en el sector de los hidrocarburos.","robots":{"index":"index","follow":"follow","max-snippet":"max-snippet:-1","max-image-preview":"max-image-preview:large","max-video-preview":"max-video-preview:-1"},"canonical":"https:\/\/www.tecniprecision.com\/ec\/calificacion-arch\/","og_locale":"es_ES","og_type":"article","og_title":"Calificaci\u00f3n ARCH Sector Hidrocarburos - Tecniprecision Cia. Ltda.","og_description":"Calificaci\u00f3n ARCERNNR. Poseemos la calificaci\u00f3n para realizar trabajos de calibraci\u00f3n en el sector de los hidrocarburos.","og_url":"https:\/\/www.tecniprecision.com\/ec\/calificacion-arch\/","og_site_name":"Tecniprecision Cia. Ltda.","article_publisher":"https:\/\/www.facebook.com\/Tecniprecision","article_modified_time":"2025-05-09T16:10:28+00:00","twitter_card":"summary_large_image","twitter_site":"@tecniprecision1","twitter_misc":{"Tiempo de lectura":"1 minuto"},"schema":{"@context":"https:\/\/schema.org","@graph":[{"@type":"WebPage","@id":"https:\/\/www.tecniprecision.com\/ec\/calificacion-arch\/","url":"https:\/\/www.tecniprecision.com\/ec\/calificacion-arch\/","name":"Calificaci\u00f3n ARCH Sector Hidrocarburos - Tecniprecision Cia. Ltda.","isPartOf":{"@id":"https:\/\/www.tecniprecision.com\/ec\/#website"},"datePublished":"2020-12-04T20:36:34+00:00","dateModified":"2025-05-09T16:10:28+00:00","description":"Calificaci\u00f3n ARCERNNR. Poseemos la calificaci\u00f3n para realizar trabajos de calibraci\u00f3n en el sector de los hidrocarburos.","breadcrumb":{"@id":"https:\/\/www.tecniprecision.com\/ec\/calificacion-arch\/#breadcrumb"},"inLanguage":"es","potentialAction":[{"@type":"ReadAction","target":["https:\/\/www.tecniprecision.com\/ec\/calificacion-arch\/"]}]},{"@type":"BreadcrumbList","@id":"https:\/\/www.tecniprecision.com\/ec\/calificacion-arch\/#breadcrumb","itemListElement":[{"@type":"ListItem","position":1,"name":"Portada","item":"https:\/\/www.tecniprecision.com\/ec\/"},{"@type":"ListItem","position":2,"name":"Calificaci\u00f3n ARCH"}]},{"@type":"WebSite","@id":"https:\/\/www.tecniprecision.com\/ec\/#website","url":"https:\/\/www.tecniprecision.com\/ec\/","name":"Tecniprecision Cia. Ltda.","description":"Calibraci\u00f3n de instrumentos y equipos de medici\u00f3n","publisher":{"@id":"https:\/\/www.tecniprecision.com\/ec\/#organization"},"potentialAction":[{"@type":"SearchAction","target":{"@type":"EntryPoint","urlTemplate":"https:\/\/www.tecniprecision.com\/ec\/?s={search_term_string}"},"query-input":{"@type":"PropertyValueSpecification","valueRequired":true,"valueName":"search_term_string"}}],"inLanguage":"es"},{"@type":"Organization","@id":"https:\/\/www.tecniprecision.com\/ec\/#organization","name":"Tecniprecisi\u00f3n C\u00eda. Ltda.","url":"https:\/\/www.tecniprecision.com\/ec\/","logo":{"@type":"ImageObject","inLanguage":"es","@id":"https:\/\/www.tecniprecision.com\/ec\/#\/schema\/logo\/image\/","url":"https:\/\/www.tecniprecision.com\/ec\/wp-content\/uploads\/2020\/11\/Logo-180x60-1.png","contentUrl":"https:\/\/www.tecniprecision.com\/ec\/wp-content\/uploads\/2020\/11\/Logo-180x60-1.png","width":277,"height":91,"caption":"Tecniprecisi\u00f3n C\u00eda. Ltda."},"image":{"@id":"https:\/\/www.tecniprecision.com\/ec\/#\/schema\/logo\/image\/"},"sameAs":["https:\/\/www.facebook.com\/Tecniprecision","https:\/\/x.com\/tecniprecision1","https:\/\/www.instagram.com\/tecniprecision\/","https:\/\/www.linkedin.com\/in\/tecniprecisi\u00f3n-cia-ltda-2a0755142\/","https:\/\/www.youtube.com\/channel\/UCwnxcuI7Zo0tfYNIw_6OAuA"]}]}},"_links":{"self":[{"href":"https:\/\/www.tecniprecision.com\/ec\/wp-json\/wp\/v2\/pages\/458","targetHints":{"allow":["GET"]}}],"collection":[{"href":"https:\/\/www.tecniprecision.com\/ec\/wp-json\/wp\/v2\/pages"}],"about":[{"href":"https:\/\/www.tecniprecision.com\/ec\/wp-json\/wp\/v2\/types\/page"}],"author":[{"embeddable":true,"href":"https:\/\/www.tecniprecision.com\/ec\/wp-json\/wp\/v2\/users\/3"}],"replies":[{"embeddable":true,"href":"https:\/\/www.tecniprecision.com\/ec\/wp-json\/wp\/v2\/comments?post=458"}],"version-history":[{"count":31,"href":"https:\/\/www.tecniprecision.com\/ec\/wp-json\/wp\/v2\/pages\/458\/revisions"}],"predecessor-version":[{"id":1809,"href":"https:\/\/www.tecniprecision.com\/ec\/wp-json\/wp\/v2\/pages\/458\/revisions\/1809"}],"wp:attachment":[{"href":"https:\/\/www.tecniprecision.com\/ec\/wp-json\/wp\/v2\/media?parent=458"}],"curies":[{"name":"wp","href":"https:\/\/api.w.org\/{rel}","templated":true}]}}