{"id":431,"date":"2020-12-04T18:26:29","date_gmt":"2020-12-04T18:26:29","guid":{"rendered":"http:\/\/www.tecniprecision.com\/ec\/?page_id=431"},"modified":"2025-07-11T13:13:20","modified_gmt":"2025-07-11T18:13:20","slug":"acreditacion-sae","status":"publish","type":"page","link":"https:\/\/www.tecniprecision.com\/ec\/acreditacion-sae\/","title":{"rendered":"Acreditaci\u00f3n SAE"},"content":{"rendered":"<p>[vc_row full_width=&#8221;stretch_row_content_no_spaces&#8221; default_id=&#8221;themesflat_1606920817&#8243;][vc_column]\n\t\t\t<!-- START Acreditacion REVOLUTION SLIDER 6.3.1 --><p class=\"rs-p-wp-fix\"><\/p>\n\t\t\t<rs-module-wrap id=\"rev_slider_5_1_wrapper\" data-source=\"gallery\" style=\"background:transparent;padding:0;margin:0px auto;margin-top:0;margin-bottom:0;max-width:;\">\n\t\t\t\t<rs-module id=\"rev_slider_5_1\" style=\"\" data-version=\"6.3.1\">\n\t\t\t\t\t<rs-slides>\n\t\t\t\t\t\t<rs-slide data-key=\"rs-15\" data-title=\"Slide\" data-anim=\"ei:d;eo:d;s:620;r:0;t:fade;sl:d;\">\n\t\t\t\t\t\t\t<img loading=\"lazy\" decoding=\"async\" src=\"\/\/www.tecniprecision.com\/ec\/wp-content\/uploads\/2023\/10\/ACREDITADOS_SAE.jpg\" title=\"ACREDITADOS_SAE\" width=\"2250\" height=\"900\" data-parallax=\"off\" data-panzoom=\"d:8000;ss:200;se:100;bs:5;\" class=\"rev-slidebg\" data-no-retina>\n<!--\n\t\t\t\t\t\t\t--><a\n\t\t\t\t\t\t\t\tid=\"slider-5-slide-15-layer-1\" \n\t\t\t\t\t\t\t\tclass=\"rs-layer Fashion-BigDisplay\"\n\t\t\t\t\t\t\t\thref=\"https:\/\/www.acreditacion.gob.ec\/\" target=\"_self\"\n\t\t\t\t\t\t\t\tdata-type=\"text\"\n\t\t\t\t\t\t\t\tdata-color=\"#ffffff\"\n\t\t\t\t\t\t\t\tdata-rsp_ch=\"on\"\n\t\t\t\t\t\t\t\tdata-xy=\"x:c;xo:1px;y:460px;\"\n\t\t\t\t\t\t\t\tdata-text=\"s:25;l:25;ls:2px;fw:900;a:inherit;\"\n\t\t\t\t\t\t\t\tdata-border=\"bos:solid;boc:#ffffff;bow:0,0,3px,0;\"\n\t\t\t\t\t\t\t\tdata-frame_0=\"sX:0.9;sY:0.9;\"\n\t\t\t\t\t\t\t\tdata-frame_1=\"st:3090;sp:1500;sR:3090;\"\n\t\t\t\t\t\t\t\tdata-frame_999=\"o:0;st:w;sR:4410;\"\n\t\t\t\t\t\t\t\tstyle=\"z-index:6;font-family:Raleway;cursor:pointer;\"\n\t\t\t\t\t\t\t>Ver alcance espec\u00edfico de acreditaci\u00f3n en: www.acreditacion.gob.ec \n\t\t\t\t\t\t\t<\/a><!--\n\n\t\t\t\t\t\t\t--><rs-layer\n\t\t\t\t\t\t\t\tid=\"slider-5-slide-15-layer-9\" \n\t\t\t\t\t\t\t\tclass=\"Fashion-BigDisplay\"\n\t\t\t\t\t\t\t\tdata-type=\"text\"\n\t\t\t\t\t\t\t\tdata-color=\"#ffcc00\"\n\t\t\t\t\t\t\t\tdata-rsp_ch=\"on\"\n\t\t\t\t\t\t\t\tdata-xy=\"x:c;xo:3px;y:348px;\"\n\t\t\t\t\t\t\t\tdata-text=\"s:60;l:60;ls:2px;a:inherit;\"\n\t\t\t\t\t\t\t\tdata-frame_0=\"o:1;\"\n\t\t\t\t\t\t\t\tdata-frame_0_chars=\"d:10;sX:0.8;sY:0.8;o:0;\"\n\t\t\t\t\t\t\t\tdata-frame_1=\"e:power4.out;st:1590;sp:800;sR:1590;\"\n\t\t\t\t\t\t\t\tdata-frame_1_chars=\"d:10;\"\n\t\t\t\t\t\t\t\tdata-frame_999=\"o:0;st:w;sp:200;sR:4410;\"\n\t\t\t\t\t\t\t\tstyle=\"z-index:5;font-family:Impact, Charcoal, sans-serif;cursor:pointer;\"\n\t\t\t\t\t\t\t>Laboratorio de Calibraci\u00f3n Acreditado SAE \n\t\t\t\t\t\t\t<\/rs-layer><!--\n\n\t\t\t\t\t\t\t--><rs-layer\n\t\t\t\t\t\t\t\tid=\"slider-5-slide-15-layer-10\" \n\t\t\t\t\t\t\t\tclass=\"Fashion-BigDisplay\"\n\t\t\t\t\t\t\t\tdata-type=\"text\"\n\t\t\t\t\t\t\t\tdata-color=\"#ffffff\"\n\t\t\t\t\t\t\t\tdata-rsp_ch=\"on\"\n\t\t\t\t\t\t\t\tdata-xy=\"x:c;y:403px;\"\n\t\t\t\t\t\t\t\tdata-text=\"s:30;l:60;ls:2px;fw:900;a:inherit;\"\n\t\t\t\t\t\t\t\tdata-frame_0=\"sX:0.9;sY:0.9;\"\n\t\t\t\t\t\t\t\tdata-frame_1=\"st:3090;sp:1500;sR:3090;\"\n\t\t\t\t\t\t\t\tdata-frame_999=\"o:0;st:w;sR:4410;\"\n\t\t\t\t\t\t\t\tstyle=\"z-index:6;font-family:Raleway;cursor:pointer;\"\n\t\t\t\t\t\t\t> NTE INEN ISO\/IEC 17025:2018 \n\t\t\t\t\t\t\t<\/rs-layer><!--\n\n\t\t\t\t\t\t\t--><rs-layer\n\t\t\t\t\t\t\t\tid=\"slider-5-slide-15-layer-11\" \n\t\t\t\t\t\t\t\tdata-type=\"image\"\n\t\t\t\t\t\t\t\tdata-rsp_ch=\"on\"\n\t\t\t\t\t\t\t\tdata-xy=\"x:c;y:89px;\"\n\t\t\t\t\t\t\t\tdata-text=\"l:22;fw:900;a:inherit;\"\n\t\t\t\t\t\t\t\tdata-dim=\"w:790px;h:287px;\"\n\t\t\t\t\t\t\t\tdata-frame_1=\"st:4700;sp:290;sR:4700;\"\n\t\t\t\t\t\t\t\tdata-frame_999=\"o:0;st:w;sR:4010;\"\n\t\t\t\t\t\t\t\tstyle=\"z-index:7;cursor:pointer;\"\n\t\t\t\t\t\t\t><img loading=\"lazy\" decoding=\"async\" src=\"\/\/www.tecniprecision.com\/ec\/wp-content\/uploads\/2023\/09\/011DEAC1-A212-46CA-B995-57EC35E6285A.png\" width=\"2200\" height=\"800\" data-no-retina> \n\t\t\t\t\t\t\t<\/rs-layer><!--\n-->\t\t\t\t\t\t<\/rs-slide>\n\t\t\t\t\t<\/rs-slides>\n\t\t\t\t<\/rs-module>\n\t\t\t\t<script type=\"text\/javascript\">\n\t\t\t\t\tsetREVStartSize({c: 'rev_slider_5_1',rl:[1240,1024,778,480],el:[600],gw:[1240],gh:[600],type:'standard',justify:'',layout:'fullwidth',mh:\"0\"});\n\t\t\t\t\tvar\trevapi5,\n\t\t\t\t\t\ttpj;\n\t\t\t\t\tfunction revinit_revslider51() {\n\t\t\t\t\tjQuery(function() {\n\t\t\t\t\t\ttpj = jQuery;\n\t\t\t\t\t\trevapi5 = tpj(\"#rev_slider_5_1\");\n\t\t\t\t\t\tif(revapi5==undefined || revapi5.revolution == undefined){\n\t\t\t\t\t\t\trevslider_showDoubleJqueryError(\"rev_slider_5_1\");\n\t\t\t\t\t\t}else{\n\t\t\t\t\t\t\trevapi5.revolution({\n\t\t\t\t\t\t\t\tdottedOverlay:\"twoxtwo\",\n\t\t\t\t\t\t\t\tvisibilityLevels:\"1240,1024,778,480\",\n\t\t\t\t\t\t\t\tgridwidth:1240,\n\t\t\t\t\t\t\t\tgridheight:600,\n\t\t\t\t\t\t\t\tperspective:600,\n\t\t\t\t\t\t\t\tperspectiveType:\"local\",\n\t\t\t\t\t\t\t\teditorheight:\"600,768,960,720\",\n\t\t\t\t\t\t\t\tresponsiveLevels:\"1240,1024,778,480\",\n\t\t\t\t\t\t\t\tprogressBar:{disableProgressBar:true},\n\t\t\t\t\t\t\t\tnavigation: {\n\t\t\t\t\t\t\t\t\tmouseScrollNavigation:false,\n\t\t\t\t\t\t\t\t\twheelCallDelay:1000,\n\t\t\t\t\t\t\t\t\tonHoverStop:false,\n\t\t\t\t\t\t\t\t\ttouch: {\n\t\t\t\t\t\t\t\t\t\ttouchenabled:true,\n\t\t\t\t\t\t\t\t\t\tswipe_min_touches:50\n\t\t\t\t\t\t\t\t\t}\n\t\t\t\t\t\t\t\t},\n\t\t\t\t\t\t\t\tparallax: {\n\t\t\t\t\t\t\t\t\tlevels:[2,3,4,5,6,7,12,16,10,50,47,48,49,50,51,55],\n\t\t\t\t\t\t\t\t\ttype:\"mouse\",\n\t\t\t\t\t\t\t\t\torigo:\"slidercenter\",\n\t\t\t\t\t\t\t\t\tspeed:2000\n\t\t\t\t\t\t\t\t},\n\t\t\t\t\t\t\t\tfallbacks: {\n\t\t\t\t\t\t\t\t\tallowHTML5AutoPlayOnAndroid:true\n\t\t\t\t\t\t\t\t},\n\t\t\t\t\t\t\t});\n\t\t\t\t\t\t}\n\t\t\t\t\t\t\n\t\t\t\t\t});\n\t\t\t\t\t} \/\/ End of RevInitScript\n\t\t\t\tvar once_revslider51 = false;\n\t\t\t\tif (document.readyState === \"loading\") {document.addEventListener('readystatechange',function() { if((document.readyState === \"interactive\" || document.readyState === \"complete\") && !once_revslider51 ) { once_revslider51 = true; revinit_revslider51();}});} else {once_revslider51 = true; revinit_revslider51();}\n\t\t\t\t<\/script>\n\t\t\t<\/rs-module-wrap>\n\t\t\t<!-- END REVOLUTION SLIDER -->\n[\/vc_column][\/vc_row][vc_row parallax_speed=&#8221;4&#8243; parallax_x=&#8221;4&#8243; parallax_y=&#8221;4&#8243; css=&#8221;.vc_custom_1493806806900{padding-bottom: 0px !important;}&#8221;][vc_column width=&#8221;1\/2&#8243;]\r\n\t\t<div class=\"themesflat-spacer \" data-desktop=\"69\" data-mobile=\"40\" data-smobile=\"30\">\t\t\t\r\n\t\t<\/div>[vc_single_image image=&#8221;1219&#8243; img_size=&#8221;large&#8221;]\r\n\t\t<div class=\"themesflat-spacer \" data-desktop=\"10\" data-mobile=\"5\" data-smobile=\"5\">\t\t\t\r\n\t\t<\/div><div class=\"themesflat_button_container simple_button  text-left\">\r\n\t\t<a class=\"themesflat-button have_background \" href=\"https:\/\/www.tecniprecision.com\/ec\/wp-content\/uploads\/2023\/10\/Alcances_E-SAE-LCA-16-.-001_20231016_083942.pdf\">ALCANCES ACREDITADOS 2023 <i class=\"entypo-icon entypo-icon-download\"><\/i><\/a>\r\n\t<\/div>\r\n\t\t<div class=\"themesflat-spacer \" data-desktop=\"10\" data-mobile=\"5\" data-smobile=\"5\">\t\t\t\r\n\t\t<\/div><div class=\"themesflat_button_container simple_button  text-left\">\r\n\t\t<a class=\"themesflat-button have_background \" href=\"https:\/\/www.tecniprecision.com\/ec\/wp-content\/uploads\/2023\/03\/Certificado-de-Acreditacion.pdf\">CERTIFICADO DE ACREDITACI\u00d3N <i class=\"entypo-icon entypo-icon-download\"><\/i><\/a>\r\n\t<\/div>[\/vc_column][vc_column width=&#8221;1\/2&#8243;]\r\n\t\t<div class=\"themesflat-spacer \" data-desktop=\"59\" data-mobile=\"30\" data-smobile=\"20\">\t\t\t\r\n\t\t<\/div><div class=\"themesflat_iconbox  top transparent themesflat_1607111334\" >\r\n\t\t\r\n\t\t\r\n\t\t<div class=\"iconbox-content\">\r\n\t\t\t<h5 class=\"title\" style=\"font-size: px;font-weight:\">\u00bfQu\u00e9 significa que un laboratorio est\u00e9 acreditado?<\/h5>\r\n\t\t\t\r\n\t\t\t<p style=\"letter-spacing: 0.1px; text-align: justify;\">La acreditaci\u00f3n es el proceso mediante el cual una organizaci\u00f3n independiente y con la autoridad para ello, eval\u00faa una entidad que presta un servicio, por tanto, otorga un reconocimiento formal de su capacidad t\u00e9cnica y confiabilidad para realizar estos servicios.<\/p>\n<p style=\"letter-spacing: 0.1px; text-align: justify;\">Es una \u00abtestificaci\u00f3n de tercera parte relativa a un Organismo de Evaluaci\u00f3n de la Conformidad (OEC), en este caso el <a href=\"https:\/\/www.acreditacion.gob.ec\/\">Servicio de Acreditaci\u00f3n Ecuatoriano (SAE)<\/a>, demostrando por ende su competencia para llevar a cabo tareas espec\u00edficas de evaluaci\u00f3n de la conformidad\u00bb<\/p>\n<p style=\"letter-spacing: 0.1px; text-align: justify;\">Significa haber cumplido estos requisitos y ser auditado por una organizaci\u00f3n que verifica que se han cumplido dichos requisitos y se tiene la calificaci\u00f3n t\u00e9cnica para prestar un servicio con \u00e9tica.<\/p>\n\r\n\t\t\t\r\n\t\t<\/div>\r\n\t<\/div><div class=\"themesflat_iconbox  top transparent themesflat_1607111334\" >\r\n\t\t\r\n\t\t\r\n\t\t<div class=\"iconbox-content\">\r\n\t\t\t<h5 class=\"title\" style=\"font-size: px;font-weight:\">\u00bfC\u00f3mo es el proceso de acreditaci\u00f3n de un laboratorio?<\/h5>\r\n\t\t\t\r\n\t\t\t<p style=\"letter-spacing: 0.1px; text-align: justify;\">Los laboratorios se acreditan bajo normas nacionales o internacionales que marcan requisitos a cumplir por los laboratorios para demostrar su competencia. Los OEC de cada pa\u00eds en base a un protocolo de auditor\u00edas determinan si los laboratorios son competentes para ser acreditados.<\/p>\n<p style=\"letter-spacing: 0.1px; text-align: justify;\">La norma NTE INEN ISO\/IEC 17025:2018 \u201cRequisitos generales para la competencia de los laboratorios de ensayo y de calibraci\u00f3n\u201d se compone de dos secciones<\/p>\n<p style=\"letter-spacing: 0.1px; text-align: justify;\">la primera que regula la administraci\u00f3n del sistema de gesti\u00f3n de calidad del laboratorio; y la segunda secci\u00f3n que especifica los requerimientos de competencia t\u00e9cnica para las calibraciones que el laboratorio realiza.<\/p>\n\r\n\t\t\t\r\n\t\t<\/div>\r\n\t<\/div><div class=\"themesflat_iconbox  top transparent themesflat_1607111334\" >\r\n\t\t\r\n\t\t\r\n\t\t<div class=\"iconbox-content\">\r\n\t\t\t<h5 class=\"title\" style=\"font-size: px;font-weight:\">\u00bfQu\u00e9 mejoras aporta el estar acreditados?<\/h5>\r\n\t\t\t\r\n\t\t\t<p style=\"letter-spacing: 0.1px; text-align: justify;\">Al acreditarse e implementar la \u201cNTE INEN ISO\/IEC 17025:2018 Requisitos generales para la competencia de laboratorios de ensayo y calibraci\u00f3n\u201d los laboratorios acreditados bajo la misma cumplen los siguientes aspectos:<\/p>\n<ul class=\"themesflat-list\" style=\"font-size: 14px;\">\n<li style=\"text-align: left;\"><strong>Poseen un Sistema de Gesti\u00f3n de la Calidad.<\/strong>.<\/li>\n<li style=\"text-align: left;\"><strong>Son t\u00e9cnicamente competentes.<\/strong><\/li>\n<li style=\"text-align: left;\"><strong>Son capaces de generar resultados t\u00e9cnicamente v\u00e1lidos y reproducibles.<\/strong><\/li>\n<\/ul>\n<p style=\"letter-spacing: 0.1px; text-align: justify;\">Al seguir los lineamientos de esta Norma y acreditar los m\u00e9todos de calibraci\u00f3n empleados, se adopta una estructura de trabajo donde toda la informaci\u00f3n est\u00e1 documentada en procedimientos t\u00e9cnicos y administrativos que permiten guiar las acciones coordinadas de los t\u00e9cnicos y equipos, de manera de asegurar la calidad de los datos generados.<\/p>\n\r\n\t\t\t\r\n\t\t<\/div>\r\n\t<\/div><div class=\"themesflat_iconbox  top transparent themesflat_1607111334\" >\r\n\t\t\r\n\t\t\r\n\t\t<div class=\"iconbox-content\">\r\n\t\t\t<h5 class=\"title\" style=\"font-size: px;font-weight:\">\u00bfLa Acreditaci\u00f3n y los certificados derivados de un laboratorio acreditado son reconocidos internacionalmente?<\/h5>\r\n\t\t\t\r\n\t\t\t<p style=\"letter-spacing: 0.1px; text-align: justify;\">La acreditaci\u00f3n es un reconociendo v\u00e1lido bajo convenios internacionales y los certificados emitidos mantienen su vigencia en mercados internacionales lo que implica una reducci\u00f3n de costes al evitar la necesidad de someter a los productos a nuevas pruebas.<\/p>\n\r\n\t\t\t\r\n\t\t<\/div>\r\n\t<\/div>[\/vc_column][\/vc_row]<\/p>\n","protected":false},"excerpt":{"rendered":"<p>[vc_row full_width=&#8221;stretch_row_content_no_spaces&#8221; default_id=&#8221;themesflat_1606920817&#8243;][vc_column][\/vc_column][\/vc_row][vc_row parallax_speed=&#8221;4&#8243; parallax_x=&#8221;4&#8243; parallax_y=&#8221;4&#8243; css=&#8221;.vc_custom_1493806806900{padding-bottom: 0px !important;}&#8221;][vc_column width=&#8221;1\/2&#8243;][vc_single_image image=&#8221;1219&#8243; img_size=&#8221;large&#8221;][\/vc_column][vc_column width=&#8221;1\/2&#8243;][\/vc_column][\/vc_row]<\/p>\n","protected":false},"author":3,"featured_media":0,"parent":0,"menu_order":0,"comment_status":"closed","ping_status":"closed","template":"tpl\/front-page.php","meta":{"_joinchat":[],"footnotes":""},"class_list":["post-431","page","type-page","status-publish","hentry"],"yoast_head":"<!-- This site is optimized with the Yoast SEO plugin v26.2 - https:\/\/yoast.com\/wordpress\/plugins\/seo\/ -->\n<title>Laboratorio con Acreditaci\u00f3n SAE - Tecniprecision Cia. Ltda.<\/title>\n<meta name=\"description\" content=\"Laboratorio de calibracion con Acreditaci\u00f3n SAE. Garantiza la calidad y validez de tus mediciones calibrando con nosotros.\" \/>\n<meta name=\"robots\" content=\"index, follow, max-snippet:-1, max-image-preview:large, max-video-preview:-1\" \/>\n<link rel=\"canonical\" href=\"https:\/\/www.tecniprecision.com\/ec\/acreditacion-sae\/\" \/>\n<meta property=\"og:locale\" content=\"es_ES\" \/>\n<meta property=\"og:type\" content=\"article\" \/>\n<meta property=\"og:title\" content=\"Laboratorio con Acreditaci\u00f3n SAE - Tecniprecision Cia. Ltda.\" \/>\n<meta property=\"og:description\" content=\"Laboratorio de calibracion con Acreditaci\u00f3n SAE. Garantiza la calidad y validez de tus mediciones calibrando con nosotros.\" \/>\n<meta property=\"og:url\" content=\"https:\/\/www.tecniprecision.com\/ec\/acreditacion-sae\/\" \/>\n<meta property=\"og:site_name\" content=\"Tecniprecision Cia. Ltda.\" \/>\n<meta property=\"article:publisher\" content=\"https:\/\/www.facebook.com\/Tecniprecision\" \/>\n<meta property=\"article:modified_time\" content=\"2025-07-11T18:13:20+00:00\" \/>\n<meta name=\"twitter:card\" content=\"summary_large_image\" \/>\n<meta name=\"twitter:site\" content=\"@tecniprecision1\" \/>\n<meta name=\"twitter:label1\" content=\"Tiempo de lectura\" \/>\n\t<meta name=\"twitter:data1\" content=\"3 minutos\" \/>\n<script type=\"application\/ld+json\" class=\"yoast-schema-graph\">{\"@context\":\"https:\/\/schema.org\",\"@graph\":[{\"@type\":\"WebPage\",\"@id\":\"https:\/\/www.tecniprecision.com\/ec\/acreditacion-sae\/\",\"url\":\"https:\/\/www.tecniprecision.com\/ec\/acreditacion-sae\/\",\"name\":\"Laboratorio con Acreditaci\u00f3n SAE - Tecniprecision Cia. Ltda.\",\"isPartOf\":{\"@id\":\"https:\/\/www.tecniprecision.com\/ec\/#website\"},\"datePublished\":\"2020-12-04T18:26:29+00:00\",\"dateModified\":\"2025-07-11T18:13:20+00:00\",\"description\":\"Laboratorio de calibracion con Acreditaci\u00f3n SAE. Garantiza la calidad y validez de tus mediciones calibrando con nosotros.\",\"breadcrumb\":{\"@id\":\"https:\/\/www.tecniprecision.com\/ec\/acreditacion-sae\/#breadcrumb\"},\"inLanguage\":\"es\",\"potentialAction\":[{\"@type\":\"ReadAction\",\"target\":[\"https:\/\/www.tecniprecision.com\/ec\/acreditacion-sae\/\"]}]},{\"@type\":\"BreadcrumbList\",\"@id\":\"https:\/\/www.tecniprecision.com\/ec\/acreditacion-sae\/#breadcrumb\",\"itemListElement\":[{\"@type\":\"ListItem\",\"position\":1,\"name\":\"Portada\",\"item\":\"https:\/\/www.tecniprecision.com\/ec\/\"},{\"@type\":\"ListItem\",\"position\":2,\"name\":\"Acreditaci\u00f3n SAE\"}]},{\"@type\":\"WebSite\",\"@id\":\"https:\/\/www.tecniprecision.com\/ec\/#website\",\"url\":\"https:\/\/www.tecniprecision.com\/ec\/\",\"name\":\"Tecniprecision Cia. Ltda.\",\"description\":\"Calibraci\u00f3n de instrumentos y equipos de medici\u00f3n\",\"publisher\":{\"@id\":\"https:\/\/www.tecniprecision.com\/ec\/#organization\"},\"potentialAction\":[{\"@type\":\"SearchAction\",\"target\":{\"@type\":\"EntryPoint\",\"urlTemplate\":\"https:\/\/www.tecniprecision.com\/ec\/?s={search_term_string}\"},\"query-input\":{\"@type\":\"PropertyValueSpecification\",\"valueRequired\":true,\"valueName\":\"search_term_string\"}}],\"inLanguage\":\"es\"},{\"@type\":\"Organization\",\"@id\":\"https:\/\/www.tecniprecision.com\/ec\/#organization\",\"name\":\"Tecniprecisi\u00f3n C\u00eda. Ltda.\",\"url\":\"https:\/\/www.tecniprecision.com\/ec\/\",\"logo\":{\"@type\":\"ImageObject\",\"inLanguage\":\"es\",\"@id\":\"https:\/\/www.tecniprecision.com\/ec\/#\/schema\/logo\/image\/\",\"url\":\"https:\/\/www.tecniprecision.com\/ec\/wp-content\/uploads\/2020\/11\/Logo-180x60-1.png\",\"contentUrl\":\"https:\/\/www.tecniprecision.com\/ec\/wp-content\/uploads\/2020\/11\/Logo-180x60-1.png\",\"width\":277,\"height\":91,\"caption\":\"Tecniprecisi\u00f3n C\u00eda. Ltda.\"},\"image\":{\"@id\":\"https:\/\/www.tecniprecision.com\/ec\/#\/schema\/logo\/image\/\"},\"sameAs\":[\"https:\/\/www.facebook.com\/Tecniprecision\",\"https:\/\/x.com\/tecniprecision1\",\"https:\/\/www.instagram.com\/tecniprecision\/\",\"https:\/\/www.linkedin.com\/in\/tecniprecisi\u00f3n-cia-ltda-2a0755142\/\",\"https:\/\/www.youtube.com\/channel\/UCwnxcuI7Zo0tfYNIw_6OAuA\"]}]}<\/script>\n<!-- \/ Yoast SEO plugin. -->","yoast_head_json":{"title":"Laboratorio con Acreditaci\u00f3n SAE - Tecniprecision Cia. Ltda.","description":"Laboratorio de calibracion con Acreditaci\u00f3n SAE. Garantiza la calidad y validez de tus mediciones calibrando con nosotros.","robots":{"index":"index","follow":"follow","max-snippet":"max-snippet:-1","max-image-preview":"max-image-preview:large","max-video-preview":"max-video-preview:-1"},"canonical":"https:\/\/www.tecniprecision.com\/ec\/acreditacion-sae\/","og_locale":"es_ES","og_type":"article","og_title":"Laboratorio con Acreditaci\u00f3n SAE - Tecniprecision Cia. Ltda.","og_description":"Laboratorio de calibracion con Acreditaci\u00f3n SAE. Garantiza la calidad y validez de tus mediciones calibrando con nosotros.","og_url":"https:\/\/www.tecniprecision.com\/ec\/acreditacion-sae\/","og_site_name":"Tecniprecision Cia. Ltda.","article_publisher":"https:\/\/www.facebook.com\/Tecniprecision","article_modified_time":"2025-07-11T18:13:20+00:00","twitter_card":"summary_large_image","twitter_site":"@tecniprecision1","twitter_misc":{"Tiempo de lectura":"3 minutos"},"schema":{"@context":"https:\/\/schema.org","@graph":[{"@type":"WebPage","@id":"https:\/\/www.tecniprecision.com\/ec\/acreditacion-sae\/","url":"https:\/\/www.tecniprecision.com\/ec\/acreditacion-sae\/","name":"Laboratorio con Acreditaci\u00f3n SAE - Tecniprecision Cia. Ltda.","isPartOf":{"@id":"https:\/\/www.tecniprecision.com\/ec\/#website"},"datePublished":"2020-12-04T18:26:29+00:00","dateModified":"2025-07-11T18:13:20+00:00","description":"Laboratorio de calibracion con Acreditaci\u00f3n SAE. Garantiza la calidad y validez de tus mediciones calibrando con nosotros.","breadcrumb":{"@id":"https:\/\/www.tecniprecision.com\/ec\/acreditacion-sae\/#breadcrumb"},"inLanguage":"es","potentialAction":[{"@type":"ReadAction","target":["https:\/\/www.tecniprecision.com\/ec\/acreditacion-sae\/"]}]},{"@type":"BreadcrumbList","@id":"https:\/\/www.tecniprecision.com\/ec\/acreditacion-sae\/#breadcrumb","itemListElement":[{"@type":"ListItem","position":1,"name":"Portada","item":"https:\/\/www.tecniprecision.com\/ec\/"},{"@type":"ListItem","position":2,"name":"Acreditaci\u00f3n SAE"}]},{"@type":"WebSite","@id":"https:\/\/www.tecniprecision.com\/ec\/#website","url":"https:\/\/www.tecniprecision.com\/ec\/","name":"Tecniprecision Cia. Ltda.","description":"Calibraci\u00f3n de instrumentos y equipos de medici\u00f3n","publisher":{"@id":"https:\/\/www.tecniprecision.com\/ec\/#organization"},"potentialAction":[{"@type":"SearchAction","target":{"@type":"EntryPoint","urlTemplate":"https:\/\/www.tecniprecision.com\/ec\/?s={search_term_string}"},"query-input":{"@type":"PropertyValueSpecification","valueRequired":true,"valueName":"search_term_string"}}],"inLanguage":"es"},{"@type":"Organization","@id":"https:\/\/www.tecniprecision.com\/ec\/#organization","name":"Tecniprecisi\u00f3n C\u00eda. Ltda.","url":"https:\/\/www.tecniprecision.com\/ec\/","logo":{"@type":"ImageObject","inLanguage":"es","@id":"https:\/\/www.tecniprecision.com\/ec\/#\/schema\/logo\/image\/","url":"https:\/\/www.tecniprecision.com\/ec\/wp-content\/uploads\/2020\/11\/Logo-180x60-1.png","contentUrl":"https:\/\/www.tecniprecision.com\/ec\/wp-content\/uploads\/2020\/11\/Logo-180x60-1.png","width":277,"height":91,"caption":"Tecniprecisi\u00f3n C\u00eda. Ltda."},"image":{"@id":"https:\/\/www.tecniprecision.com\/ec\/#\/schema\/logo\/image\/"},"sameAs":["https:\/\/www.facebook.com\/Tecniprecision","https:\/\/x.com\/tecniprecision1","https:\/\/www.instagram.com\/tecniprecision\/","https:\/\/www.linkedin.com\/in\/tecniprecisi\u00f3n-cia-ltda-2a0755142\/","https:\/\/www.youtube.com\/channel\/UCwnxcuI7Zo0tfYNIw_6OAuA"]}]}},"_links":{"self":[{"href":"https:\/\/www.tecniprecision.com\/ec\/wp-json\/wp\/v2\/pages\/431","targetHints":{"allow":["GET"]}}],"collection":[{"href":"https:\/\/www.tecniprecision.com\/ec\/wp-json\/wp\/v2\/pages"}],"about":[{"href":"https:\/\/www.tecniprecision.com\/ec\/wp-json\/wp\/v2\/types\/page"}],"author":[{"embeddable":true,"href":"https:\/\/www.tecniprecision.com\/ec\/wp-json\/wp\/v2\/users\/3"}],"replies":[{"embeddable":true,"href":"https:\/\/www.tecniprecision.com\/ec\/wp-json\/wp\/v2\/comments?post=431"}],"version-history":[{"count":39,"href":"https:\/\/www.tecniprecision.com\/ec\/wp-json\/wp\/v2\/pages\/431\/revisions"}],"predecessor-version":[{"id":1929,"href":"https:\/\/www.tecniprecision.com\/ec\/wp-json\/wp\/v2\/pages\/431\/revisions\/1929"}],"wp:attachment":[{"href":"https:\/\/www.tecniprecision.com\/ec\/wp-json\/wp\/v2\/media?parent=431"}],"curies":[{"name":"wp","href":"https:\/\/api.w.org\/{rel}","templated":true}]}}