{"id":325,"date":"2020-11-30T20:50:53","date_gmt":"2020-11-30T20:50:53","guid":{"rendered":"http:\/\/www.tecniprecision.com\/ec\/?page_id=325"},"modified":"2025-07-11T11:34:10","modified_gmt":"2025-07-11T16:34:10","slug":"politica-de-calidad","status":"publish","type":"page","link":"https:\/\/www.tecniprecision.com\/ec\/politica-de-calidad\/","title":{"rendered":"Pol\u00edtica de calidad"},"content":{"rendered":"<p>[vc_row][vc_column][vc_single_image image=&#8221;429&#8243; img_size=&#8221;full&#8221; css=&#8221;.vc_custom_1607032247774{margin-bottom: 26px !important;}&#8221;][\/vc_column][\/vc_row][vc_row][vc_column][vc_column_text]En TECNIPRECISI\u00d3N, la Direcci\u00f3n y todo el personal del Laboratorio estamos comprometidos con la buena pr\u00e1ctica profesional, la calidad, confiabilidad, confidencialidad, \u00e9tica e imparcialidad en la prestaci\u00f3n de servicios de calibraci\u00f3n, adecu\u00e1ndonos a las necesidades metrol\u00f3gicas de nuestros clientes y en base a m\u00e9todos establecidos por normas nacionales e internacionales.<\/p>\n<p>Para lo anterior, nos comprometemos a mantener y mejorar continuamente la eficacia de nuestro sistema de gesti\u00f3n de la calidad, cuyo prop\u00f3sito es asegurar la calidad de los servicios y garantizar la competencia del Laboratorio desarrollando resultados t\u00e9cnicamente v\u00e1lidos conforme con los requisitos establecidos por la norma ISO\/IEC 17025:2017.<\/p>\n<p>As\u00ed mismo, es obligaci\u00f3n y compromiso de todo el personal el conocer, entender, implementar, mantener y mejorar las pol\u00edticas y procedimientos del sistema de gesti\u00f3n de la calidad, \u00e1mbito de competencia y en sus respectivas magnitudes las cuales comprenden:<\/p>\n<ul>\n<li>Electricidad CC y Baja Frecuencia<\/li>\n<li>Fluidos &#8211; Presi\u00f3n y Vac\u00edo<\/li>\n<li>Mec\u00e1nica &#8211; Momentos<\/li>\n<li>Dimensional &#8211; Longitud<\/li>\n<li>Fluidos &#8211; Volumen<\/li>\n<li>Mec\u00e1nica &#8211; Presi\u00f3n<\/li>\n<li>Termodin\u00e1mica<\/li>\n<li>Tiempo y Frecuencia<\/li>\n<li>Mec\u00e1nica &#8211; Masa<\/li>\n<\/ul>\n<p>&nbsp;<\/p>\n<p>La Gerencia[\/vc_column_text][\/vc_column][\/vc_row]<\/p>\n","protected":false},"excerpt":{"rendered":"<p>[vc_row][vc_column][vc_single_image image=&#8221;429&#8243; img_size=&#8221;full&#8221; css=&#8221;.vc_custom_1607032247774{margin-bottom: 26px !important;}&#8221;][\/vc_column][\/vc_row][vc_row][vc_column][vc_column_text]En TECNIPRECISI\u00d3N, la Direcci\u00f3n y todo el personal del Laboratorio estamos comprometidos con la buena pr\u00e1ctica profesional, la calidad, confiabilidad, confidencialidad, \u00e9tica e imparcialidad en la prestaci\u00f3n de servicios de calibraci\u00f3n, adecu\u00e1ndonos a las necesidades metrol\u00f3gicas de nuestros clientes y en base a m\u00e9todos establecidos por normas nacionales e internacionales. [&hellip;]<\/p>\n","protected":false},"author":3,"featured_media":0,"parent":0,"menu_order":0,"comment_status":"closed","ping_status":"closed","template":"tpl\/page_single.php","meta":{"_joinchat":[],"footnotes":""},"class_list":["post-325","page","type-page","status-publish","hentry"],"yoast_head":"<!-- This site is optimized with the Yoast SEO plugin v26.2 - https:\/\/yoast.com\/wordpress\/plugins\/seo\/ -->\n<title>Pol\u00edtica de calidad - Tecniprecision Cia. Ltda.<\/title>\n<meta name=\"description\" content=\"Pol\u00edtica de calidad. Laboratorio de calibraci\u00f3n comprometido con el mejoramiento continuo y cumplimiento de los requisitos de la norma 17025.\" \/>\n<meta name=\"robots\" content=\"index, follow, max-snippet:-1, max-image-preview:large, max-video-preview:-1\" \/>\n<link rel=\"canonical\" href=\"https:\/\/www.tecniprecision.com\/ec\/politica-de-calidad\/\" \/>\n<meta property=\"og:locale\" content=\"es_ES\" \/>\n<meta property=\"og:type\" content=\"article\" \/>\n<meta property=\"og:title\" content=\"Pol\u00edtica de calidad - Tecniprecision Cia. Ltda.\" \/>\n<meta property=\"og:description\" content=\"Pol\u00edtica de calidad. Laboratorio de calibraci\u00f3n comprometido con el mejoramiento continuo y cumplimiento de los requisitos de la norma 17025.\" \/>\n<meta property=\"og:url\" content=\"https:\/\/www.tecniprecision.com\/ec\/politica-de-calidad\/\" \/>\n<meta property=\"og:site_name\" content=\"Tecniprecision Cia. Ltda.\" \/>\n<meta property=\"article:publisher\" content=\"https:\/\/www.facebook.com\/Tecniprecision\" \/>\n<meta property=\"article:modified_time\" content=\"2025-07-11T16:34:10+00:00\" \/>\n<meta name=\"twitter:card\" content=\"summary_large_image\" \/>\n<meta name=\"twitter:site\" content=\"@tecniprecision1\" \/>\n<meta name=\"twitter:label1\" content=\"Tiempo de lectura\" \/>\n\t<meta name=\"twitter:data1\" content=\"1 minuto\" \/>\n<script type=\"application\/ld+json\" class=\"yoast-schema-graph\">{\"@context\":\"https:\/\/schema.org\",\"@graph\":[{\"@type\":\"WebPage\",\"@id\":\"https:\/\/www.tecniprecision.com\/ec\/politica-de-calidad\/\",\"url\":\"https:\/\/www.tecniprecision.com\/ec\/politica-de-calidad\/\",\"name\":\"Pol\u00edtica de calidad - Tecniprecision Cia. Ltda.\",\"isPartOf\":{\"@id\":\"https:\/\/www.tecniprecision.com\/ec\/#website\"},\"datePublished\":\"2020-11-30T20:50:53+00:00\",\"dateModified\":\"2025-07-11T16:34:10+00:00\",\"description\":\"Pol\u00edtica de calidad. Laboratorio de calibraci\u00f3n comprometido con el mejoramiento continuo y cumplimiento de los requisitos de la norma 17025.\",\"breadcrumb\":{\"@id\":\"https:\/\/www.tecniprecision.com\/ec\/politica-de-calidad\/#breadcrumb\"},\"inLanguage\":\"es\",\"potentialAction\":[{\"@type\":\"ReadAction\",\"target\":[\"https:\/\/www.tecniprecision.com\/ec\/politica-de-calidad\/\"]}]},{\"@type\":\"BreadcrumbList\",\"@id\":\"https:\/\/www.tecniprecision.com\/ec\/politica-de-calidad\/#breadcrumb\",\"itemListElement\":[{\"@type\":\"ListItem\",\"position\":1,\"name\":\"Portada\",\"item\":\"https:\/\/www.tecniprecision.com\/ec\/\"},{\"@type\":\"ListItem\",\"position\":2,\"name\":\"Pol\u00edtica de calidad\"}]},{\"@type\":\"WebSite\",\"@id\":\"https:\/\/www.tecniprecision.com\/ec\/#website\",\"url\":\"https:\/\/www.tecniprecision.com\/ec\/\",\"name\":\"Tecniprecision Cia. Ltda.\",\"description\":\"Calibraci\u00f3n de instrumentos y equipos de medici\u00f3n\",\"publisher\":{\"@id\":\"https:\/\/www.tecniprecision.com\/ec\/#organization\"},\"potentialAction\":[{\"@type\":\"SearchAction\",\"target\":{\"@type\":\"EntryPoint\",\"urlTemplate\":\"https:\/\/www.tecniprecision.com\/ec\/?s={search_term_string}\"},\"query-input\":{\"@type\":\"PropertyValueSpecification\",\"valueRequired\":true,\"valueName\":\"search_term_string\"}}],\"inLanguage\":\"es\"},{\"@type\":\"Organization\",\"@id\":\"https:\/\/www.tecniprecision.com\/ec\/#organization\",\"name\":\"Tecniprecisi\u00f3n C\u00eda. Ltda.\",\"url\":\"https:\/\/www.tecniprecision.com\/ec\/\",\"logo\":{\"@type\":\"ImageObject\",\"inLanguage\":\"es\",\"@id\":\"https:\/\/www.tecniprecision.com\/ec\/#\/schema\/logo\/image\/\",\"url\":\"https:\/\/www.tecniprecision.com\/ec\/wp-content\/uploads\/2020\/11\/Logo-180x60-1.png\",\"contentUrl\":\"https:\/\/www.tecniprecision.com\/ec\/wp-content\/uploads\/2020\/11\/Logo-180x60-1.png\",\"width\":277,\"height\":91,\"caption\":\"Tecniprecisi\u00f3n C\u00eda. Ltda.\"},\"image\":{\"@id\":\"https:\/\/www.tecniprecision.com\/ec\/#\/schema\/logo\/image\/\"},\"sameAs\":[\"https:\/\/www.facebook.com\/Tecniprecision\",\"https:\/\/x.com\/tecniprecision1\",\"https:\/\/www.instagram.com\/tecniprecision\/\",\"https:\/\/www.linkedin.com\/in\/tecniprecisi\u00f3n-cia-ltda-2a0755142\/\",\"https:\/\/www.youtube.com\/channel\/UCwnxcuI7Zo0tfYNIw_6OAuA\"]}]}<\/script>\n<!-- \/ Yoast SEO plugin. -->","yoast_head_json":{"title":"Pol\u00edtica de calidad - Tecniprecision Cia. Ltda.","description":"Pol\u00edtica de calidad. Laboratorio de calibraci\u00f3n comprometido con el mejoramiento continuo y cumplimiento de los requisitos de la norma 17025.","robots":{"index":"index","follow":"follow","max-snippet":"max-snippet:-1","max-image-preview":"max-image-preview:large","max-video-preview":"max-video-preview:-1"},"canonical":"https:\/\/www.tecniprecision.com\/ec\/politica-de-calidad\/","og_locale":"es_ES","og_type":"article","og_title":"Pol\u00edtica de calidad - Tecniprecision Cia. Ltda.","og_description":"Pol\u00edtica de calidad. Laboratorio de calibraci\u00f3n comprometido con el mejoramiento continuo y cumplimiento de los requisitos de la norma 17025.","og_url":"https:\/\/www.tecniprecision.com\/ec\/politica-de-calidad\/","og_site_name":"Tecniprecision Cia. Ltda.","article_publisher":"https:\/\/www.facebook.com\/Tecniprecision","article_modified_time":"2025-07-11T16:34:10+00:00","twitter_card":"summary_large_image","twitter_site":"@tecniprecision1","twitter_misc":{"Tiempo de lectura":"1 minuto"},"schema":{"@context":"https:\/\/schema.org","@graph":[{"@type":"WebPage","@id":"https:\/\/www.tecniprecision.com\/ec\/politica-de-calidad\/","url":"https:\/\/www.tecniprecision.com\/ec\/politica-de-calidad\/","name":"Pol\u00edtica de calidad - Tecniprecision Cia. Ltda.","isPartOf":{"@id":"https:\/\/www.tecniprecision.com\/ec\/#website"},"datePublished":"2020-11-30T20:50:53+00:00","dateModified":"2025-07-11T16:34:10+00:00","description":"Pol\u00edtica de calidad. Laboratorio de calibraci\u00f3n comprometido con el mejoramiento continuo y cumplimiento de los requisitos de la norma 17025.","breadcrumb":{"@id":"https:\/\/www.tecniprecision.com\/ec\/politica-de-calidad\/#breadcrumb"},"inLanguage":"es","potentialAction":[{"@type":"ReadAction","target":["https:\/\/www.tecniprecision.com\/ec\/politica-de-calidad\/"]}]},{"@type":"BreadcrumbList","@id":"https:\/\/www.tecniprecision.com\/ec\/politica-de-calidad\/#breadcrumb","itemListElement":[{"@type":"ListItem","position":1,"name":"Portada","item":"https:\/\/www.tecniprecision.com\/ec\/"},{"@type":"ListItem","position":2,"name":"Pol\u00edtica de calidad"}]},{"@type":"WebSite","@id":"https:\/\/www.tecniprecision.com\/ec\/#website","url":"https:\/\/www.tecniprecision.com\/ec\/","name":"Tecniprecision Cia. Ltda.","description":"Calibraci\u00f3n de instrumentos y equipos de medici\u00f3n","publisher":{"@id":"https:\/\/www.tecniprecision.com\/ec\/#organization"},"potentialAction":[{"@type":"SearchAction","target":{"@type":"EntryPoint","urlTemplate":"https:\/\/www.tecniprecision.com\/ec\/?s={search_term_string}"},"query-input":{"@type":"PropertyValueSpecification","valueRequired":true,"valueName":"search_term_string"}}],"inLanguage":"es"},{"@type":"Organization","@id":"https:\/\/www.tecniprecision.com\/ec\/#organization","name":"Tecniprecisi\u00f3n C\u00eda. Ltda.","url":"https:\/\/www.tecniprecision.com\/ec\/","logo":{"@type":"ImageObject","inLanguage":"es","@id":"https:\/\/www.tecniprecision.com\/ec\/#\/schema\/logo\/image\/","url":"https:\/\/www.tecniprecision.com\/ec\/wp-content\/uploads\/2020\/11\/Logo-180x60-1.png","contentUrl":"https:\/\/www.tecniprecision.com\/ec\/wp-content\/uploads\/2020\/11\/Logo-180x60-1.png","width":277,"height":91,"caption":"Tecniprecisi\u00f3n C\u00eda. Ltda."},"image":{"@id":"https:\/\/www.tecniprecision.com\/ec\/#\/schema\/logo\/image\/"},"sameAs":["https:\/\/www.facebook.com\/Tecniprecision","https:\/\/x.com\/tecniprecision1","https:\/\/www.instagram.com\/tecniprecision\/","https:\/\/www.linkedin.com\/in\/tecniprecisi\u00f3n-cia-ltda-2a0755142\/","https:\/\/www.youtube.com\/channel\/UCwnxcuI7Zo0tfYNIw_6OAuA"]}]}},"_links":{"self":[{"href":"https:\/\/www.tecniprecision.com\/ec\/wp-json\/wp\/v2\/pages\/325","targetHints":{"allow":["GET"]}}],"collection":[{"href":"https:\/\/www.tecniprecision.com\/ec\/wp-json\/wp\/v2\/pages"}],"about":[{"href":"https:\/\/www.tecniprecision.com\/ec\/wp-json\/wp\/v2\/types\/page"}],"author":[{"embeddable":true,"href":"https:\/\/www.tecniprecision.com\/ec\/wp-json\/wp\/v2\/users\/3"}],"replies":[{"embeddable":true,"href":"https:\/\/www.tecniprecision.com\/ec\/wp-json\/wp\/v2\/comments?post=325"}],"version-history":[{"count":14,"href":"https:\/\/www.tecniprecision.com\/ec\/wp-json\/wp\/v2\/pages\/325\/revisions"}],"predecessor-version":[{"id":1918,"href":"https:\/\/www.tecniprecision.com\/ec\/wp-json\/wp\/v2\/pages\/325\/revisions\/1918"}],"wp:attachment":[{"href":"https:\/\/www.tecniprecision.com\/ec\/wp-json\/wp\/v2\/media?parent=325"}],"curies":[{"name":"wp","href":"https:\/\/api.w.org\/{rel}","templated":true}]}}