{"id":295,"date":"2020-11-30T16:43:34","date_gmt":"2020-11-30T16:43:34","guid":{"rendered":"http:\/\/www.tecniprecision.com\/ec\/?page_id=295"},"modified":"2021-07-15T21:32:59","modified_gmt":"2021-07-15T21:32:59","slug":"valores-corporativos","status":"publish","type":"page","link":"https:\/\/www.tecniprecision.com\/ec\/valores-corporativos\/","title":{"rendered":"Valores corporativos"},"content":{"rendered":"<p>[vc_row][vc_column][vc_single_image image=&#8221;425&#8243; img_size=&#8221;full&#8221;][\/vc_column][\/vc_row][vc_row full_height=&#8221;yes&#8221; equal_height=&#8221;yes&#8221; default_id=&#8221;themesflat_1606757012&#8243; parallax_speed=&#8221;4&#8243; parallax_x=&#8221;4&#8243; parallax_y=&#8221;4&#8243; css=&#8221;.vc_custom_1606757044316{margin-bottom: 33px !important;}&#8221;][vc_column width=&#8221;1\/2&#8243;][vc_column_text]<\/p>\n<p style=\"text-align: justify;\">Los valores que comparte una empresa son los pilares de cualquier organizaci\u00f3n. Son las actitudes y comportamiento que nos definen, es lo que nos hace mirar positivamente el mundo, son incentivos, experiencias y costumbres, son una especie de faro y gu\u00eda que nos orientan en nuestro quehacer diario.<\/p>\n<p style=\"text-align: justify;\">Tecniprecisi\u00f3n C\u00eda. Ltda., trabaja basada en estos valores, contribuyendo con los resultados a ser cada d\u00eda mejores y que cada persona que tenga contacto con la empresa sienta el trato y reciba la mejor impresi\u00f3n.<\/p>\n<p>Compartimos los valores de:[\/vc_column_text][vc_empty_space height=&#8221;55px&#8221;][vc_column_text css=&#8221;.vc_custom_1606831455253{padding-top: 5px !important;padding-right: 5px !important;padding-bottom: 5px !important;padding-left: 5px !important;background-image: url(https:\/\/www.tecniprecision.com\/ec\/wp-content\/uploads\/2020\/11\/Pixel-gris.png?id=301) !important;background-position: center !important;background-repeat: no-repeat !important;background-size: cover !important;}&#8221;]<\/p>\n<ul class=\"themesflat-list\">\n<li style=\"line-height: 28px; padding-left: 16px;\">\n<h4><strong style=\"margin-bottom: 7px; display: inline-block;\">\u00c9TICA<\/strong><\/h4>\n<p style=\"text-align: JUSTIFY;\">Honestidad y transparencia con nuestros clientes y el trabajo que realizamos.<\/p>\n<\/li>\n<\/ul>\n<p>[\/vc_column_text][vc_column_text css=&#8221;.vc_custom_1606831471004{padding-top: 5px !important;padding-right: 5px !important;padding-bottom: 5px !important;padding-left: 5px !important;background-image: url(https:\/\/www.tecniprecision.com\/ec\/wp-content\/uploads\/2020\/11\/Pixel-gris.png?id=301) !important;background-position: center !important;background-repeat: no-repeat !important;background-size: cover !important;}&#8221;]<\/p>\n<ul class=\"themesflat-list\">\n<li style=\"line-height: 28px; padding-left: 16px;\">\n<h4><strong style=\"margin-bottom: 7px; display: inline-block;\">COMPROMISO<\/strong><\/h4>\n<p style=\"text-align: JUSTIFY;\">El compromiso transforma nuestra visi\u00f3n empresarial en una realidad poniendo nuestras capacidades al servicio de las tareas encomendadas.<\/p>\n<\/li>\n<\/ul>\n<p>[\/vc_column_text][\/vc_column][vc_column width=&#8221;1\/2&#8243;][vc_column_text css=&#8221;.vc_custom_1606831482971{padding-top: 5px !important;padding-right: 5px !important;padding-bottom: 5px !important;padding-left: 5px !important;background-image: url(https:\/\/www.tecniprecision.com\/ec\/wp-content\/uploads\/2020\/11\/Pixel-gris.png?id=301) !important;background-position: center !important;background-repeat: no-repeat !important;background-size: cover !important;}&#8221;]<\/p>\n<ul class=\"themesflat-list\">\n<li style=\"line-height: 28px; padding-left: 16px;\">\n<h4><strong style=\"margin-bottom: 7px; display: inline-block;\">PROFESIONALIDAD<\/strong><\/h4>\n<p style=\"text-align: JUSTIFY;\">Satisfacer de manera oportuna los requerimientos de nuestros clientes con estricto apego a las normas, un alto nivel de excelencia y calidad del servicio.<\/p>\n<\/li>\n<\/ul>\n<p>[\/vc_column_text][vc_column_text css=&#8221;.vc_custom_1606831495587{padding-top: 5px !important;padding-right: 5px !important;padding-bottom: 5px !important;padding-left: 5px !important;background-image: url(https:\/\/www.tecniprecision.com\/ec\/wp-content\/uploads\/2020\/11\/Pixel-gris.png?id=301) !important;background-position: center !important;background-repeat: no-repeat !important;background-size: cover !important;}&#8221;]<\/p>\n<ul class=\"themesflat-list\">\n<li style=\"line-height: 28px; padding-left: 16px;\">\n<h4><strong style=\"margin-bottom: 7px; display: inline-block;\">TRABAJO EN EQUIPO<\/strong><\/h4>\n<p style=\"text-align: JUSTIFY;\">Trabajando unidos para alcanzar las metas propuestas en nuestros objetivos estrat\u00e9gicos, valorando el aporte de cada trabajador del equipo.<\/p>\n<\/li>\n<\/ul>\n<p>[\/vc_column_text][vc_column_text css=&#8221;.vc_custom_1606831508153{padding-top: 5px !important;padding-right: 5px !important;padding-bottom: 5px !important;padding-left: 5px !important;background-image: url(https:\/\/www.tecniprecision.com\/ec\/wp-content\/uploads\/2020\/11\/Pixel-gris.png?id=301) !important;background-position: center !important;background-repeat: no-repeat !important;background-size: cover !important;}&#8221;]<\/p>\n<ul class=\"themesflat-list\">\n<li style=\"line-height: 28px; padding-left: 16px;\">\n<h4><strong style=\"margin-bottom: 7px; display: inline-block;\">RESPONSABILIDAD<\/strong><\/h4>\n<p style=\"text-align: JUSTIFY;\">Somos conscientes de la importancia de nuestro trabajo, nuestro compromiso con nuestros clientes y el pa\u00eds garantizando la calidad de las mediciones.<\/p>\n<\/li>\n<\/ul>\n<p>[\/vc_column_text][\/vc_column][\/vc_row]<\/p>\n","protected":false},"excerpt":{"rendered":"<p>[vc_row][vc_column][vc_single_image image=&#8221;425&#8243; img_size=&#8221;full&#8221;][\/vc_column][\/vc_row][vc_row full_height=&#8221;yes&#8221; equal_height=&#8221;yes&#8221; default_id=&#8221;themesflat_1606757012&#8243; parallax_speed=&#8221;4&#8243; parallax_x=&#8221;4&#8243; parallax_y=&#8221;4&#8243; css=&#8221;.vc_custom_1606757044316{margin-bottom: 33px !important;}&#8221;][vc_column width=&#8221;1\/2&#8243;][vc_column_text] Los valores que comparte una empresa son los pilares de cualquier organizaci\u00f3n. Son las actitudes y comportamiento que nos definen, es lo que nos hace mirar positivamente el mundo, son incentivos, experiencias y costumbres, son una especie de faro y gu\u00eda que [&hellip;]<\/p>\n","protected":false},"author":3,"featured_media":0,"parent":0,"menu_order":0,"comment_status":"closed","ping_status":"closed","template":"tpl\/page_single.php","meta":{"_joinchat":[],"footnotes":""},"class_list":["post-295","page","type-page","status-publish","hentry"],"yoast_head":"<!-- This site is optimized with the Yoast SEO plugin v26.2 - https:\/\/yoast.com\/wordpress\/plugins\/seo\/ -->\n<title>Valores corporativos - Tecniprecision Cia. Ltda.<\/title>\n<meta name=\"description\" content=\"Valores corporativos que nos definen como empresa de frente a los clientes. Servicio de calibraci\u00f3n comprometido y con responsabilidad.\" \/>\n<meta name=\"robots\" content=\"index, follow, max-snippet:-1, max-image-preview:large, max-video-preview:-1\" \/>\n<link rel=\"canonical\" href=\"https:\/\/www.tecniprecision.com\/ec\/valores-corporativos\/\" \/>\n<meta property=\"og:locale\" content=\"es_ES\" \/>\n<meta property=\"og:type\" content=\"article\" \/>\n<meta property=\"og:title\" content=\"Valores corporativos - Tecniprecision Cia. Ltda.\" \/>\n<meta property=\"og:description\" content=\"Valores corporativos que nos definen como empresa de frente a los clientes. Servicio de calibraci\u00f3n comprometido y con responsabilidad.\" \/>\n<meta property=\"og:url\" content=\"https:\/\/www.tecniprecision.com\/ec\/valores-corporativos\/\" \/>\n<meta property=\"og:site_name\" content=\"Tecniprecision Cia. Ltda.\" \/>\n<meta property=\"article:publisher\" content=\"https:\/\/www.facebook.com\/Tecniprecision\" \/>\n<meta property=\"article:modified_time\" content=\"2021-07-15T21:32:59+00:00\" \/>\n<meta name=\"twitter:card\" content=\"summary_large_image\" \/>\n<meta name=\"twitter:site\" content=\"@tecniprecision1\" \/>\n<meta name=\"twitter:label1\" content=\"Tiempo de lectura\" \/>\n\t<meta name=\"twitter:data1\" content=\"2 minutos\" \/>\n<script type=\"application\/ld+json\" class=\"yoast-schema-graph\">{\"@context\":\"https:\/\/schema.org\",\"@graph\":[{\"@type\":\"WebPage\",\"@id\":\"https:\/\/www.tecniprecision.com\/ec\/valores-corporativos\/\",\"url\":\"https:\/\/www.tecniprecision.com\/ec\/valores-corporativos\/\",\"name\":\"Valores corporativos - Tecniprecision Cia. Ltda.\",\"isPartOf\":{\"@id\":\"https:\/\/www.tecniprecision.com\/ec\/#website\"},\"datePublished\":\"2020-11-30T16:43:34+00:00\",\"dateModified\":\"2021-07-15T21:32:59+00:00\",\"description\":\"Valores corporativos que nos definen como empresa de frente a los clientes. Servicio de calibraci\u00f3n comprometido y con responsabilidad.\",\"breadcrumb\":{\"@id\":\"https:\/\/www.tecniprecision.com\/ec\/valores-corporativos\/#breadcrumb\"},\"inLanguage\":\"es\",\"potentialAction\":[{\"@type\":\"ReadAction\",\"target\":[\"https:\/\/www.tecniprecision.com\/ec\/valores-corporativos\/\"]}]},{\"@type\":\"BreadcrumbList\",\"@id\":\"https:\/\/www.tecniprecision.com\/ec\/valores-corporativos\/#breadcrumb\",\"itemListElement\":[{\"@type\":\"ListItem\",\"position\":1,\"name\":\"Portada\",\"item\":\"https:\/\/www.tecniprecision.com\/ec\/\"},{\"@type\":\"ListItem\",\"position\":2,\"name\":\"Valores corporativos\"}]},{\"@type\":\"WebSite\",\"@id\":\"https:\/\/www.tecniprecision.com\/ec\/#website\",\"url\":\"https:\/\/www.tecniprecision.com\/ec\/\",\"name\":\"Tecniprecision Cia. Ltda.\",\"description\":\"Calibraci\u00f3n de instrumentos y equipos de medici\u00f3n\",\"publisher\":{\"@id\":\"https:\/\/www.tecniprecision.com\/ec\/#organization\"},\"potentialAction\":[{\"@type\":\"SearchAction\",\"target\":{\"@type\":\"EntryPoint\",\"urlTemplate\":\"https:\/\/www.tecniprecision.com\/ec\/?s={search_term_string}\"},\"query-input\":{\"@type\":\"PropertyValueSpecification\",\"valueRequired\":true,\"valueName\":\"search_term_string\"}}],\"inLanguage\":\"es\"},{\"@type\":\"Organization\",\"@id\":\"https:\/\/www.tecniprecision.com\/ec\/#organization\",\"name\":\"Tecniprecisi\u00f3n C\u00eda. Ltda.\",\"url\":\"https:\/\/www.tecniprecision.com\/ec\/\",\"logo\":{\"@type\":\"ImageObject\",\"inLanguage\":\"es\",\"@id\":\"https:\/\/www.tecniprecision.com\/ec\/#\/schema\/logo\/image\/\",\"url\":\"https:\/\/www.tecniprecision.com\/ec\/wp-content\/uploads\/2020\/11\/Logo-180x60-1.png\",\"contentUrl\":\"https:\/\/www.tecniprecision.com\/ec\/wp-content\/uploads\/2020\/11\/Logo-180x60-1.png\",\"width\":277,\"height\":91,\"caption\":\"Tecniprecisi\u00f3n C\u00eda. Ltda.\"},\"image\":{\"@id\":\"https:\/\/www.tecniprecision.com\/ec\/#\/schema\/logo\/image\/\"},\"sameAs\":[\"https:\/\/www.facebook.com\/Tecniprecision\",\"https:\/\/x.com\/tecniprecision1\",\"https:\/\/www.instagram.com\/tecniprecision\/\",\"https:\/\/www.linkedin.com\/in\/tecniprecisi\u00f3n-cia-ltda-2a0755142\/\",\"https:\/\/www.youtube.com\/channel\/UCwnxcuI7Zo0tfYNIw_6OAuA\"]}]}<\/script>\n<!-- \/ Yoast SEO plugin. -->","yoast_head_json":{"title":"Valores corporativos - Tecniprecision Cia. Ltda.","description":"Valores corporativos que nos definen como empresa de frente a los clientes. Servicio de calibraci\u00f3n comprometido y con responsabilidad.","robots":{"index":"index","follow":"follow","max-snippet":"max-snippet:-1","max-image-preview":"max-image-preview:large","max-video-preview":"max-video-preview:-1"},"canonical":"https:\/\/www.tecniprecision.com\/ec\/valores-corporativos\/","og_locale":"es_ES","og_type":"article","og_title":"Valores corporativos - Tecniprecision Cia. Ltda.","og_description":"Valores corporativos que nos definen como empresa de frente a los clientes. Servicio de calibraci\u00f3n comprometido y con responsabilidad.","og_url":"https:\/\/www.tecniprecision.com\/ec\/valores-corporativos\/","og_site_name":"Tecniprecision Cia. Ltda.","article_publisher":"https:\/\/www.facebook.com\/Tecniprecision","article_modified_time":"2021-07-15T21:32:59+00:00","twitter_card":"summary_large_image","twitter_site":"@tecniprecision1","twitter_misc":{"Tiempo de lectura":"2 minutos"},"schema":{"@context":"https:\/\/schema.org","@graph":[{"@type":"WebPage","@id":"https:\/\/www.tecniprecision.com\/ec\/valores-corporativos\/","url":"https:\/\/www.tecniprecision.com\/ec\/valores-corporativos\/","name":"Valores corporativos - Tecniprecision Cia. Ltda.","isPartOf":{"@id":"https:\/\/www.tecniprecision.com\/ec\/#website"},"datePublished":"2020-11-30T16:43:34+00:00","dateModified":"2021-07-15T21:32:59+00:00","description":"Valores corporativos que nos definen como empresa de frente a los clientes. Servicio de calibraci\u00f3n comprometido y con responsabilidad.","breadcrumb":{"@id":"https:\/\/www.tecniprecision.com\/ec\/valores-corporativos\/#breadcrumb"},"inLanguage":"es","potentialAction":[{"@type":"ReadAction","target":["https:\/\/www.tecniprecision.com\/ec\/valores-corporativos\/"]}]},{"@type":"BreadcrumbList","@id":"https:\/\/www.tecniprecision.com\/ec\/valores-corporativos\/#breadcrumb","itemListElement":[{"@type":"ListItem","position":1,"name":"Portada","item":"https:\/\/www.tecniprecision.com\/ec\/"},{"@type":"ListItem","position":2,"name":"Valores corporativos"}]},{"@type":"WebSite","@id":"https:\/\/www.tecniprecision.com\/ec\/#website","url":"https:\/\/www.tecniprecision.com\/ec\/","name":"Tecniprecision Cia. Ltda.","description":"Calibraci\u00f3n de instrumentos y equipos de medici\u00f3n","publisher":{"@id":"https:\/\/www.tecniprecision.com\/ec\/#organization"},"potentialAction":[{"@type":"SearchAction","target":{"@type":"EntryPoint","urlTemplate":"https:\/\/www.tecniprecision.com\/ec\/?s={search_term_string}"},"query-input":{"@type":"PropertyValueSpecification","valueRequired":true,"valueName":"search_term_string"}}],"inLanguage":"es"},{"@type":"Organization","@id":"https:\/\/www.tecniprecision.com\/ec\/#organization","name":"Tecniprecisi\u00f3n C\u00eda. Ltda.","url":"https:\/\/www.tecniprecision.com\/ec\/","logo":{"@type":"ImageObject","inLanguage":"es","@id":"https:\/\/www.tecniprecision.com\/ec\/#\/schema\/logo\/image\/","url":"https:\/\/www.tecniprecision.com\/ec\/wp-content\/uploads\/2020\/11\/Logo-180x60-1.png","contentUrl":"https:\/\/www.tecniprecision.com\/ec\/wp-content\/uploads\/2020\/11\/Logo-180x60-1.png","width":277,"height":91,"caption":"Tecniprecisi\u00f3n C\u00eda. Ltda."},"image":{"@id":"https:\/\/www.tecniprecision.com\/ec\/#\/schema\/logo\/image\/"},"sameAs":["https:\/\/www.facebook.com\/Tecniprecision","https:\/\/x.com\/tecniprecision1","https:\/\/www.instagram.com\/tecniprecision\/","https:\/\/www.linkedin.com\/in\/tecniprecisi\u00f3n-cia-ltda-2a0755142\/","https:\/\/www.youtube.com\/channel\/UCwnxcuI7Zo0tfYNIw_6OAuA"]}]}},"_links":{"self":[{"href":"https:\/\/www.tecniprecision.com\/ec\/wp-json\/wp\/v2\/pages\/295","targetHints":{"allow":["GET"]}}],"collection":[{"href":"https:\/\/www.tecniprecision.com\/ec\/wp-json\/wp\/v2\/pages"}],"about":[{"href":"https:\/\/www.tecniprecision.com\/ec\/wp-json\/wp\/v2\/types\/page"}],"author":[{"embeddable":true,"href":"https:\/\/www.tecniprecision.com\/ec\/wp-json\/wp\/v2\/users\/3"}],"replies":[{"embeddable":true,"href":"https:\/\/www.tecniprecision.com\/ec\/wp-json\/wp\/v2\/comments?post=295"}],"version-history":[{"count":21,"href":"https:\/\/www.tecniprecision.com\/ec\/wp-json\/wp\/v2\/pages\/295\/revisions"}],"predecessor-version":[{"id":742,"href":"https:\/\/www.tecniprecision.com\/ec\/wp-json\/wp\/v2\/pages\/295\/revisions\/742"}],"wp:attachment":[{"href":"https:\/\/www.tecniprecision.com\/ec\/wp-json\/wp\/v2\/media?parent=295"}],"curies":[{"name":"wp","href":"https:\/\/api.w.org\/{rel}","templated":true}]}}