{"id":26,"date":"2020-11-29T19:30:16","date_gmt":"2020-11-29T19:30:16","guid":{"rendered":"http:http:http:\/\/www.tecniprecision.com\/ec\/http:\/\/www.tecniprecision.com\/ec\/www.tecniprecision.comhttp:\/\/www.tecniprecision.com\/ec\/echttp:\/\/www.tecniprecision.com\/ec\/http:http:\/\/www.tecniprecision.com\/ec\/http:\/\/www.tecniprecision.com\/ec\/www.tecniprecision"},"modified":"2025-06-16T12:50:54","modified_gmt":"2025-06-16T17:50:54","slug":"contactanos-servicio-de-calibracion","status":"publish","type":"page","link":"https:\/\/www.tecniprecision.com\/ec\/contactanos-servicio-de-calibracion\/","title":{"rendered":"Cont\u00e1ctanos"},"content":{"rendered":"<p>[vc_row][vc_column]<div class=\"title-section   vc_custom_1609774832985 \">\r\n\t\t<h2 class=\"title\">\r\n\t\t\tCONT\u00c1CTANOS. SERVICIO DE CALIBRACI\u00d3N DE INSTRUMENTOS DE MEDICI\u00d3N\t\t\t\r\n\t\t<\/h2>\t\t\r\n\t\t\r\n\t\t\t<div class=\"title-content\">\r\n\t\t\t\t<div style=\"margin-top: -11px;\">-Brindamos el mejor servicio de calibraci\u00f3n con una atenci\u00f3n enfocada a garantizar la trazabilidad metrol\u00f3gica de nuestros clientes.<\/div>\n<div>-Realizamos el retiro y devoluci\u00f3n de\u00a0 sus instrumentos en su domicilio con la mayor seguridad.<\/div>\n\r\n\t\t\t<\/div>\r\n\r\n\t<\/div>[\/vc_column][\/vc_row][vc_row equal_height=&#8221;yes&#8221; default_id=&#8221;themesflat_1496463421&#8243; css=&#8221;.vc_custom_1496463427636{padding-bottom: 2px !important;}&#8221;][vc_column offset=&#8221;vc_col-lg-4 vc_col-md-4&#8243;]<div class=\"themesflat_iconbox  inline-left transparent  vc_custom_1736529456663\" >\r\n\t\t\r\n\t\t<div class=\"iconbox-icon\" style=\"width: 60px;height: 60px;background-color:\"><div class=\"icon\"><span class=\"\" style=\"line-height: 60px;color:;font-size: 40px\"><\/span><\/div><\/div>\r\n\t\t<div class=\"iconbox-content\">\r\n\t\t\t<h4 class=\"title\" style=\"font-size: px;font-weight:\">Direcci\u00f3n Matriz Laboratorio<\/h4>\r\n\t\t\t\r\n\t\t\t<p style=\"margin-top: -7px; letter-spacing: -0.01px; margin-bottom: 0px;\"><a href=\"https:\/\/maps.app.goo.gl\/QNGFWvnYA11XuUP86\">Av. Galo Plaza Lasso N65-95 y Bellavista.Quito. Ecuador<\/a><\/p>\n\r\n\t\t\t\r\n\t\t<\/div>\r\n\t<\/div>[vc_empty_space height=&#8221;100px&#8221;]<div class=\"themesflat_iconbox  inline-left transparent  vc_custom_1736529670321\" >\r\n\t\t\r\n\t\t<div class=\"iconbox-icon\" style=\"width: 60px;height: 60px;background-color:\"><div class=\"icon\"><span class=\"\" style=\"line-height: 60px;color:;font-size: 40px\"><\/span><\/div><\/div>\r\n\t\t<div class=\"iconbox-content\">\r\n\t\t\t<h4 class=\"title\" style=\"font-size: px;font-weight:\">Direcci\u00f3n Recepci\u00f3n de Equipos<\/h4>\r\n\t\t\t\r\n\t\t\t<p><strong>GUAYAQUIL<\/strong><\/p>\n<p style=\"margin-top: -7px; letter-spacing: -0.01px; margin-bottom: 0px;\"><a href=\"https:\/\/maps.app.goo.gl\/noQujYq4uAtLMTmc7\">Sector Urdesa, Av. Jorge P\u00e9rez Concha #613, entre las calles Monjas y Ficus<\/a><\/p>\n<p>&nbsp;<\/p>\n<p><strong>EL COCA<\/strong><\/p>\n<p class=\"cvGsUA direction-ltr align-center para-style-body\"><a href=\"https:\/\/maps.app.goo.gl\/DMGK5pnXMDgQr1hG8\"><span class=\"OYPEnA font-feature-liga-off font-feature-clig-off font-feature-calt-off text-decoration-none text-strikethrough-none\">Edificio Multicable del Ecuador <\/span><span class=\"OYPEnA font-feature-liga-off font-feature-clig-off font-feature-calt-off text-decoration-none text-strikethrough-none\">Av. Alejandro Labaka y Vidal <\/span><span class=\"OYPEnA font-feature-liga-off font-feature-clig-off font-feature-calt-off text-decoration-none text-strikethrough-none\">Frente a Casabaca Toyota<\/span><\/a><\/p>\n\r\n\t\t\t\r\n\t\t<\/div>\r\n\t<\/div>[\/vc_column][vc_column offset=&#8221;vc_col-lg-4 vc_col-md-4&#8243;]<div class=\"themesflat_iconbox  inline-left transparent  vc_custom_1655304390789\" >\r\n\t\t\r\n\t\t<div class=\"iconbox-icon\" style=\"width: 61px;height: 61px;background-color:\"><div class=\"icon\"><span class=\"\" style=\"line-height: 61px;color:;font-size: 40px\"><\/span><\/div><\/div>\r\n\t\t<div class=\"iconbox-content\">\r\n\t\t\t<h4 class=\"title\" style=\"font-size: px;font-weight:\">N\u00fameros telef\u00f3nicos<\/h4>\r\n\t\t\t\r\n\t\t\t<div class=\"sub-title\">\r\n\t\t\t\tAsesor Comercial Quito\r\n\t\t\t<\/div>\r\n\t\t\t<p>Celular (+593) 98 783 6855<br \/>\nWhatsApp (+593) 98 495 0765<br \/>\nTlf01 (+593) 02 3464 324<br \/>\nTlf02 (+593) 02 6035 811<br \/>\nTlf03 (+593) 02 6001 375<\/p>\n\r\n\t\t\t\r\n\t\t<\/div>\r\n\t<\/div><div class=\"themesflat_iconbox  inline-left transparent  vc_custom_1736529744883\" >\r\n\t\t\r\n\t\t<div class=\"iconbox-icon\" style=\"width: 61px;height: 61px;background-color:\"><div class=\"icon\"><span class=\"\" style=\"line-height: 61px;color:;font-size: 40px\"><\/span><\/div><\/div>\r\n\t\t<div class=\"iconbox-content\">\r\n\t\t\t<h4 class=\"title\" style=\"font-size: px;font-weight:\">N\u00fameros telef\u00f3nicos<\/h4>\r\n\t\t\t\r\n\t\t\t<div class=\"sub-title\">\r\n\t\t\t\tAsesor Comercial Guayaquil\r\n\t\t\t<\/div>\r\n\t\t\t<p><strong>GUAYAQUIL<\/strong><\/p>\n<p style=\"margin-bottom: 0; margin-top: -7px; letter-spacing: 0.01px;\">Tlf01 (+593) 04 5193127<br \/>\nCelular (+593) 98 069 4812<\/p>\n<p><strong><br \/>\nEL COCA<\/strong><\/p>\n<p>Celular (+593) 98 857 6242<\/p>\n\r\n\t\t\t\r\n\t\t<\/div>\r\n\t<\/div>[\/vc_column][vc_column offset=&#8221;vc_col-lg-4 vc_col-md-4&#8243;]<div class=\"themesflat_iconbox  inline-left transparent  vc_custom_1707229055592\" >\r\n\t\t\r\n\t\t<div class=\"iconbox-icon\" style=\"width: 60px;height: 60px;background-color:\"><div class=\"icon\"><span class=\"\" style=\"line-height: 60px;color:;font-size: 40px\"><\/span><\/div><\/div>\r\n\t\t<div class=\"iconbox-content\">\r\n\t\t\t<h4 class=\"title\" style=\"font-size: px;font-weight:\">Email<\/h4>\r\n\t\t\t\r\n\t\t\t<p style=\"margin-top: -7px; letter-spacing: 0.1px; margin-bottom: 0px;\">comercial@tecniprecision.com<br \/>\nventas@tecniprecision.com<br \/>\nventas1@tecniprecision.com<br \/>\nventas2@tecniprecision.com<br \/>\nasesor@tecniprecision.com<\/p>\n\r\n\t\t\t\r\n\t\t<\/div>\r\n\t<\/div><div class=\"themesflat_iconbox  inline-left transparent  vc_custom_1736529817288\" >\r\n\t\t\r\n\t\t<div class=\"iconbox-icon\" style=\"width: 60px;height: 60px;background-color:\"><div class=\"icon\"><span class=\"\" style=\"line-height: 60px;color:;font-size: 40px\"><\/span><\/div><\/div>\r\n\t\t<div class=\"iconbox-content\">\r\n\t\t\t<h4 class=\"title\" style=\"font-size: px;font-weight:\">Email<\/h4>\r\n\t\t\t\r\n\t\t\t<p><strong>GUAYAQUIL<\/strong><\/p>\n<p>sucursalguayaquil@tecniprecision.com<br \/>\nasesor3@tecniprecision.com<\/p>\n<p>&nbsp;<\/p>\n<p><strong>EL COCA<\/strong><\/p>\n<p>sucursalcoca@tecniprecision.com<br \/>\nasesor2@tecniprecision.com<\/p>\n\r\n\t\t\t\r\n\t\t<\/div>\r\n\t<\/div>[\/vc_column][\/vc_row][vc_row][vc_column][vc_separator][\/vc_column][\/vc_row][vc_row][vc_column][vc_column_text]<\/p>\n<h3 style=\"text-align: center;\">PRESENTACI\u00d3N DE SERVICIOS<\/h3>\n<p style=\"text-align: center;\">Conozca nuestros servicios y los de nuestros partners descargando las presentaciones empresariales.<\/p>\n<p>[\/vc_column_text][\/vc_column][\/vc_row][vc_row][vc_column width=&#8221;1\/3&#8243;][vc_btn title=&#8221;Brochure Tecnimetro&#8221; color=&#8221;vista-blue&#8221; align=&#8221;center&#8221; i_icon_fontawesome=&#8221;far fa-arrow-alt-circle-down&#8221; add_icon=&#8221;true&#8221; link=&#8221;url:https%3A%2F%2Fwww.tecnimetro.com.ec%2Fwp-content%2Fuploads%2F2025%2F01%2FPresentacion-Empresarial-Tecnimetro-2025.pdf|target:_blank&#8221;][\/vc_column][vc_column width=&#8221;1\/3&#8243;][vc_btn title=&#8221;Brochure Tecniprecisi\u00f3n&#8221; color=&#8221;success&#8221; align=&#8221;center&#8221; i_icon_fontawesome=&#8221;far fa-arrow-alt-circle-down&#8221; add_icon=&#8221;true&#8221; link=&#8221;url:https%3A%2F%2Fwww.tecniprecision.com%2Fec%2Fwp-content%2Fuploads%2F2025%2F01%2FPresentacion-empresarial-Tecniprecision-2025-1.pdf|target:_blank&#8221;][\/vc_column][vc_column width=&#8221;1\/3&#8243;][vc_btn title=&#8221;Brochure Tecnicomercio&#8221; color=&#8221;primary&#8221; align=&#8221;center&#8221; i_icon_fontawesome=&#8221;far fa-arrow-alt-circle-down&#8221; add_icon=&#8221;true&#8221; link=&#8221;url:https%3A%2F%2Fwww.tecnicomercio.com%2Fwp-content%2Fuploads%2F2025%2F01%2FPresentacion-empresarial-Tecnicomercio-2025.pdf|target:_blank&#8221;][\/vc_column][\/vc_row][vc_row][vc_column][vc_separator][\/vc_column][\/vc_row][vc_row parallax_speed=&#8221;4&#8243; parallax_x=&#8221;4&#8243; parallax_y=&#8221;4&#8243; css=&#8221;.vc_custom_1493806806900{padding-bottom: 0px !important;}&#8221;][vc_column width=&#8221;1\/2&#8243; css=&#8221;.vc_custom_1608215891882{background-color: #e0e0e0 !important;border-radius: 2px !important;}&#8221;]<div class=\"title-section   vc_custom_1606772118669 \">\r\n\t\t<h2 class=\"title\">\r\n\t\t\tFORMULARIO DE CONTACTO\t\t\t\r\n\t\t<\/h2>\t\t\r\n\t\t\r\n\t\t\t<div class=\"title-content\">\r\n\t\t\t\t<div style=\"margin-top: -11px;\">Su direcci\u00f3n de correo electr\u00f3nico no ser\u00e1 publicada. Los campos obligatorios est\u00e1n marcados con *<\/div>\n\r\n\t\t\t<\/div>\r\n\r\n\t<\/div>\n<div class=\"wpcf7 no-js\" id=\"wpcf7-f7-o1\" lang=\"es-ES\" dir=\"ltr\" data-wpcf7-id=\"7\">\n<div class=\"screen-reader-response\"><p role=\"status\" aria-live=\"polite\" aria-atomic=\"true\"><\/p> <ul><\/ul><\/div>\n<form action=\"\/ec\/wp-json\/wp\/v2\/pages\/26#wpcf7-f7-o1\" method=\"post\" class=\"wpcf7-form init\" aria-label=\"Formulario de contacto\" novalidate=\"novalidate\" data-status=\"init\">\n<fieldset class=\"hidden-fields-container\"><input type=\"hidden\" name=\"_wpcf7\" value=\"7\" \/><input type=\"hidden\" name=\"_wpcf7_version\" value=\"6.1.2\" \/><input type=\"hidden\" name=\"_wpcf7_locale\" value=\"es_ES\" \/><input type=\"hidden\" name=\"_wpcf7_unit_tag\" value=\"wpcf7-f7-o1\" \/><input type=\"hidden\" name=\"_wpcf7_container_post\" value=\"0\" \/><input type=\"hidden\" name=\"_wpcf7_posted_data_hash\" value=\"\" \/><input type=\"hidden\" name=\"_wpcf7cf_hidden_group_fields\" value=\"[]\" \/><input type=\"hidden\" name=\"_wpcf7cf_hidden_groups\" value=\"[]\" \/><input type=\"hidden\" name=\"_wpcf7cf_visible_groups\" value=\"[]\" \/><input type=\"hidden\" name=\"_wpcf7cf_repeaters\" value=\"[]\" \/><input type=\"hidden\" name=\"_wpcf7cf_steps\" value=\"{}\" \/><input type=\"hidden\" name=\"_wpcf7cf_options\" value=\"{&quot;form_id&quot;:7,&quot;conditions&quot;:[],&quot;settings&quot;:{&quot;animation&quot;:&quot;yes&quot;,&quot;animation_intime&quot;:200,&quot;animation_outtime&quot;:200,&quot;conditions_ui&quot;:&quot;normal&quot;,&quot;notice_dismissed&quot;:false}}\" \/><input type=\"hidden\" name=\"_wpcf7_recaptcha_response\" value=\"\" \/>\n<\/fieldset>\n<div class=\"uacf7-form-wrapper-container uacf7-form-7  \"><div class=\"row gutter-10 contactform4\">\n<div class=\"col-sm-6\"><span class=\"wpcf7-form-control-wrap\" data-name=\"your-name\"><input size=\"40\" maxlength=\"400\" class=\"wpcf7-form-control wpcf7-text wpcf7-validates-as-required\" aria-required=\"true\" aria-invalid=\"false\" placeholder=\"Su nombre*\" value=\"\" type=\"text\" name=\"your-name\" \/><\/span><\/div>\n<div class=\"col-sm-6\"><span class=\"wpcf7-form-control-wrap\" data-name=\"your-email\"><input size=\"40\" maxlength=\"400\" class=\"wpcf7-form-control wpcf7-email wpcf7-validates-as-required wpcf7-text wpcf7-validates-as-email\" aria-required=\"true\" aria-invalid=\"false\" placeholder=\"Email*\" value=\"\" type=\"email\" name=\"your-email\" \/><\/span><\/div>\n<div class=\"col-sm-6\"> <span class=\"wpcf7-form-control-wrap\" data-name=\"your-phone\"><input size=\"40\" maxlength=\"400\" class=\"wpcf7-form-control wpcf7-text\" aria-invalid=\"false\" placeholder=\"Tel\u00e9fono*\" value=\"\" type=\"text\" name=\"your-phone\" \/><\/span> <\/div>\n<div class=\"col-sm-6\"> <span class=\"wpcf7-form-control-wrap\" data-name=\"your-subject\"><input size=\"40\" maxlength=\"400\" class=\"wpcf7-form-control wpcf7-text\" aria-invalid=\"false\" placeholder=\"Asunto*\" value=\"\" type=\"text\" name=\"your-subject\" \/><\/span> <\/div>\n<div class=\"col-sm-12\"><span class=\"wpcf7-form-control-wrap\" data-name=\"your-message\"><textarea cols=\"40\" rows=\"10\" maxlength=\"2000\" class=\"wpcf7-form-control wpcf7-textarea\" aria-invalid=\"false\" placeholder=\"Mensaje*\" name=\"your-message\"><\/textarea><\/span> <\/div>\n<div class=\"col-sm-12\"><span class=\"wpcf7-form-control-wrap\" data-name=\"Aceptacion\"><span class=\"wpcf7-form-control wpcf7-acceptance\"><span class=\"wpcf7-list-item\"><label><input type=\"checkbox\" name=\"Aceptacion\" value=\"1\" aria-invalid=\"false\" \/><span class=\"wpcf7-list-item-label\">Acepta <a href=\"https:\/\/www.tecniprecision.com\/ec\/politicas-de-privacidad\/\" target=\"_blank\">Pol\u00edticas de privacidad*<\/a><\/span><\/label><\/span><\/span><\/span><\/div>\n\n\n<div class=\"col-sm-12\"><span class=\"wpcf7-form-control-wrap recaptcha\" data-name=\"recaptcha\"><span data-sitekey=\"6Lc1paQdAAAAAGuCm0oBbb_Ehbpnyy1KljXEIMx2\" class=\"wpcf7-form-control wpcf7-recaptcha g-recaptcha\"><\/span>\r\n<noscript>\r\n\t<div class=\"grecaptcha-noscript\">\r\n\t\t<iframe loading=\"lazy\" src=\"https:\/\/www.google.com\/recaptcha\/api\/fallback?k=6Lc1paQdAAAAAGuCm0oBbb_Ehbpnyy1KljXEIMx2\" frameborder=\"0\" scrolling=\"no\" width=\"310\" height=\"430\">\r\n\t\t<\/iframe>\r\n\t\t<textarea name=\"g-recaptcha-response\" rows=\"3\" cols=\"40\" placeholder=\"Aqu\u00ed la respuesta de reCAPTCHA\">\r\n\t\t<\/textarea>\r\n\t<\/div>\r\n<\/noscript>\r\n<\/span><\/div>\n<div class=\"col-sm-12\"><input class=\"wpcf7-form-control wpcf7-submit has-spinner\" type=\"submit\" value=\"ENVIAR\" \/><\/div>\n<\/div><\/div><p style=\"display: none !important;\" class=\"akismet-fields-container\" data-prefix=\"_wpcf7_ak_\"><label>&#916;<textarea name=\"_wpcf7_ak_hp_textarea\" cols=\"45\" rows=\"8\" maxlength=\"100\"><\/textarea><\/label><input type=\"hidden\" id=\"ak_js_1\" name=\"_wpcf7_ak_js\" value=\"47\"\/><script>document.getElementById( \"ak_js_1\" ).setAttribute( \"value\", ( new Date() ).getTime() );<\/script><\/p><input type='hidden' class='wpcf7-pum' value='{\"closepopup\":false,\"closedelay\":0,\"openpopup\":false,\"openpopup_id\":0}' \/><div class=\"wpcf7-response-output\" aria-hidden=\"true\"><\/div>\n<\/form>\n<\/div>\n\r\n\t\t<div class=\"themesflat-spacer \" data-desktop=\"20\" data-mobile=\"40\" data-smobile=\"30\">\t\t\t\r\n\t\t<\/div>[\/vc_column][vc_column width=&#8221;1\/2&#8243;]<div class=\"title-section   vc_custom_1606772165884 \">\r\n\t\t<h2 class=\"title\">\r\n\t\t\tUBICACI\u00d3N EN EL MAPA\t\t\t\r\n\t\t<\/h2>\t\t\r\n\t\t\r\n\t\t\t<div class=\"title-content\">\r\n\t\t\t\t<div style=\"margin-top: -11px;\">Encu\u00e9ntrenos en la aplicaci\u00f3n<\/div>\n\r\n\t\t\t<\/div>\r\n\r\n\t<\/div>[vc_gmaps link=&#8221;#E-8_JTNDaWZyYW1lJTIwc3JjJTNEJTIyaHR0cHMlM0ElMkYlMkZ3d3cuZ29vZ2xlLmNvbSUyRm1hcHMlMkZlbWJlZCUzRnBiJTNEJTIxMW0xOCUyMTFtMTIlMjExbTMlMjExZDM5ODkuODEwMDQyMjAyMzExNyUyMTJkLTc4LjQ4MjA1MTk4NTY5OTY4JTIxM2QtMC4xMTY3MTUyMzU1MDAyMzMyNCUyMTJtMyUyMTFmMCUyMTJmMCUyMTNmMCUyMTNtMiUyMTFpMTAyNCUyMTJpNzY4JTIxNGYxMy4xJTIxM20zJTIxMW0yJTIxMXMweDkxZDU4NTYwZDI1YjE5MTUlMjUzQTB4Yjk4YWRjNTQ3OGI2NTkyZCUyMTJzVGVjbmlwcmVjaXNpb24lMjUyMENpYS4lMjUyMEx0ZGElMjE1ZTAlMjEzbTIlMjExc2VzJTIxMnNlYyUyMTR2MTYwNjc3MjIwNDk3MyUyMTVtMiUyMTFzZXMlMjEyc2VjJTIyJTIwd2lkdGglM0QlMjI2MDAlMjIlMjBoZWlnaHQlM0QlMjI0NTAlMjIlMjBmcmFtZWJvcmRlciUzRCUyMjAlMjIlMjBzdHlsZSUzRCUyMmJvcmRlciUzQTAlM0IlMjIlMjBhbGxvd2Z1bGxzY3JlZW4lM0QlMjIlMjIlMjBhcmlhLWhpZGRlbiUzRCUyMmZhbHNlJTIyJTIwdGFiaW5kZXglM0QlMjIwJTIyJTNFJTNDJTJGaWZyYW1lJTNF&#8221; size=&#8221;395&#8243; css=&#8221;.vc_custom_1606772400569{margin-bottom: 30px !important;}&#8221;][\/vc_column][\/vc_row]<\/p>\n","protected":false},"excerpt":{"rendered":"<p>[vc_row][vc_column][\/vc_column][\/vc_row][vc_row equal_height=&#8221;yes&#8221; default_id=&#8221;themesflat_1496463421&#8243; css=&#8221;.vc_custom_1496463427636{padding-bottom: 2px !important;}&#8221;][vc_column offset=&#8221;vc_col-lg-4 vc_col-md-4&#8243;][vc_empty_space height=&#8221;100px&#8221;][\/vc_column][vc_column offset=&#8221;vc_col-lg-4 vc_col-md-4&#8243;][\/vc_column][vc_column offset=&#8221;vc_col-lg-4 vc_col-md-4&#8243;][\/vc_column][\/vc_row][vc_row][vc_column][vc_separator][\/vc_column][\/vc_row][vc_row][vc_column][vc_column_text] PRESENTACI\u00d3N DE SERVICIOS Conozca nuestros servicios y los de nuestros partners descargando las presentaciones empresariales. [\/vc_column_text][\/vc_column][\/vc_row][vc_row][vc_column width=&#8221;1\/3&#8243;][vc_btn title=&#8221;Brochure Tecnimetro&#8221; color=&#8221;vista-blue&#8221; align=&#8221;center&#8221; i_icon_fontawesome=&#8221;far fa-arrow-alt-circle-down&#8221; add_icon=&#8221;true&#8221; link=&#8221;url:https%3A%2F%2Fwww.tecnimetro.com.ec%2Fwp-content%2Fuploads%2F2025%2F01%2FPresentacion-Empresarial-Tecnimetro-2025.pdf|target:_blank&#8221;][\/vc_column][vc_column width=&#8221;1\/3&#8243;][vc_btn title=&#8221;Brochure Tecniprecisi\u00f3n&#8221; color=&#8221;success&#8221; align=&#8221;center&#8221; i_icon_fontawesome=&#8221;far fa-arrow-alt-circle-down&#8221; add_icon=&#8221;true&#8221; link=&#8221;url:https%3A%2F%2Fwww.tecniprecision.com%2Fec%2Fwp-content%2Fuploads%2F2025%2F01%2FPresentacion-empresarial-Tecniprecision-2025-1.pdf|target:_blank&#8221;][\/vc_column][vc_column width=&#8221;1\/3&#8243;][vc_btn title=&#8221;Brochure Tecnicomercio&#8221; color=&#8221;primary&#8221; align=&#8221;center&#8221; i_icon_fontawesome=&#8221;far fa-arrow-alt-circle-down&#8221; add_icon=&#8221;true&#8221; [&hellip;]<\/p>\n","protected":false},"author":1,"featured_media":0,"parent":0,"menu_order":0,"comment_status":"closed","ping_status":"closed","template":"tpl\/page_single.php","meta":{"_joinchat":[],"footnotes":""},"class_list":["post-26","page","type-page","status-publish","hentry"],"yoast_head":"<!-- This site is optimized with the Yoast SEO plugin v26.2 - https:\/\/yoast.com\/wordpress\/plugins\/seo\/ -->\n<title>Cont\u00e1ctanos. Servicio de calibraci\u00f3n - Tecniprecision Cia. Ltda.<\/title>\n<meta name=\"description\" content=\"Cont\u00e1ctanos. Servicio de calibraci\u00f3n. El mejor servicio de calibraci\u00f3n de instrumentos de medir en Quito. Calibraci\u00f3n con acreditado SAE.\" \/>\n<meta name=\"robots\" content=\"index, follow, max-snippet:-1, max-image-preview:large, max-video-preview:-1\" \/>\n<link rel=\"canonical\" href=\"https:\/\/www.tecniprecision.com\/ec\/contactanos-servicio-de-calibracion\/\" \/>\n<meta property=\"og:locale\" content=\"es_ES\" \/>\n<meta property=\"og:type\" content=\"article\" \/>\n<meta property=\"og:title\" content=\"Cont\u00e1ctanos. Servicio de calibraci\u00f3n - Tecniprecision Cia. Ltda.\" \/>\n<meta property=\"og:description\" content=\"Cont\u00e1ctanos. Servicio de calibraci\u00f3n. El mejor servicio de calibraci\u00f3n de instrumentos de medir en Quito. Calibraci\u00f3n con acreditado SAE.\" \/>\n<meta property=\"og:url\" content=\"https:\/\/www.tecniprecision.com\/ec\/contactanos-servicio-de-calibracion\/\" \/>\n<meta property=\"og:site_name\" content=\"Tecniprecision Cia. Ltda.\" \/>\n<meta property=\"article:publisher\" content=\"https:\/\/www.facebook.com\/Tecniprecision\" \/>\n<meta property=\"article:modified_time\" content=\"2025-06-16T17:50:54+00:00\" \/>\n<meta name=\"twitter:card\" content=\"summary_large_image\" \/>\n<meta name=\"twitter:site\" content=\"@tecniprecision1\" \/>\n<meta name=\"twitter:label1\" content=\"Tiempo de lectura\" \/>\n\t<meta name=\"twitter:data1\" content=\"3 minutos\" \/>\n<script type=\"application\/ld+json\" class=\"yoast-schema-graph\">{\"@context\":\"https:\/\/schema.org\",\"@graph\":[{\"@type\":\"WebPage\",\"@id\":\"https:\/\/www.tecniprecision.com\/ec\/contactanos-servicio-de-calibracion\/\",\"url\":\"https:\/\/www.tecniprecision.com\/ec\/contactanos-servicio-de-calibracion\/\",\"name\":\"Cont\u00e1ctanos. Servicio de calibraci\u00f3n - Tecniprecision Cia. Ltda.\",\"isPartOf\":{\"@id\":\"https:\/\/www.tecniprecision.com\/ec\/#website\"},\"datePublished\":\"2020-11-29T19:30:16+00:00\",\"dateModified\":\"2025-06-16T17:50:54+00:00\",\"description\":\"Cont\u00e1ctanos. Servicio de calibraci\u00f3n. El mejor servicio de calibraci\u00f3n de instrumentos de medir en Quito. Calibraci\u00f3n con acreditado SAE.\",\"breadcrumb\":{\"@id\":\"https:\/\/www.tecniprecision.com\/ec\/contactanos-servicio-de-calibracion\/#breadcrumb\"},\"inLanguage\":\"es\",\"potentialAction\":[{\"@type\":\"ReadAction\",\"target\":[\"https:\/\/www.tecniprecision.com\/ec\/contactanos-servicio-de-calibracion\/\"]}]},{\"@type\":\"BreadcrumbList\",\"@id\":\"https:\/\/www.tecniprecision.com\/ec\/contactanos-servicio-de-calibracion\/#breadcrumb\",\"itemListElement\":[{\"@type\":\"ListItem\",\"position\":1,\"name\":\"Portada\",\"item\":\"https:\/\/www.tecniprecision.com\/ec\/\"},{\"@type\":\"ListItem\",\"position\":2,\"name\":\"Cont\u00e1ctanos\"}]},{\"@type\":\"WebSite\",\"@id\":\"https:\/\/www.tecniprecision.com\/ec\/#website\",\"url\":\"https:\/\/www.tecniprecision.com\/ec\/\",\"name\":\"Tecniprecision Cia. Ltda.\",\"description\":\"Calibraci\u00f3n de instrumentos y equipos de medici\u00f3n\",\"publisher\":{\"@id\":\"https:\/\/www.tecniprecision.com\/ec\/#organization\"},\"potentialAction\":[{\"@type\":\"SearchAction\",\"target\":{\"@type\":\"EntryPoint\",\"urlTemplate\":\"https:\/\/www.tecniprecision.com\/ec\/?s={search_term_string}\"},\"query-input\":{\"@type\":\"PropertyValueSpecification\",\"valueRequired\":true,\"valueName\":\"search_term_string\"}}],\"inLanguage\":\"es\"},{\"@type\":\"Organization\",\"@id\":\"https:\/\/www.tecniprecision.com\/ec\/#organization\",\"name\":\"Tecniprecisi\u00f3n C\u00eda. Ltda.\",\"url\":\"https:\/\/www.tecniprecision.com\/ec\/\",\"logo\":{\"@type\":\"ImageObject\",\"inLanguage\":\"es\",\"@id\":\"https:\/\/www.tecniprecision.com\/ec\/#\/schema\/logo\/image\/\",\"url\":\"https:\/\/www.tecniprecision.com\/ec\/wp-content\/uploads\/2020\/11\/Logo-180x60-1.png\",\"contentUrl\":\"https:\/\/www.tecniprecision.com\/ec\/wp-content\/uploads\/2020\/11\/Logo-180x60-1.png\",\"width\":277,\"height\":91,\"caption\":\"Tecniprecisi\u00f3n C\u00eda. Ltda.\"},\"image\":{\"@id\":\"https:\/\/www.tecniprecision.com\/ec\/#\/schema\/logo\/image\/\"},\"sameAs\":[\"https:\/\/www.facebook.com\/Tecniprecision\",\"https:\/\/x.com\/tecniprecision1\",\"https:\/\/www.instagram.com\/tecniprecision\/\",\"https:\/\/www.linkedin.com\/in\/tecniprecisi\u00f3n-cia-ltda-2a0755142\/\",\"https:\/\/www.youtube.com\/channel\/UCwnxcuI7Zo0tfYNIw_6OAuA\"]}]}<\/script>\n<!-- \/ Yoast SEO plugin. -->","yoast_head_json":{"title":"Cont\u00e1ctanos. Servicio de calibraci\u00f3n - Tecniprecision Cia. Ltda.","description":"Cont\u00e1ctanos. Servicio de calibraci\u00f3n. El mejor servicio de calibraci\u00f3n de instrumentos de medir en Quito. Calibraci\u00f3n con acreditado SAE.","robots":{"index":"index","follow":"follow","max-snippet":"max-snippet:-1","max-image-preview":"max-image-preview:large","max-video-preview":"max-video-preview:-1"},"canonical":"https:\/\/www.tecniprecision.com\/ec\/contactanos-servicio-de-calibracion\/","og_locale":"es_ES","og_type":"article","og_title":"Cont\u00e1ctanos. Servicio de calibraci\u00f3n - Tecniprecision Cia. Ltda.","og_description":"Cont\u00e1ctanos. Servicio de calibraci\u00f3n. El mejor servicio de calibraci\u00f3n de instrumentos de medir en Quito. Calibraci\u00f3n con acreditado SAE.","og_url":"https:\/\/www.tecniprecision.com\/ec\/contactanos-servicio-de-calibracion\/","og_site_name":"Tecniprecision Cia. Ltda.","article_publisher":"https:\/\/www.facebook.com\/Tecniprecision","article_modified_time":"2025-06-16T17:50:54+00:00","twitter_card":"summary_large_image","twitter_site":"@tecniprecision1","twitter_misc":{"Tiempo de lectura":"3 minutos"},"schema":{"@context":"https:\/\/schema.org","@graph":[{"@type":"WebPage","@id":"https:\/\/www.tecniprecision.com\/ec\/contactanos-servicio-de-calibracion\/","url":"https:\/\/www.tecniprecision.com\/ec\/contactanos-servicio-de-calibracion\/","name":"Cont\u00e1ctanos. Servicio de calibraci\u00f3n - Tecniprecision Cia. Ltda.","isPartOf":{"@id":"https:\/\/www.tecniprecision.com\/ec\/#website"},"datePublished":"2020-11-29T19:30:16+00:00","dateModified":"2025-06-16T17:50:54+00:00","description":"Cont\u00e1ctanos. Servicio de calibraci\u00f3n. El mejor servicio de calibraci\u00f3n de instrumentos de medir en Quito. Calibraci\u00f3n con acreditado SAE.","breadcrumb":{"@id":"https:\/\/www.tecniprecision.com\/ec\/contactanos-servicio-de-calibracion\/#breadcrumb"},"inLanguage":"es","potentialAction":[{"@type":"ReadAction","target":["https:\/\/www.tecniprecision.com\/ec\/contactanos-servicio-de-calibracion\/"]}]},{"@type":"BreadcrumbList","@id":"https:\/\/www.tecniprecision.com\/ec\/contactanos-servicio-de-calibracion\/#breadcrumb","itemListElement":[{"@type":"ListItem","position":1,"name":"Portada","item":"https:\/\/www.tecniprecision.com\/ec\/"},{"@type":"ListItem","position":2,"name":"Cont\u00e1ctanos"}]},{"@type":"WebSite","@id":"https:\/\/www.tecniprecision.com\/ec\/#website","url":"https:\/\/www.tecniprecision.com\/ec\/","name":"Tecniprecision Cia. Ltda.","description":"Calibraci\u00f3n de instrumentos y equipos de medici\u00f3n","publisher":{"@id":"https:\/\/www.tecniprecision.com\/ec\/#organization"},"potentialAction":[{"@type":"SearchAction","target":{"@type":"EntryPoint","urlTemplate":"https:\/\/www.tecniprecision.com\/ec\/?s={search_term_string}"},"query-input":{"@type":"PropertyValueSpecification","valueRequired":true,"valueName":"search_term_string"}}],"inLanguage":"es"},{"@type":"Organization","@id":"https:\/\/www.tecniprecision.com\/ec\/#organization","name":"Tecniprecisi\u00f3n C\u00eda. Ltda.","url":"https:\/\/www.tecniprecision.com\/ec\/","logo":{"@type":"ImageObject","inLanguage":"es","@id":"https:\/\/www.tecniprecision.com\/ec\/#\/schema\/logo\/image\/","url":"https:\/\/www.tecniprecision.com\/ec\/wp-content\/uploads\/2020\/11\/Logo-180x60-1.png","contentUrl":"https:\/\/www.tecniprecision.com\/ec\/wp-content\/uploads\/2020\/11\/Logo-180x60-1.png","width":277,"height":91,"caption":"Tecniprecisi\u00f3n C\u00eda. Ltda."},"image":{"@id":"https:\/\/www.tecniprecision.com\/ec\/#\/schema\/logo\/image\/"},"sameAs":["https:\/\/www.facebook.com\/Tecniprecision","https:\/\/x.com\/tecniprecision1","https:\/\/www.instagram.com\/tecniprecision\/","https:\/\/www.linkedin.com\/in\/tecniprecisi\u00f3n-cia-ltda-2a0755142\/","https:\/\/www.youtube.com\/channel\/UCwnxcuI7Zo0tfYNIw_6OAuA"]}]}},"_links":{"self":[{"href":"https:\/\/www.tecniprecision.com\/ec\/wp-json\/wp\/v2\/pages\/26","targetHints":{"allow":["GET"]}}],"collection":[{"href":"https:\/\/www.tecniprecision.com\/ec\/wp-json\/wp\/v2\/pages"}],"about":[{"href":"https:\/\/www.tecniprecision.com\/ec\/wp-json\/wp\/v2\/types\/page"}],"author":[{"embeddable":true,"href":"https:\/\/www.tecniprecision.com\/ec\/wp-json\/wp\/v2\/users\/1"}],"replies":[{"embeddable":true,"href":"https:\/\/www.tecniprecision.com\/ec\/wp-json\/wp\/v2\/comments?post=26"}],"version-history":[{"count":82,"href":"https:\/\/www.tecniprecision.com\/ec\/wp-json\/wp\/v2\/pages\/26\/revisions"}],"predecessor-version":[{"id":1851,"href":"https:\/\/www.tecniprecision.com\/ec\/wp-json\/wp\/v2\/pages\/26\/revisions\/1851"}],"wp:attachment":[{"href":"https:\/\/www.tecniprecision.com\/ec\/wp-json\/wp\/v2\/media?parent=26"}],"curies":[{"name":"wp","href":"https:\/\/api.w.org\/{rel}","templated":true}]}}