{"id":254,"date":"2020-11-30T13:57:16","date_gmt":"2020-11-30T13:57:16","guid":{"rendered":"http:\/\/www.tecniprecision.com\/ec\/?page_id=254"},"modified":"2023-08-01T12:27:13","modified_gmt":"2023-08-01T17:27:13","slug":"calibracion-en-magnitudes-varias","status":"publish","type":"page","link":"https:\/\/www.tecniprecision.com\/ec\/calibracion-en-magnitudes-varias\/","title":{"rendered":"Magnitudes varias"},"content":{"rendered":"<p>[vc_row][vc_column][vc_single_image image=&#8221;164&#8243; img_size=&#8221;full&#8221; css=&#8221;.vc_custom_1606695780488{margin-bottom: 26px !important;}&#8221;][\/vc_column][\/vc_row][vc_row][vc_column][vc_column_text]<\/p>\n<h3 style=\"font-size: 23px; margin-bottom: 15px; margin-top: 10px;\">Laboratorio de magnitudes varias.<\/h3>\n<div style=\"letter-spacing: 0.13px;\">\n<p style=\"margin-bottom: 15px; text-align: justify;\">Dentro de las magnitudes varias que el Laboratorio calibra se ubican los instrumentos para medir tiempo, velocidad, an\u00e1lisis dimensional de piezas en cuanto a forma, espesor, roscas especiales, mediciones de enceramiento, an\u00e1lisis de dureza, rugosidad, equipos para medici\u00f3n de espesor por ultrasonido, iluminaci\u00f3n.<\/p>\n<\/div>\n<p>[\/vc_column_text][vc_column_text]<\/p>\n<div style=\"letter-spacing: 0.13px;\">\n<p style=\"margin-bottom: 15px; text-align: justify;\">Se brindan servicios en los siguientes instrumentos y equipos:<\/p>\n<p>Servicio no Acreditado<\/p>\n<ul class=\"themesflat-list\" style=\"font-size: 14px;\">\n<li><strong>An\u00e1lisis de dureza y rugosidad.<\/strong><\/li>\n<li><strong>Medidores de espesor por ultrasonido.<\/strong><\/li>\n<li><strong>Mediciones de formas , galgas de roscas, espesor.<\/strong><\/li>\n<li><strong>Enceramiento.<\/strong><\/li>\n<li><strong>Roscas especiales.<\/strong><\/li>\n<li><strong>Tac\u00f3metros.<\/strong><\/li>\n<li><strong>Contadores de cable mec\u00e1nicos.<\/strong><\/li>\n<li><strong>Dur\u00f3metros en escala Rockwell C.<\/strong><\/li>\n<li><strong>Dur\u00f3metros en escala Shore A Y D.<\/strong><\/li>\n<li><strong>Lux\u00f3metros.<\/strong><\/li>\n<\/ul>\n<\/div>\n<p>[\/vc_column_text][\/vc_column][\/vc_row]<\/p>\n","protected":false},"excerpt":{"rendered":"<p>[vc_row][vc_column][vc_single_image image=&#8221;164&#8243; img_size=&#8221;full&#8221; css=&#8221;.vc_custom_1606695780488{margin-bottom: 26px !important;}&#8221;][\/vc_column][\/vc_row][vc_row][vc_column][vc_column_text] Laboratorio de magnitudes varias. Dentro de las magnitudes varias que el Laboratorio calibra se ubican los instrumentos para medir tiempo, velocidad, an\u00e1lisis dimensional de piezas en cuanto a forma, espesor, roscas especiales, mediciones de enceramiento, an\u00e1lisis de dureza, rugosidad, equipos para medici\u00f3n de espesor por ultrasonido, iluminaci\u00f3n. [\/vc_column_text][vc_column_text] Se [&hellip;]<\/p>\n","protected":false},"author":3,"featured_media":0,"parent":0,"menu_order":0,"comment_status":"closed","ping_status":"closed","template":"","meta":{"_joinchat":[],"footnotes":""},"class_list":["post-254","page","type-page","status-publish","hentry"],"yoast_head":"<!-- This site is optimized with the Yoast SEO plugin v26.2 - https:\/\/yoast.com\/wordpress\/plugins\/seo\/ -->\n<title>Calibraci\u00f3n en Magnitudes varias - Tecniprecision Cia. Ltda.<\/title>\n<meta name=\"description\" content=\"Calibraci\u00f3n en magnitudes varias. Servicio de calibraci\u00f3n en dureza, rugosidad, espesor, forma, roscas, iluminaci\u00f3n, velocidad, enceramiento.\" \/>\n<meta name=\"robots\" content=\"index, follow, max-snippet:-1, max-image-preview:large, max-video-preview:-1\" \/>\n<link rel=\"canonical\" href=\"https:\/\/www.tecniprecision.com\/ec\/calibracion-en-magnitudes-varias\/\" \/>\n<meta property=\"og:locale\" content=\"es_ES\" \/>\n<meta property=\"og:type\" content=\"article\" \/>\n<meta property=\"og:title\" content=\"Calibraci\u00f3n en Magnitudes varias - Tecniprecision Cia. Ltda.\" \/>\n<meta property=\"og:description\" content=\"Calibraci\u00f3n en magnitudes varias. Servicio de calibraci\u00f3n en dureza, rugosidad, espesor, forma, roscas, iluminaci\u00f3n, velocidad, enceramiento.\" \/>\n<meta property=\"og:url\" content=\"https:\/\/www.tecniprecision.com\/ec\/calibracion-en-magnitudes-varias\/\" \/>\n<meta property=\"og:site_name\" content=\"Tecniprecision Cia. Ltda.\" \/>\n<meta property=\"article:publisher\" content=\"https:\/\/www.facebook.com\/Tecniprecision\" \/>\n<meta property=\"article:modified_time\" content=\"2023-08-01T17:27:13+00:00\" \/>\n<meta name=\"twitter:card\" content=\"summary_large_image\" \/>\n<meta name=\"twitter:site\" content=\"@tecniprecision1\" \/>\n<meta name=\"twitter:label1\" content=\"Tiempo de lectura\" \/>\n\t<meta name=\"twitter:data1\" content=\"1 minuto\" \/>\n<script type=\"application\/ld+json\" class=\"yoast-schema-graph\">{\"@context\":\"https:\/\/schema.org\",\"@graph\":[{\"@type\":\"WebPage\",\"@id\":\"https:\/\/www.tecniprecision.com\/ec\/calibracion-en-magnitudes-varias\/\",\"url\":\"https:\/\/www.tecniprecision.com\/ec\/calibracion-en-magnitudes-varias\/\",\"name\":\"Calibraci\u00f3n en Magnitudes varias - Tecniprecision Cia. Ltda.\",\"isPartOf\":{\"@id\":\"https:\/\/www.tecniprecision.com\/ec\/#website\"},\"datePublished\":\"2020-11-30T13:57:16+00:00\",\"dateModified\":\"2023-08-01T17:27:13+00:00\",\"description\":\"Calibraci\u00f3n en magnitudes varias. Servicio de calibraci\u00f3n en dureza, rugosidad, espesor, forma, roscas, iluminaci\u00f3n, velocidad, enceramiento.\",\"breadcrumb\":{\"@id\":\"https:\/\/www.tecniprecision.com\/ec\/calibracion-en-magnitudes-varias\/#breadcrumb\"},\"inLanguage\":\"es\",\"potentialAction\":[{\"@type\":\"ReadAction\",\"target\":[\"https:\/\/www.tecniprecision.com\/ec\/calibracion-en-magnitudes-varias\/\"]}]},{\"@type\":\"BreadcrumbList\",\"@id\":\"https:\/\/www.tecniprecision.com\/ec\/calibracion-en-magnitudes-varias\/#breadcrumb\",\"itemListElement\":[{\"@type\":\"ListItem\",\"position\":1,\"name\":\"Portada\",\"item\":\"https:\/\/www.tecniprecision.com\/ec\/\"},{\"@type\":\"ListItem\",\"position\":2,\"name\":\"Magnitudes varias\"}]},{\"@type\":\"WebSite\",\"@id\":\"https:\/\/www.tecniprecision.com\/ec\/#website\",\"url\":\"https:\/\/www.tecniprecision.com\/ec\/\",\"name\":\"Tecniprecision Cia. Ltda.\",\"description\":\"Calibraci\u00f3n de instrumentos y equipos de medici\u00f3n\",\"publisher\":{\"@id\":\"https:\/\/www.tecniprecision.com\/ec\/#organization\"},\"potentialAction\":[{\"@type\":\"SearchAction\",\"target\":{\"@type\":\"EntryPoint\",\"urlTemplate\":\"https:\/\/www.tecniprecision.com\/ec\/?s={search_term_string}\"},\"query-input\":{\"@type\":\"PropertyValueSpecification\",\"valueRequired\":true,\"valueName\":\"search_term_string\"}}],\"inLanguage\":\"es\"},{\"@type\":\"Organization\",\"@id\":\"https:\/\/www.tecniprecision.com\/ec\/#organization\",\"name\":\"Tecniprecisi\u00f3n C\u00eda. Ltda.\",\"url\":\"https:\/\/www.tecniprecision.com\/ec\/\",\"logo\":{\"@type\":\"ImageObject\",\"inLanguage\":\"es\",\"@id\":\"https:\/\/www.tecniprecision.com\/ec\/#\/schema\/logo\/image\/\",\"url\":\"https:\/\/www.tecniprecision.com\/ec\/wp-content\/uploads\/2020\/11\/Logo-180x60-1.png\",\"contentUrl\":\"https:\/\/www.tecniprecision.com\/ec\/wp-content\/uploads\/2020\/11\/Logo-180x60-1.png\",\"width\":277,\"height\":91,\"caption\":\"Tecniprecisi\u00f3n C\u00eda. Ltda.\"},\"image\":{\"@id\":\"https:\/\/www.tecniprecision.com\/ec\/#\/schema\/logo\/image\/\"},\"sameAs\":[\"https:\/\/www.facebook.com\/Tecniprecision\",\"https:\/\/x.com\/tecniprecision1\",\"https:\/\/www.instagram.com\/tecniprecision\/\",\"https:\/\/www.linkedin.com\/in\/tecniprecisi\u00f3n-cia-ltda-2a0755142\/\",\"https:\/\/www.youtube.com\/channel\/UCwnxcuI7Zo0tfYNIw_6OAuA\"]}]}<\/script>\n<!-- \/ Yoast SEO plugin. -->","yoast_head_json":{"title":"Calibraci\u00f3n en Magnitudes varias - Tecniprecision Cia. Ltda.","description":"Calibraci\u00f3n en magnitudes varias. Servicio de calibraci\u00f3n en dureza, rugosidad, espesor, forma, roscas, iluminaci\u00f3n, velocidad, enceramiento.","robots":{"index":"index","follow":"follow","max-snippet":"max-snippet:-1","max-image-preview":"max-image-preview:large","max-video-preview":"max-video-preview:-1"},"canonical":"https:\/\/www.tecniprecision.com\/ec\/calibracion-en-magnitudes-varias\/","og_locale":"es_ES","og_type":"article","og_title":"Calibraci\u00f3n en Magnitudes varias - Tecniprecision Cia. Ltda.","og_description":"Calibraci\u00f3n en magnitudes varias. Servicio de calibraci\u00f3n en dureza, rugosidad, espesor, forma, roscas, iluminaci\u00f3n, velocidad, enceramiento.","og_url":"https:\/\/www.tecniprecision.com\/ec\/calibracion-en-magnitudes-varias\/","og_site_name":"Tecniprecision Cia. Ltda.","article_publisher":"https:\/\/www.facebook.com\/Tecniprecision","article_modified_time":"2023-08-01T17:27:13+00:00","twitter_card":"summary_large_image","twitter_site":"@tecniprecision1","twitter_misc":{"Tiempo de lectura":"1 minuto"},"schema":{"@context":"https:\/\/schema.org","@graph":[{"@type":"WebPage","@id":"https:\/\/www.tecniprecision.com\/ec\/calibracion-en-magnitudes-varias\/","url":"https:\/\/www.tecniprecision.com\/ec\/calibracion-en-magnitudes-varias\/","name":"Calibraci\u00f3n en Magnitudes varias - Tecniprecision Cia. Ltda.","isPartOf":{"@id":"https:\/\/www.tecniprecision.com\/ec\/#website"},"datePublished":"2020-11-30T13:57:16+00:00","dateModified":"2023-08-01T17:27:13+00:00","description":"Calibraci\u00f3n en magnitudes varias. Servicio de calibraci\u00f3n en dureza, rugosidad, espesor, forma, roscas, iluminaci\u00f3n, velocidad, enceramiento.","breadcrumb":{"@id":"https:\/\/www.tecniprecision.com\/ec\/calibracion-en-magnitudes-varias\/#breadcrumb"},"inLanguage":"es","potentialAction":[{"@type":"ReadAction","target":["https:\/\/www.tecniprecision.com\/ec\/calibracion-en-magnitudes-varias\/"]}]},{"@type":"BreadcrumbList","@id":"https:\/\/www.tecniprecision.com\/ec\/calibracion-en-magnitudes-varias\/#breadcrumb","itemListElement":[{"@type":"ListItem","position":1,"name":"Portada","item":"https:\/\/www.tecniprecision.com\/ec\/"},{"@type":"ListItem","position":2,"name":"Magnitudes varias"}]},{"@type":"WebSite","@id":"https:\/\/www.tecniprecision.com\/ec\/#website","url":"https:\/\/www.tecniprecision.com\/ec\/","name":"Tecniprecision Cia. Ltda.","description":"Calibraci\u00f3n de instrumentos y equipos de medici\u00f3n","publisher":{"@id":"https:\/\/www.tecniprecision.com\/ec\/#organization"},"potentialAction":[{"@type":"SearchAction","target":{"@type":"EntryPoint","urlTemplate":"https:\/\/www.tecniprecision.com\/ec\/?s={search_term_string}"},"query-input":{"@type":"PropertyValueSpecification","valueRequired":true,"valueName":"search_term_string"}}],"inLanguage":"es"},{"@type":"Organization","@id":"https:\/\/www.tecniprecision.com\/ec\/#organization","name":"Tecniprecisi\u00f3n C\u00eda. Ltda.","url":"https:\/\/www.tecniprecision.com\/ec\/","logo":{"@type":"ImageObject","inLanguage":"es","@id":"https:\/\/www.tecniprecision.com\/ec\/#\/schema\/logo\/image\/","url":"https:\/\/www.tecniprecision.com\/ec\/wp-content\/uploads\/2020\/11\/Logo-180x60-1.png","contentUrl":"https:\/\/www.tecniprecision.com\/ec\/wp-content\/uploads\/2020\/11\/Logo-180x60-1.png","width":277,"height":91,"caption":"Tecniprecisi\u00f3n C\u00eda. Ltda."},"image":{"@id":"https:\/\/www.tecniprecision.com\/ec\/#\/schema\/logo\/image\/"},"sameAs":["https:\/\/www.facebook.com\/Tecniprecision","https:\/\/x.com\/tecniprecision1","https:\/\/www.instagram.com\/tecniprecision\/","https:\/\/www.linkedin.com\/in\/tecniprecisi\u00f3n-cia-ltda-2a0755142\/","https:\/\/www.youtube.com\/channel\/UCwnxcuI7Zo0tfYNIw_6OAuA"]}]}},"_links":{"self":[{"href":"https:\/\/www.tecniprecision.com\/ec\/wp-json\/wp\/v2\/pages\/254","targetHints":{"allow":["GET"]}}],"collection":[{"href":"https:\/\/www.tecniprecision.com\/ec\/wp-json\/wp\/v2\/pages"}],"about":[{"href":"https:\/\/www.tecniprecision.com\/ec\/wp-json\/wp\/v2\/types\/page"}],"author":[{"embeddable":true,"href":"https:\/\/www.tecniprecision.com\/ec\/wp-json\/wp\/v2\/users\/3"}],"replies":[{"embeddable":true,"href":"https:\/\/www.tecniprecision.com\/ec\/wp-json\/wp\/v2\/comments?post=254"}],"version-history":[{"count":6,"href":"https:\/\/www.tecniprecision.com\/ec\/wp-json\/wp\/v2\/pages\/254\/revisions"}],"predecessor-version":[{"id":1342,"href":"https:\/\/www.tecniprecision.com\/ec\/wp-json\/wp\/v2\/pages\/254\/revisions\/1342"}],"wp:attachment":[{"href":"https:\/\/www.tecniprecision.com\/ec\/wp-json\/wp\/v2\/media?parent=254"}],"curies":[{"name":"wp","href":"https:\/\/api.w.org\/{rel}","templated":true}]}}