{"id":24,"date":"2020-11-29T19:28:28","date_gmt":"2020-11-29T19:28:28","guid":{"rendered":"http:http:http:\/\/www.tecniprecision.com\/ec\/http:\/\/www.tecniprecision.com\/ec\/www.tecniprecision.comhttp:\/\/www.tecniprecision.com\/ec\/echttp:\/\/www.tecniprecision.com\/ec\/http:http:\/\/www.tecniprecision.com\/ec\/http:\/\/www.tecniprecision.com\/ec\/www.tecniprecision"},"modified":"2020-12-21T17:10:23","modified_gmt":"2020-12-21T17:10:23","slug":"mision-y-vision-empresarial","status":"publish","type":"page","link":"https:\/\/www.tecniprecision.com\/ec\/mision-y-vision-empresarial\/","title":{"rendered":"Misi\u00f3n y visi\u00f3n"},"content":{"rendered":"<p>[vc_row][vc_column][vc_single_image image=&#8221;423&#8243; img_size=&#8221;full&#8221; css=&#8221;.vc_custom_1607026609977{margin-bottom: 26px !important;}&#8221;][\/vc_column][\/vc_row][vc_row][vc_column]<div class=\"title-section   \">\r\n\t\t<h1 class=\"title\">\r\n\t\t\tMisi\u00f3n y visi\u00f3n empresarial.\t\t\t\r\n\t\t<\/h1>\t\t\r\n\t\t\r\n\r\n\t<\/div>[vc_column_text]<\/p>\n<h3 style=\"font-size: 23px; margin-bottom: 15px; margin-top: 10px; text-align: left;\">Misi\u00f3n<\/h3>\n<div style=\"letter-spacing: 0.13px;\">\n<p style=\"margin-bottom: 15px; text-align: justify;\">Tecniprecisi\u00f3n C\u00eda. Ltda., es un laboratorio de metrolog\u00eda especializado en el servicio de calibraci\u00f3n de equipos de medici\u00f3n, que se ejecutan mediante un riguroso Sistema de Gesti\u00f3n y personal comprometido por consiguiente con altos valores \u00e9ticos que aportan al desarrollo de la industria.<\/p>\n<\/div>\n<p>[\/vc_column_text][vc_column_text]<\/p>\n<h3 style=\"font-size: 23px; margin-bottom: 15px; margin-top: 10px;\">Visi\u00f3n<\/h3>\n<div style=\"letter-spacing: 0.14px;\">\n<p style=\"margin-bottom: 15px; text-align: justify;\">Ser un laboratorio de metrolog\u00eda l\u00edder y de excelencia a nivel nacional e internacional en la prestaci\u00f3n de servicios de calibraci\u00f3n con la m\u00e1s alta tecnolog\u00eda, mediante la formaci\u00f3n y desarrollo de su Talento Humano, como resultado logrando impactar de manera positiva en la calidad de nuestros clientes.<\/p>\n<\/div>\n<p>[\/vc_column_text][\/vc_column][\/vc_row]<\/p>\n","protected":false},"excerpt":{"rendered":"<p>[vc_row][vc_column][vc_single_image image=&#8221;423&#8243; img_size=&#8221;full&#8221; css=&#8221;.vc_custom_1607026609977{margin-bottom: 26px !important;}&#8221;][\/vc_column][\/vc_row][vc_row][vc_column][vc_column_text] Misi\u00f3n Tecniprecisi\u00f3n C\u00eda. Ltda., es un laboratorio de metrolog\u00eda especializado en el servicio de calibraci\u00f3n de equipos de medici\u00f3n, que se ejecutan mediante un riguroso Sistema de Gesti\u00f3n y personal comprometido por consiguiente con altos valores \u00e9ticos que aportan al desarrollo de la industria. [\/vc_column_text][vc_column_text] Visi\u00f3n Ser un laboratorio [&hellip;]<\/p>\n","protected":false},"author":1,"featured_media":0,"parent":0,"menu_order":0,"comment_status":"closed","ping_status":"closed","template":"tpl\/page_single.php","meta":{"_joinchat":[],"footnotes":""},"class_list":["post-24","page","type-page","status-publish","hentry"],"yoast_head":"<!-- This site is optimized with the Yoast SEO plugin v26.2 - https:\/\/yoast.com\/wordpress\/plugins\/seo\/ -->\n<title>Misi\u00f3n y visi\u00f3n empresarial - Tecniprecision Cia. Ltda.<\/title>\n<meta name=\"description\" content=\"Misi\u00f3n y visi\u00f3n empresarial. Nuestras metas propuestas como laboratorio de calibraci\u00f3n. Calibrando con calidad para todo el Ecuador.\" \/>\n<meta name=\"robots\" content=\"index, follow, max-snippet:-1, max-image-preview:large, max-video-preview:-1\" \/>\n<link rel=\"canonical\" href=\"https:\/\/www.tecniprecision.com\/ec\/mision-y-vision-empresarial\/\" \/>\n<meta property=\"og:locale\" content=\"es_ES\" \/>\n<meta property=\"og:type\" content=\"article\" \/>\n<meta property=\"og:title\" content=\"Misi\u00f3n y visi\u00f3n empresarial - Tecniprecision Cia. Ltda.\" \/>\n<meta property=\"og:description\" content=\"Misi\u00f3n y visi\u00f3n empresarial. Nuestras metas propuestas como laboratorio de calibraci\u00f3n. Calibrando con calidad para todo el Ecuador.\" \/>\n<meta property=\"og:url\" content=\"https:\/\/www.tecniprecision.com\/ec\/mision-y-vision-empresarial\/\" \/>\n<meta property=\"og:site_name\" content=\"Tecniprecision Cia. Ltda.\" \/>\n<meta property=\"article:publisher\" content=\"https:\/\/www.facebook.com\/Tecniprecision\" \/>\n<meta property=\"article:modified_time\" content=\"2020-12-21T17:10:23+00:00\" \/>\n<meta name=\"twitter:card\" content=\"summary_large_image\" \/>\n<meta name=\"twitter:site\" content=\"@tecniprecision1\" \/>\n<meta name=\"twitter:label1\" content=\"Tiempo de lectura\" \/>\n\t<meta name=\"twitter:data1\" content=\"1 minuto\" \/>\n<script type=\"application\/ld+json\" class=\"yoast-schema-graph\">{\"@context\":\"https:\/\/schema.org\",\"@graph\":[{\"@type\":\"WebPage\",\"@id\":\"https:\/\/www.tecniprecision.com\/ec\/mision-y-vision-empresarial\/\",\"url\":\"https:\/\/www.tecniprecision.com\/ec\/mision-y-vision-empresarial\/\",\"name\":\"Misi\u00f3n y visi\u00f3n empresarial - Tecniprecision Cia. Ltda.\",\"isPartOf\":{\"@id\":\"https:\/\/www.tecniprecision.com\/ec\/#website\"},\"datePublished\":\"2020-11-29T19:28:28+00:00\",\"dateModified\":\"2020-12-21T17:10:23+00:00\",\"description\":\"Misi\u00f3n y visi\u00f3n empresarial. Nuestras metas propuestas como laboratorio de calibraci\u00f3n. Calibrando con calidad para todo el Ecuador.\",\"breadcrumb\":{\"@id\":\"https:\/\/www.tecniprecision.com\/ec\/mision-y-vision-empresarial\/#breadcrumb\"},\"inLanguage\":\"es\",\"potentialAction\":[{\"@type\":\"ReadAction\",\"target\":[\"https:\/\/www.tecniprecision.com\/ec\/mision-y-vision-empresarial\/\"]}]},{\"@type\":\"BreadcrumbList\",\"@id\":\"https:\/\/www.tecniprecision.com\/ec\/mision-y-vision-empresarial\/#breadcrumb\",\"itemListElement\":[{\"@type\":\"ListItem\",\"position\":1,\"name\":\"Portada\",\"item\":\"https:\/\/www.tecniprecision.com\/ec\/\"},{\"@type\":\"ListItem\",\"position\":2,\"name\":\"Misi\u00f3n y visi\u00f3n\"}]},{\"@type\":\"WebSite\",\"@id\":\"https:\/\/www.tecniprecision.com\/ec\/#website\",\"url\":\"https:\/\/www.tecniprecision.com\/ec\/\",\"name\":\"Tecniprecision Cia. Ltda.\",\"description\":\"Calibraci\u00f3n de instrumentos y equipos de medici\u00f3n\",\"publisher\":{\"@id\":\"https:\/\/www.tecniprecision.com\/ec\/#organization\"},\"potentialAction\":[{\"@type\":\"SearchAction\",\"target\":{\"@type\":\"EntryPoint\",\"urlTemplate\":\"https:\/\/www.tecniprecision.com\/ec\/?s={search_term_string}\"},\"query-input\":{\"@type\":\"PropertyValueSpecification\",\"valueRequired\":true,\"valueName\":\"search_term_string\"}}],\"inLanguage\":\"es\"},{\"@type\":\"Organization\",\"@id\":\"https:\/\/www.tecniprecision.com\/ec\/#organization\",\"name\":\"Tecniprecisi\u00f3n C\u00eda. Ltda.\",\"url\":\"https:\/\/www.tecniprecision.com\/ec\/\",\"logo\":{\"@type\":\"ImageObject\",\"inLanguage\":\"es\",\"@id\":\"https:\/\/www.tecniprecision.com\/ec\/#\/schema\/logo\/image\/\",\"url\":\"https:\/\/www.tecniprecision.com\/ec\/wp-content\/uploads\/2020\/11\/Logo-180x60-1.png\",\"contentUrl\":\"https:\/\/www.tecniprecision.com\/ec\/wp-content\/uploads\/2020\/11\/Logo-180x60-1.png\",\"width\":277,\"height\":91,\"caption\":\"Tecniprecisi\u00f3n C\u00eda. Ltda.\"},\"image\":{\"@id\":\"https:\/\/www.tecniprecision.com\/ec\/#\/schema\/logo\/image\/\"},\"sameAs\":[\"https:\/\/www.facebook.com\/Tecniprecision\",\"https:\/\/x.com\/tecniprecision1\",\"https:\/\/www.instagram.com\/tecniprecision\/\",\"https:\/\/www.linkedin.com\/in\/tecniprecisi\u00f3n-cia-ltda-2a0755142\/\",\"https:\/\/www.youtube.com\/channel\/UCwnxcuI7Zo0tfYNIw_6OAuA\"]}]}<\/script>\n<!-- \/ Yoast SEO plugin. -->","yoast_head_json":{"title":"Misi\u00f3n y visi\u00f3n empresarial - Tecniprecision Cia. Ltda.","description":"Misi\u00f3n y visi\u00f3n empresarial. Nuestras metas propuestas como laboratorio de calibraci\u00f3n. Calibrando con calidad para todo el Ecuador.","robots":{"index":"index","follow":"follow","max-snippet":"max-snippet:-1","max-image-preview":"max-image-preview:large","max-video-preview":"max-video-preview:-1"},"canonical":"https:\/\/www.tecniprecision.com\/ec\/mision-y-vision-empresarial\/","og_locale":"es_ES","og_type":"article","og_title":"Misi\u00f3n y visi\u00f3n empresarial - Tecniprecision Cia. Ltda.","og_description":"Misi\u00f3n y visi\u00f3n empresarial. Nuestras metas propuestas como laboratorio de calibraci\u00f3n. Calibrando con calidad para todo el Ecuador.","og_url":"https:\/\/www.tecniprecision.com\/ec\/mision-y-vision-empresarial\/","og_site_name":"Tecniprecision Cia. Ltda.","article_publisher":"https:\/\/www.facebook.com\/Tecniprecision","article_modified_time":"2020-12-21T17:10:23+00:00","twitter_card":"summary_large_image","twitter_site":"@tecniprecision1","twitter_misc":{"Tiempo de lectura":"1 minuto"},"schema":{"@context":"https:\/\/schema.org","@graph":[{"@type":"WebPage","@id":"https:\/\/www.tecniprecision.com\/ec\/mision-y-vision-empresarial\/","url":"https:\/\/www.tecniprecision.com\/ec\/mision-y-vision-empresarial\/","name":"Misi\u00f3n y visi\u00f3n empresarial - Tecniprecision Cia. Ltda.","isPartOf":{"@id":"https:\/\/www.tecniprecision.com\/ec\/#website"},"datePublished":"2020-11-29T19:28:28+00:00","dateModified":"2020-12-21T17:10:23+00:00","description":"Misi\u00f3n y visi\u00f3n empresarial. Nuestras metas propuestas como laboratorio de calibraci\u00f3n. Calibrando con calidad para todo el Ecuador.","breadcrumb":{"@id":"https:\/\/www.tecniprecision.com\/ec\/mision-y-vision-empresarial\/#breadcrumb"},"inLanguage":"es","potentialAction":[{"@type":"ReadAction","target":["https:\/\/www.tecniprecision.com\/ec\/mision-y-vision-empresarial\/"]}]},{"@type":"BreadcrumbList","@id":"https:\/\/www.tecniprecision.com\/ec\/mision-y-vision-empresarial\/#breadcrumb","itemListElement":[{"@type":"ListItem","position":1,"name":"Portada","item":"https:\/\/www.tecniprecision.com\/ec\/"},{"@type":"ListItem","position":2,"name":"Misi\u00f3n y visi\u00f3n"}]},{"@type":"WebSite","@id":"https:\/\/www.tecniprecision.com\/ec\/#website","url":"https:\/\/www.tecniprecision.com\/ec\/","name":"Tecniprecision Cia. Ltda.","description":"Calibraci\u00f3n de instrumentos y equipos de medici\u00f3n","publisher":{"@id":"https:\/\/www.tecniprecision.com\/ec\/#organization"},"potentialAction":[{"@type":"SearchAction","target":{"@type":"EntryPoint","urlTemplate":"https:\/\/www.tecniprecision.com\/ec\/?s={search_term_string}"},"query-input":{"@type":"PropertyValueSpecification","valueRequired":true,"valueName":"search_term_string"}}],"inLanguage":"es"},{"@type":"Organization","@id":"https:\/\/www.tecniprecision.com\/ec\/#organization","name":"Tecniprecisi\u00f3n C\u00eda. Ltda.","url":"https:\/\/www.tecniprecision.com\/ec\/","logo":{"@type":"ImageObject","inLanguage":"es","@id":"https:\/\/www.tecniprecision.com\/ec\/#\/schema\/logo\/image\/","url":"https:\/\/www.tecniprecision.com\/ec\/wp-content\/uploads\/2020\/11\/Logo-180x60-1.png","contentUrl":"https:\/\/www.tecniprecision.com\/ec\/wp-content\/uploads\/2020\/11\/Logo-180x60-1.png","width":277,"height":91,"caption":"Tecniprecisi\u00f3n C\u00eda. Ltda."},"image":{"@id":"https:\/\/www.tecniprecision.com\/ec\/#\/schema\/logo\/image\/"},"sameAs":["https:\/\/www.facebook.com\/Tecniprecision","https:\/\/x.com\/tecniprecision1","https:\/\/www.instagram.com\/tecniprecision\/","https:\/\/www.linkedin.com\/in\/tecniprecisi\u00f3n-cia-ltda-2a0755142\/","https:\/\/www.youtube.com\/channel\/UCwnxcuI7Zo0tfYNIw_6OAuA"]}]}},"_links":{"self":[{"href":"https:\/\/www.tecniprecision.com\/ec\/wp-json\/wp\/v2\/pages\/24","targetHints":{"allow":["GET"]}}],"collection":[{"href":"https:\/\/www.tecniprecision.com\/ec\/wp-json\/wp\/v2\/pages"}],"about":[{"href":"https:\/\/www.tecniprecision.com\/ec\/wp-json\/wp\/v2\/types\/page"}],"author":[{"embeddable":true,"href":"https:\/\/www.tecniprecision.com\/ec\/wp-json\/wp\/v2\/users\/1"}],"replies":[{"embeddable":true,"href":"https:\/\/www.tecniprecision.com\/ec\/wp-json\/wp\/v2\/comments?post=24"}],"version-history":[{"count":10,"href":"https:\/\/www.tecniprecision.com\/ec\/wp-json\/wp\/v2\/pages\/24\/revisions"}],"predecessor-version":[{"id":666,"href":"https:\/\/www.tecniprecision.com\/ec\/wp-json\/wp\/v2\/pages\/24\/revisions\/666"}],"wp:attachment":[{"href":"https:\/\/www.tecniprecision.com\/ec\/wp-json\/wp\/v2\/media?parent=24"}],"curies":[{"name":"wp","href":"https:\/\/api.w.org\/{rel}","templated":true}]}}