{"id":22,"date":"2020-11-29T19:26:36","date_gmt":"2020-11-29T19:26:36","guid":{"rendered":"http:http:http:\/\/www.tecniprecision.com\/ec\/http:\/\/www.tecniprecision.com\/ec\/www.tecniprecision.comhttp:\/\/www.tecniprecision.com\/ec\/echttp:\/\/www.tecniprecision.com\/ec\/http:http:\/\/www.tecniprecision.com\/ec\/http:\/\/www.tecniprecision.com\/ec\/www.tecniprecision"},"modified":"2025-10-27T10:50:01","modified_gmt":"2025-10-27T15:50:01","slug":"calibrando-mas-de-una-decada","status":"publish","type":"page","link":"https:\/\/www.tecniprecision.com\/ec\/calibrando-mas-de-una-decada\/","title":{"rendered":"Historia"},"content":{"rendered":"<p>[vc_row][vc_column][vc_single_image image=&#8221;154&#8243; img_size=&#8221;full&#8221; alignment=&#8221;center&#8221; css=&#8221;.vc_custom_1606694882161{margin-bottom: 47px !important;}&#8221;][vc_column_text css=&#8221;.vc_custom_1606786939252{margin-bottom: 64px !important;}&#8221;]<\/p>\n<p style=\"letter-spacing: 0.1px; text-align: justify;\">Hace algunos siglos, medir resultaba algo muy complicado, las mediciones son tan antiguas como el hombre mismo, las primeras mediciones realizadas estuvieron relacionadas con la masa, la longitud y el tiempo.<\/p>\n<p style=\"text-align: justify;\">Antes del Sistema M\u00e9trico Decimal, los humanos no ten\u00edan m\u00e1s remedio que echar mano de lo que llevaban encima, su propio cuerpo, para contabilizar e intercambiar productos.<\/p>\n<p>[\/vc_column_text][\/vc_column][\/vc_row][vc_row parallax_speed=&#8221;4&#8243; parallax_x=&#8221;4&#8243; parallax_y=&#8221;4&#8243; css=&#8221;.vc_custom_1492833222381{margin-bottom: 35px !important;}&#8221;][vc_column width=&#8221;1\/3&#8243; offset=&#8221;vc_col-lg-offset-1 vc_col-lg-3 vc_col-md-offset-1 vc_col-md-3 vc_col-xs-12&#8243;][vc_text_separator title=&#8221;2007&#8243; title_align=&#8221;separator_align_left&#8221; align=&#8221;align_right&#8221; color=&#8221;custom&#8221; accent_color=&#8221;#dfdfdf&#8221; css=&#8221;.vc_custom_1606693750029{padding-left: 48px !important;}&#8221; el_class=&#8221;history_title&#8221;][\/vc_column][vc_column width=&#8221;2\/3&#8243; offset=&#8221;vc_col-xs-12&#8243;][vc_column_text]<\/p>\n<h3 style=\"font-size: 23px; margin-top: -1px; letter-spacing: 0.1px; margin-bottom: 16px;\">Donde todas las cosas comienzan<\/h3>\n<div style=\"letter-spacing: 0.1px; margin-bottom: 20px; text-align: justify;\">Tecniprecisi\u00f3n C\u00eda. Ltda., inicia sus labores como Laboratorio de Metrolog\u00eda en el a\u00f1o 2007 por inter\u00e9s de su fundador el Sr. David Estrella en dicha actividad, en un comienzo como persona natural.<\/div>\n<p>[\/vc_column_text][\/vc_column][\/vc_row][vc_row parallax_speed=&#8221;4&#8243; parallax_x=&#8221;4&#8243; parallax_y=&#8221;4&#8243; css=&#8221;.vc_custom_1492831665248{margin-bottom: 23px !important;}&#8221;][vc_column width=&#8221;1\/3&#8243; offset=&#8221;vc_col-lg-offset-1 vc_col-lg-3 vc_col-md-offset-1 vc_col-md-3 vc_col-xs-12&#8243;][vc_text_separator title=&#8221;2012&#8243; title_align=&#8221;separator_align_left&#8221; align=&#8221;align_right&#8221; color=&#8221;custom&#8221; accent_color=&#8221;#dfdfdf&#8221; el_class=&#8221;history_title&#8221; css=&#8221;.vc_custom_1606693818733{padding-left: 45px !important;}&#8221;][\/vc_column][vc_column width=&#8221;2\/3&#8243; offset=&#8221;vc_col-xs-12&#8243;][vc_column_text]<\/p>\n<h3 style=\"font-size: 23px; margin-top: -1px; letter-spacing: 0.1px; margin-bottom: 16px; text-align: justify;\">Iniciando como empresa<\/h3>\n<div style=\"letter-spacing: 0.05px;\">\n<p style=\"margin-bottom: 20px; text-align: justify;\">A partir del 2012 comienza como persona jur\u00eddica, en un inicio solo exist\u00eda el Departamento de Asesoramiento en Metrolog\u00eda Dimensional, entidad encargada de suministrar apoyo a toda la industria interesada en la calibraci\u00f3n y adquisici\u00f3n de instrumentos en dicha magnitud.<\/p>\n<p style=\"text-align: justify;\">Posteriormente a medida que fueron incorpor\u00e1ndose nuevos clientes y desarroll\u00e1ndose la metrolog\u00eda en el pa\u00eds, fue posible ampliar las capacidades de medici\u00f3n y calibraci\u00f3n, aspecto alcanzado mediante inversiones logradas en convenios estrat\u00e9gicos con empresas comprometidas con el proyecto del laboratorio.<\/p>\n<\/div>\n<p>[\/vc_column_text][\/vc_column][\/vc_row][vc_row parallax_speed=&#8221;4&#8243; parallax_x=&#8221;4&#8243; parallax_y=&#8221;4&#8243; css=&#8221;.vc_custom_1492830739850{margin-bottom: 35px !important;}&#8221;][vc_column width=&#8221;1\/3&#8243; offset=&#8221;vc_col-lg-offset-1 vc_col-lg-3 vc_col-md-offset-1 vc_col-md-3 vc_col-xs-12&#8243;][vc_text_separator title=&#8221;2017&#8243; title_align=&#8221;separator_align_left&#8221; align=&#8221;align_right&#8221; color=&#8221;custom&#8221; accent_color=&#8221;#dfdfdf&#8221; css=&#8221;.vc_custom_1606693938773{padding-left: 38px !important;}&#8221; el_class=&#8221;history_title&#8221;][\/vc_column][vc_column width=&#8221;2\/3&#8243; offset=&#8221;vc_col-xs-12&#8243;][vc_column_text]<\/p>\n<h3 style=\"font-size: 23px; margin-top: -1px; letter-spacing: 0.1px; margin-bottom: 16px; text-align: justify;\">Acreditaci\u00f3n SAE<\/h3>\n<div style=\"letter-spacing: 0.05px;\">\n<p style=\"margin-bottom: 20px; text-align: justify;\">El laboratorio alcanza durante el 2017 la categor\u00eda de Laboratorio de Metrolog\u00eda Acreditado, certificaci\u00f3n otorgada por el Servicio de Acreditaci\u00f3n Ecuatoriano (SAE) luego de un proceso de Auditorias y verificaciones, donde se avala la conformidad y cumplimiento de los requisitos de la norma \u201cNTE INEN ISO\/IEC 17025:2006 Requisitos generales para la competencia de laboratorios de ensayo y calibraci\u00f3n\u201d.<\/p>\n<\/div>\n<p>[\/vc_column_text][\/vc_column][\/vc_row][vc_row parallax_speed=&#8221;4&#8243; parallax_x=&#8221;4&#8243; parallax_y=&#8221;4&#8243; css=&#8221;.vc_custom_1492830739850{margin-bottom: 35px !important;}&#8221;][vc_column width=&#8221;1\/3&#8243; offset=&#8221;vc_col-lg-offset-1 vc_col-lg-3 vc_col-md-offset-1 vc_col-md-3 vc_col-xs-12&#8243;][vc_text_separator title=&#8221;Del 2019 al 2023&#8243; title_align=&#8221;separator_align_left&#8221; align=&#8221;align_right&#8221; color=&#8221;custom&#8221; accent_color=&#8221;#dfdfdf&#8221; css=&#8221;.vc_custom_1702413468117{padding-left: 46px !important;}&#8221; el_class=&#8221;history_title&#8221;][\/vc_column][vc_column width=&#8221;2\/3&#8243; offset=&#8221;vc_col-xs-12&#8243;][vc_column_text css=&#8221;.vc_custom_1761580197049{margin-bottom: 9px !important;}&#8221;]<\/p>\n<h3 style=\"font-size: 23px; margin-top: -1px; letter-spacing: 0.01px; margin-bottom: 16px; text-align: justify;\">Ampliaci\u00f3n de alcances<\/h3>\n<div style=\"letter-spacing: 0.05px;\">\n<p style=\"margin-bottom: 20px; text-align: justify;\">Actualmente con cuatro magnitudes acreditadas y es parte de su pol\u00edtica seguir ampliando los alcances a m\u00e1s magnitudes, instrumentos y equipos de forma que contribuya al desarrollo alcanzado por la metrolog\u00eda en el pa\u00eds y poder brindar un servicio de excelencia a nuestros clientes.<\/p>\n<p style=\"text-align: justify;\"><strong>El laboratorio cuenta con acreditaci\u00f3n en las magnitudes de:<\/strong><\/p>\n<ul class=\"themesflat-list\" style=\"font-size: 14px;\">\n<li>Dimensional &#8211; Longitud.<\/li>\n<li>Electricidad CC y Baja Frecuencia.<\/li>\n<li>Fluidos &#8211; Presi\u00f3n y Vac\u00edo. (En laboratorio e In-situ)<\/li>\n<li>Mec\u00e1nica &#8211; Momentos (par torsional).<\/li>\n<li>Mec\u00e1nica &#8211; Masa. (En laboratorio e In-situ)<\/li>\n<\/ul>\n<\/div>\n<p>[\/vc_column_text][\/vc_column][\/vc_row][vc_row parallax_speed=&#8221;4&#8243; parallax_x=&#8221;4&#8243; parallax_y=&#8221;4&#8243; css=&#8221;.vc_custom_1492830739850{margin-bottom: 35px !important;}&#8221;][vc_column width=&#8221;1\/3&#8243; offset=&#8221;vc_col-lg-offset-1 vc_col-lg-3 vc_col-md-offset-1 vc_col-md-3 vc_col-xs-12&#8243;][vc_text_separator title=&#8221;2024&#8243; title_align=&#8221;separator_align_left&#8221; align=&#8221;align_right&#8221; color=&#8221;custom&#8221; accent_color=&#8221;#dfdfdf&#8221; css=&#8221;.vc_custom_1761580113238{padding-left: 46px !important;}&#8221; el_class=&#8221;history_title&#8221;][\/vc_column][vc_column width=&#8221;2\/3&#8243; offset=&#8221;vc_col-xs-12&#8243;][vc_column_text css=&#8221;.vc_custom_1761580159867{margin-bottom: 9px !important;}&#8221;]<\/p>\n<h3 style=\"font-size: 23px; margin-top: -1px; letter-spacing: 0.01px; margin-bottom: 16px; text-align: justify;\"><strong>Centro de Servicio Autorizado FLUKE (CAS)<\/strong><\/h3>\n<div style=\"letter-spacing: 0.05px;\">\n<p>Tecniprecisi\u00f3n se consolid\u00f3 como Centro de Servicio Autorizado (CAS) de la reconocida marca FLUKE, fortaleciendo as\u00ed su compromiso con la calidad, precisi\u00f3n y respaldo t\u00e9cnico. Este logro permiti\u00f3 ampliar los servicios especializados en mantenimiento y soporte t\u00e9cnico de instrumentos FLUKE, brindando a los clientes la garant\u00eda de un servicio oficial con est\u00e1ndares internacionales.<\/p>\n<\/div>\n<p>[\/vc_column_text][\/vc_column][\/vc_row][vc_row parallax_speed=&#8221;4&#8243; parallax_x=&#8221;4&#8243; parallax_y=&#8221;4&#8243; css=&#8221;.vc_custom_1492830739850{margin-bottom: 35px !important;}&#8221;][vc_column width=&#8221;1\/3&#8243; offset=&#8221;vc_col-lg-offset-1 vc_col-lg-3 vc_col-md-offset-1 vc_col-md-3 vc_col-xs-12&#8243;][vc_text_separator title=&#8221;2025&#8243; title_align=&#8221;separator_align_left&#8221; align=&#8221;align_right&#8221; color=&#8221;custom&#8221; accent_color=&#8221;#dfdfdf&#8221; css=&#8221;.vc_custom_1761580169420{padding-left: 46px !important;}&#8221; el_class=&#8221;history_title&#8221;][\/vc_column][vc_column width=&#8221;2\/3&#8243; offset=&#8221;vc_col-xs-12&#8243;][vc_column_text css=&#8221;.vc_custom_1761580186851{margin-bottom: 9px !important;}&#8221;]<\/p>\n<h3 style=\"font-size: 23px; margin-top: -1px; letter-spacing: 0.01px; margin-bottom: 16px; text-align: justify;\"><strong>Acreditaci\u00f3n Internacional A2LA<br \/>\n<\/strong><\/h3>\n<div style=\"letter-spacing: 0.05px;\">\n<p>En 2025, <em>Tecniprecisi\u00f3n<\/em> alcanz\u00f3 un nuevo hito en su trayectoria al obtener la acreditaci\u00f3n internacional A2LA (American Association for Laboratory Accreditation) en varias magnitudes. Este reconocimiento refleja la constante b\u00fasqueda de excelencia, la mejora continua y la competencia t\u00e9cnica del laboratorio, posicionando a <em>Tecniprecisi\u00f3n<\/em> como un referente nacional en servicios metrol\u00f3gicos con validez y confianza a nivel global.<\/p>\n<p><strong>Magnitudes acreditadas A2LA:<\/strong><\/p>\n<ul>\n<li>Mec\u00e1nica \u2013 Presi\u00f3n<\/li>\n<li>Tiempo y Frecuencia<\/li>\n<li>Dimensional<\/li>\n<li>Electricidad CC y Baja Frecuencia<\/li>\n<li>Mec\u00e1nica \u2013 Masa<\/li>\n<li>Termodin\u00e1mica<\/li>\n<li>Fluidos \u2013 Volumen<\/li>\n<\/ul>\n<\/div>\n<p>[\/vc_column_text][\/vc_column][\/vc_row]<\/p>\n","protected":false},"excerpt":{"rendered":"<p>[vc_row][vc_column][vc_single_image image=&#8221;154&#8243; img_size=&#8221;full&#8221; alignment=&#8221;center&#8221; css=&#8221;.vc_custom_1606694882161{margin-bottom: 47px !important;}&#8221;][vc_column_text css=&#8221;.vc_custom_1606786939252{margin-bottom: 64px !important;}&#8221;] Hace algunos siglos, medir resultaba algo muy complicado, las mediciones son tan antiguas como el hombre mismo, las primeras mediciones realizadas estuvieron relacionadas con la masa, la longitud y el tiempo. Antes del Sistema M\u00e9trico Decimal, los humanos no ten\u00edan m\u00e1s remedio que echar mano [&hellip;]<\/p>\n","protected":false},"author":1,"featured_media":0,"parent":0,"menu_order":0,"comment_status":"closed","ping_status":"closed","template":"tpl\/page_single.php","meta":{"_joinchat":[],"footnotes":""},"class_list":["post-22","page","type-page","status-publish","hentry"],"yoast_head":"<!-- This site is optimized with the Yoast SEO plugin v26.2 - https:\/\/yoast.com\/wordpress\/plugins\/seo\/ -->\n<title>Calibrando m\u00e1s de una d\u00e9cada - Tecniprecision Cia. Ltda.<\/title>\n<meta name=\"description\" content=\"Calibrando m\u00e1s de una d\u00e9cada. Servicio de calibraci\u00f3n acreditado SAE. El mejor servicio de calibraci\u00f3n de instrumentos de medici\u00f3n.\" \/>\n<meta name=\"robots\" content=\"index, follow, max-snippet:-1, max-image-preview:large, max-video-preview:-1\" \/>\n<link rel=\"canonical\" href=\"https:\/\/www.tecniprecision.com\/ec\/calibrando-mas-de-una-decada\/\" \/>\n<meta property=\"og:locale\" content=\"es_ES\" \/>\n<meta property=\"og:type\" content=\"article\" \/>\n<meta property=\"og:title\" content=\"Calibrando m\u00e1s de una d\u00e9cada - Tecniprecision Cia. Ltda.\" \/>\n<meta property=\"og:description\" content=\"Calibrando m\u00e1s de una d\u00e9cada. Servicio de calibraci\u00f3n acreditado SAE. El mejor servicio de calibraci\u00f3n de instrumentos de medici\u00f3n.\" \/>\n<meta property=\"og:url\" content=\"https:\/\/www.tecniprecision.com\/ec\/calibrando-mas-de-una-decada\/\" \/>\n<meta property=\"og:site_name\" content=\"Tecniprecision Cia. Ltda.\" \/>\n<meta property=\"article:publisher\" content=\"https:\/\/www.facebook.com\/Tecniprecision\" \/>\n<meta property=\"article:modified_time\" content=\"2025-10-27T15:50:01+00:00\" \/>\n<meta name=\"twitter:card\" content=\"summary_large_image\" \/>\n<meta name=\"twitter:site\" content=\"@tecniprecision1\" \/>\n<meta name=\"twitter:label1\" content=\"Tiempo de lectura\" \/>\n\t<meta name=\"twitter:data1\" content=\"4 minutos\" \/>\n<script type=\"application\/ld+json\" class=\"yoast-schema-graph\">{\"@context\":\"https:\/\/schema.org\",\"@graph\":[{\"@type\":\"WebPage\",\"@id\":\"https:\/\/www.tecniprecision.com\/ec\/calibrando-mas-de-una-decada\/\",\"url\":\"https:\/\/www.tecniprecision.com\/ec\/calibrando-mas-de-una-decada\/\",\"name\":\"Calibrando m\u00e1s de una d\u00e9cada - Tecniprecision Cia. Ltda.\",\"isPartOf\":{\"@id\":\"https:\/\/www.tecniprecision.com\/ec\/#website\"},\"datePublished\":\"2020-11-29T19:26:36+00:00\",\"dateModified\":\"2025-10-27T15:50:01+00:00\",\"description\":\"Calibrando m\u00e1s de una d\u00e9cada. Servicio de calibraci\u00f3n acreditado SAE. El mejor servicio de calibraci\u00f3n de instrumentos de medici\u00f3n.\",\"breadcrumb\":{\"@id\":\"https:\/\/www.tecniprecision.com\/ec\/calibrando-mas-de-una-decada\/#breadcrumb\"},\"inLanguage\":\"es\",\"potentialAction\":[{\"@type\":\"ReadAction\",\"target\":[\"https:\/\/www.tecniprecision.com\/ec\/calibrando-mas-de-una-decada\/\"]}]},{\"@type\":\"BreadcrumbList\",\"@id\":\"https:\/\/www.tecniprecision.com\/ec\/calibrando-mas-de-una-decada\/#breadcrumb\",\"itemListElement\":[{\"@type\":\"ListItem\",\"position\":1,\"name\":\"Portada\",\"item\":\"https:\/\/www.tecniprecision.com\/ec\/\"},{\"@type\":\"ListItem\",\"position\":2,\"name\":\"Historia\"}]},{\"@type\":\"WebSite\",\"@id\":\"https:\/\/www.tecniprecision.com\/ec\/#website\",\"url\":\"https:\/\/www.tecniprecision.com\/ec\/\",\"name\":\"Tecniprecision Cia. Ltda.\",\"description\":\"Calibraci\u00f3n de instrumentos y equipos de medici\u00f3n\",\"publisher\":{\"@id\":\"https:\/\/www.tecniprecision.com\/ec\/#organization\"},\"potentialAction\":[{\"@type\":\"SearchAction\",\"target\":{\"@type\":\"EntryPoint\",\"urlTemplate\":\"https:\/\/www.tecniprecision.com\/ec\/?s={search_term_string}\"},\"query-input\":{\"@type\":\"PropertyValueSpecification\",\"valueRequired\":true,\"valueName\":\"search_term_string\"}}],\"inLanguage\":\"es\"},{\"@type\":\"Organization\",\"@id\":\"https:\/\/www.tecniprecision.com\/ec\/#organization\",\"name\":\"Tecniprecisi\u00f3n C\u00eda. Ltda.\",\"url\":\"https:\/\/www.tecniprecision.com\/ec\/\",\"logo\":{\"@type\":\"ImageObject\",\"inLanguage\":\"es\",\"@id\":\"https:\/\/www.tecniprecision.com\/ec\/#\/schema\/logo\/image\/\",\"url\":\"https:\/\/www.tecniprecision.com\/ec\/wp-content\/uploads\/2020\/11\/Logo-180x60-1.png\",\"contentUrl\":\"https:\/\/www.tecniprecision.com\/ec\/wp-content\/uploads\/2020\/11\/Logo-180x60-1.png\",\"width\":277,\"height\":91,\"caption\":\"Tecniprecisi\u00f3n C\u00eda. Ltda.\"},\"image\":{\"@id\":\"https:\/\/www.tecniprecision.com\/ec\/#\/schema\/logo\/image\/\"},\"sameAs\":[\"https:\/\/www.facebook.com\/Tecniprecision\",\"https:\/\/x.com\/tecniprecision1\",\"https:\/\/www.instagram.com\/tecniprecision\/\",\"https:\/\/www.linkedin.com\/in\/tecniprecisi\u00f3n-cia-ltda-2a0755142\/\",\"https:\/\/www.youtube.com\/channel\/UCwnxcuI7Zo0tfYNIw_6OAuA\"]}]}<\/script>\n<!-- \/ Yoast SEO plugin. -->","yoast_head_json":{"title":"Calibrando m\u00e1s de una d\u00e9cada - Tecniprecision Cia. Ltda.","description":"Calibrando m\u00e1s de una d\u00e9cada. Servicio de calibraci\u00f3n acreditado SAE. El mejor servicio de calibraci\u00f3n de instrumentos de medici\u00f3n.","robots":{"index":"index","follow":"follow","max-snippet":"max-snippet:-1","max-image-preview":"max-image-preview:large","max-video-preview":"max-video-preview:-1"},"canonical":"https:\/\/www.tecniprecision.com\/ec\/calibrando-mas-de-una-decada\/","og_locale":"es_ES","og_type":"article","og_title":"Calibrando m\u00e1s de una d\u00e9cada - Tecniprecision Cia. Ltda.","og_description":"Calibrando m\u00e1s de una d\u00e9cada. Servicio de calibraci\u00f3n acreditado SAE. El mejor servicio de calibraci\u00f3n de instrumentos de medici\u00f3n.","og_url":"https:\/\/www.tecniprecision.com\/ec\/calibrando-mas-de-una-decada\/","og_site_name":"Tecniprecision Cia. Ltda.","article_publisher":"https:\/\/www.facebook.com\/Tecniprecision","article_modified_time":"2025-10-27T15:50:01+00:00","twitter_card":"summary_large_image","twitter_site":"@tecniprecision1","twitter_misc":{"Tiempo de lectura":"4 minutos"},"schema":{"@context":"https:\/\/schema.org","@graph":[{"@type":"WebPage","@id":"https:\/\/www.tecniprecision.com\/ec\/calibrando-mas-de-una-decada\/","url":"https:\/\/www.tecniprecision.com\/ec\/calibrando-mas-de-una-decada\/","name":"Calibrando m\u00e1s de una d\u00e9cada - Tecniprecision Cia. Ltda.","isPartOf":{"@id":"https:\/\/www.tecniprecision.com\/ec\/#website"},"datePublished":"2020-11-29T19:26:36+00:00","dateModified":"2025-10-27T15:50:01+00:00","description":"Calibrando m\u00e1s de una d\u00e9cada. Servicio de calibraci\u00f3n acreditado SAE. El mejor servicio de calibraci\u00f3n de instrumentos de medici\u00f3n.","breadcrumb":{"@id":"https:\/\/www.tecniprecision.com\/ec\/calibrando-mas-de-una-decada\/#breadcrumb"},"inLanguage":"es","potentialAction":[{"@type":"ReadAction","target":["https:\/\/www.tecniprecision.com\/ec\/calibrando-mas-de-una-decada\/"]}]},{"@type":"BreadcrumbList","@id":"https:\/\/www.tecniprecision.com\/ec\/calibrando-mas-de-una-decada\/#breadcrumb","itemListElement":[{"@type":"ListItem","position":1,"name":"Portada","item":"https:\/\/www.tecniprecision.com\/ec\/"},{"@type":"ListItem","position":2,"name":"Historia"}]},{"@type":"WebSite","@id":"https:\/\/www.tecniprecision.com\/ec\/#website","url":"https:\/\/www.tecniprecision.com\/ec\/","name":"Tecniprecision Cia. Ltda.","description":"Calibraci\u00f3n de instrumentos y equipos de medici\u00f3n","publisher":{"@id":"https:\/\/www.tecniprecision.com\/ec\/#organization"},"potentialAction":[{"@type":"SearchAction","target":{"@type":"EntryPoint","urlTemplate":"https:\/\/www.tecniprecision.com\/ec\/?s={search_term_string}"},"query-input":{"@type":"PropertyValueSpecification","valueRequired":true,"valueName":"search_term_string"}}],"inLanguage":"es"},{"@type":"Organization","@id":"https:\/\/www.tecniprecision.com\/ec\/#organization","name":"Tecniprecisi\u00f3n C\u00eda. Ltda.","url":"https:\/\/www.tecniprecision.com\/ec\/","logo":{"@type":"ImageObject","inLanguage":"es","@id":"https:\/\/www.tecniprecision.com\/ec\/#\/schema\/logo\/image\/","url":"https:\/\/www.tecniprecision.com\/ec\/wp-content\/uploads\/2020\/11\/Logo-180x60-1.png","contentUrl":"https:\/\/www.tecniprecision.com\/ec\/wp-content\/uploads\/2020\/11\/Logo-180x60-1.png","width":277,"height":91,"caption":"Tecniprecisi\u00f3n C\u00eda. Ltda."},"image":{"@id":"https:\/\/www.tecniprecision.com\/ec\/#\/schema\/logo\/image\/"},"sameAs":["https:\/\/www.facebook.com\/Tecniprecision","https:\/\/x.com\/tecniprecision1","https:\/\/www.instagram.com\/tecniprecision\/","https:\/\/www.linkedin.com\/in\/tecniprecisi\u00f3n-cia-ltda-2a0755142\/","https:\/\/www.youtube.com\/channel\/UCwnxcuI7Zo0tfYNIw_6OAuA"]}]}},"_links":{"self":[{"href":"https:\/\/www.tecniprecision.com\/ec\/wp-json\/wp\/v2\/pages\/22","targetHints":{"allow":["GET"]}}],"collection":[{"href":"https:\/\/www.tecniprecision.com\/ec\/wp-json\/wp\/v2\/pages"}],"about":[{"href":"https:\/\/www.tecniprecision.com\/ec\/wp-json\/wp\/v2\/types\/page"}],"author":[{"embeddable":true,"href":"https:\/\/www.tecniprecision.com\/ec\/wp-json\/wp\/v2\/users\/1"}],"replies":[{"embeddable":true,"href":"https:\/\/www.tecniprecision.com\/ec\/wp-json\/wp\/v2\/comments?post=22"}],"version-history":[{"count":16,"href":"https:\/\/www.tecniprecision.com\/ec\/wp-json\/wp\/v2\/pages\/22\/revisions"}],"predecessor-version":[{"id":2071,"href":"https:\/\/www.tecniprecision.com\/ec\/wp-json\/wp\/v2\/pages\/22\/revisions\/2071"}],"wp:attachment":[{"href":"https:\/\/www.tecniprecision.com\/ec\/wp-json\/wp\/v2\/media?parent=22"}],"curies":[{"name":"wp","href":"https:\/\/api.w.org\/{rel}","templated":true}]}}