{"id":1950,"date":"2025-07-25T11:26:31","date_gmt":"2025-07-25T16:26:31","guid":{"rendered":"https:\/\/www.tecniprecision.com\/ec\/?page_id=1950"},"modified":"2026-03-18T09:20:03","modified_gmt":"2026-03-18T14:20:03","slug":"servicios-de-calibracion","status":"publish","type":"page","link":"https:\/\/www.tecniprecision.com\/ec\/servicios-de-calibracion\/","title":{"rendered":"CALIBRACI\u00d3N DE EQUIPOS E INSTRUMENTOS DE MEDICI\u00d3N"},"content":{"rendered":"<p>[vc_row][vc_column][vc_column_text]<\/p>\n<h1 style=\"text-align: center;\">CALIBRACI\u00d3N DE EQUIPOS E INSTRUMENTOS DE MEDICI\u00d3N<\/h1>\n<p>[\/vc_column_text][vc_column_text]En Tecniprecisi\u00f3n C\u00eda. Ltda. ofrecemos servicios de calibraci\u00f3n de equipos e instrumentos de medici\u00f3n con altos est\u00e1ndares de calidad, avalados por nuestras acreditaciones ante SAE y A2LA. Somos un laboratorio de metrolog\u00eda especializado en la calibraci\u00f3n de instrumentos de distintas magnitudes, bajo un Sistema de Gesti\u00f3n riguroso y con personal altamente calificado. Nuestro compromiso es brindar servicios de calibraci\u00f3n confiables, precisos y alineados a las necesidades de la industria ecuatoriana e internacional.[\/vc_column_text][vc_column_text]<\/p>\n<h2 style=\"text-align: center;\">ACREDITACIONES Y RECONOCIMIENTOS<\/h2>\n<p>[\/vc_column_text][\/vc_column][\/vc_row][vc_row][vc_column width=&#8221;1\/3&#8243;][vc_single_image image=&#8221;1968&#8243; img_size=&#8221;medium&#8221; alignment=&#8221;center&#8221;][\/vc_column][vc_column width=&#8221;1\/3&#8243;][vc_single_image image=&#8221;1967&#8243; img_size=&#8221;medium&#8221; alignment=&#8221;center&#8221;][\/vc_column][vc_column width=&#8221;1\/3&#8243;][vc_single_image image=&#8221;1969&#8243; img_size=&#8221;medium&#8221; alignment=&#8221;center&#8221;][\/vc_column][\/vc_row][vc_row][vc_column][vc_column_text]<\/p>\n<h2 style=\"text-align: center;\">\u00bfNecesitas calibrar un equipo? Cont\u00e1ctanos<\/h2>\n<p>[\/vc_column_text][\/vc_column][\/vc_row][vc_row][vc_column width=&#8221;1\/3&#8243;][vc_cta h2=&#8221;Cont\u00e1ctanos&#8221; add_icon=&#8221;left&#8221; i_icon_fontawesome=&#8221;fas fa-phone-square-alt&#8221; css_animation=&#8221;fadeIn&#8221;]<\/p>\n<h4>+593 98 547 3889<\/h4>\n<p>[\/vc_cta][\/vc_column][vc_column width=&#8221;1\/3&#8243;][vc_cta h2=&#8221;WhatsApp&#8221; color=&#8221;white&#8221; add_icon=&#8221;left&#8221; i_icon_fontawesome=&#8221;fab fa-whatsapp&#8221; i_color=&#8221;white&#8221; css_animation=&#8221;fadeIn&#8221; css=&#8221;.vc_custom_1773843544376{background-color: #40d16c !important;}&#8221; i_link=&#8221;url:https%3A%2F%2Fwa.me%2F593984950765&#8243;]<\/p>\n<h4><span style=\"color: #ffffff;\"><strong><a style=\"color: #ffffff;\" href=\"https:\/\/wa.me\/593984950765\">+593 98 495 0765<\/a><\/strong><\/span><\/h4>\n<p>[\/vc_cta][\/vc_column][vc_column width=&#8221;1\/3&#8243;][vc_cta h2=&#8221;Cont\u00e1ctanos&#8221; add_icon=&#8221;left&#8221; i_icon_fontawesome=&#8221;fas fa-phone-square-alt&#8221; css_animation=&#8221;fadeIn&#8221;]<\/p>\n<h4>+593 98 783 6855<\/h4>\n<p>[\/vc_cta][\/vc_column][\/vc_row][vc_row][vc_column][vc_column_text]<\/p>\n<h2 style=\"text-align: center;\">SERVICIOS DE CALIBRACI\u00d3N DE EQUIPOS E INSTRUMENTOS DE MEDICI\u00d3N<\/h2>\n<p>[\/vc_column_text][\/vc_column][\/vc_row][vc_row][vc_column width=&#8221;1\/3&#8243;][vc_single_image image=&#8221;1163&#8243; img_size=&#8221;medium&#8221; alignment=&#8221;center&#8221;][vc_cta h2=&#8221;Laboratorio Dimensional &#8211; Longitud:&#8221; add_button=&#8221;bottom&#8221; btn_title=&#8221;M\u00e1s Informaci\u00f3n&#8221; btn_align=&#8221;center&#8221; btn_link=&#8221;url:https%3A%2F%2Fwww.tecniprecision.com%2Fec%2Flaboratorio-dimensional-longitud%2F|target:_blank&#8221;]<strong> Calibramos:<\/strong><\/p>\n<ul>\n<li>Calibradores pie de rey.<\/li>\n<li>Calibrador de profundidad.<\/li>\n<li>Micr\u00f3metros de exteriores de dos contactos.<\/li>\n<li>Comparadores de car\u00e1tula.<\/li>\n<li>Flex\u00f3metros, cintas m\u00e9tricas, cintas de aforo.<\/li>\n<li>y mas<\/li>\n<\/ul>\n<p>[\/vc_cta][\/vc_column][vc_column width=&#8221;1\/3&#8243;][vc_single_image image=&#8221;1046&#8243; img_size=&#8221;medium&#8221; alignment=&#8221;center&#8221;][vc_cta h2=&#8221;Laboratorio Fluidos \u2013 Presi\u00f3n y vac\u00edo:&#8221; add_button=&#8221;bottom&#8221; btn_title=&#8221;M\u00e1s Informaci\u00f3n&#8221; btn_align=&#8221;center&#8221; btn_link=&#8221;url:https%3A%2F%2Fwww.tecniprecision.com%2Fec%2Ffluidos-presion-y-vacio%2F|target:_blank&#8221;]<strong> Calibramos:<\/strong><\/p>\n<ul>\n<li>Medidores de presi\u00f3n (Man\u00f3metros).<\/li>\n<li>Medidores de presi\u00f3n con salida el\u00e9ctrica ( Transmisores de presi\u00f3n)<\/li>\n<li>Mano vacu\u00f3metros, vacu\u00f3metros.<\/li>\n<li>Medidores de presi\u00f3n diferencial.<\/li>\n<li>Y m\u00e1s<\/li>\n<\/ul>\n<p>[\/vc_cta][\/vc_column][vc_column width=&#8221;1\/3&#8243;][vc_single_image image=&#8221;1044&#8243; img_size=&#8221;medium&#8221; alignment=&#8221;center&#8221;][vc_cta h2=&#8221;Laboratorio Electricidad CC y BF&#8221; add_button=&#8221;bottom&#8221; btn_title=&#8221;M\u00e1s Informaci\u00f3n&#8221; btn_align=&#8221;center&#8221; btn_link=&#8221;url:https%3A%2F%2Fwww.tecniprecision.com%2Fec%2Felectricidad-cc-y-bf%2F|target:_blank&#8221;]<strong> Calibramos:<\/strong><\/p>\n<ul>\n<li>Pinzas amperim\u00e9tricas.<\/li>\n<li>Mult\u00edmetros de 4 1\/2 d\u00edgitos.<\/li>\n<li>Medidor de aislamiento \u2013 Meg\u00f3hmetro digital.<\/li>\n<li>Calibradores de proceso<\/li>\n<li>Analizadores de calidad el\u00e9ctrica<\/li>\n<li>Medidores de capacitancia<\/li>\n<li>Indicadores de Fase<\/li>\n<li>Y m\u00e1s<\/li>\n<\/ul>\n<p>[\/vc_cta][\/vc_column][\/vc_row][vc_row][vc_column][vc_separator][\/vc_column][\/vc_row][vc_row][vc_column width=&#8221;1\/3&#8243;][vc_single_image image=&#8221;1991&#8243; img_size=&#8221;medium&#8221; alignment=&#8221;center&#8221;][vc_cta h2=&#8221;Laboratorio Tiempo y Frecuencia:&#8221; add_button=&#8221;bottom&#8221; btn_title=&#8221;M\u00e1s Informaci\u00f3n&#8221; btn_align=&#8221;center&#8221; btn_link=&#8221;url:https%3A%2F%2Fwww.tecniprecision.com%2Fec%2Ftiempo-y-frecuencia%2F|target:_blank&#8221;]<strong> Calibramos:<\/strong><\/p>\n<ul>\n<li>Fototac\u00f3metros<\/li>\n<li>Cron\u00f3metros<\/li>\n<\/ul>\n<p>[\/vc_cta][\/vc_column][vc_column width=&#8221;1\/3&#8243;][vc_single_image image=&#8221;1985&#8243; img_size=&#8221;medium&#8221; alignment=&#8221;center&#8221;][vc_cta h2=&#8221;Laboratorio Mec\u00e1nica \u2013 Presi\u00f3n:&#8221; add_button=&#8221;bottom&#8221; btn_title=&#8221;M\u00e1s Informaci\u00f3n&#8221; btn_align=&#8221;center&#8221; btn_link=&#8221;url:https%3A%2F%2Fwww.tecniprecision.com%2Fec%2Fmecanica-presion%2F|target:_blank&#8221;]<strong> Calibramos:<\/strong><\/p>\n<ul>\n<li>Man\u00f3metros Digitales<\/li>\n<li>M\u00f3dulos de presi\u00f3n<\/li>\n<\/ul>\n<p><span class=\"OYPEnA font-feature-liga-off font-feature-clig-off font-feature-calt-off text-decoration-none text-strikethrough-none\">Para exactitudes de 0.02% F.S. y 0.05% F.S.<\/span>[\/vc_cta][\/vc_column][vc_column width=&#8221;1\/3&#8243;][vc_single_image image=&#8221;1997&#8243; img_size=&#8221;medium&#8221; alignment=&#8221;center&#8221;][vc_cta h2=&#8221;Laboratorio Dimensional:&#8221; add_button=&#8221;bottom&#8221; btn_title=&#8221;M\u00e1s Informaci\u00f3n&#8221; btn_align=&#8221;center&#8221; btn_link=&#8221;url:https%3A%2F%2Fwww.tecniprecision.com%2Fec%2Fdimensional-a2la%2F|target:_blank&#8221;]<strong> Calibramos:<\/strong><\/p>\n<ul>\n<li>Medidores de altura<\/li>\n<li>Medidores de espesores<\/li>\n<li>Alex\u00f3metros.<\/li>\n<li>Galgas telesc\u00f3picas.<\/li>\n<li>Kit de inspecci\u00f3n de soldadura y galgas en general.<\/li>\n<li>Goni\u00f3metros, escuadras.<\/li>\n<li>Y m\u00e1s<\/li>\n<\/ul>\n<p>[\/vc_cta][\/vc_column][\/vc_row][vc_row][vc_column][vc_separator][\/vc_column][\/vc_row][vc_row][vc_column width=&#8221;1\/3&#8243;][vc_single_image image=&#8221;1175&#8243; img_size=&#8221;medium&#8221; alignment=&#8221;center&#8221;][vc_cta h2=&#8221;Laboratorio Mec\u00e1nica \u2013 Momentos:&#8221; add_button=&#8221;bottom&#8221; btn_title=&#8221;M\u00e1s Informaci\u00f3n&#8221; btn_align=&#8221;center&#8221; btn_link=&#8221;url:https%3A%2F%2Fwww.tecniprecision.com%2Fec%2Fcalibracion-de-torquimetros%2F|target:_blank&#8221;]<strong> Calibramos:<\/strong><\/p>\n<ul>\n<li>Herramienta dinamom\u00e9trica tipo I y II (Torqu\u00edmetros)<\/li>\n<li>Verificadores de torque exactitud hasta 1% FS.<\/li>\n<li>Spring Secure Tester (Digitales y an\u00e1logos).<\/li>\n<li>Multiplicador de torque.<\/li>\n<li>Destornilladores<strong>.<\/strong><\/li>\n<\/ul>\n<p>[\/vc_cta][\/vc_column][vc_column width=&#8221;1\/3&#8243;][vc_single_image image=&#8221;2003&#8243; img_size=&#8221;medium&#8221; alignment=&#8221;center&#8221;][vc_cta h2=&#8221;Laboratorio de Mec\u00e1nica \u2013 Masa:&#8221; add_button=&#8221;bottom&#8221; btn_title=&#8221;M\u00e1s Informaci\u00f3n&#8221; btn_align=&#8221;center&#8221; btn_link=&#8221;url:https%3A%2F%2Fwww.tecniprecision.com%2Fec%2Fmecanica-masa-a2la%2F|target:_blank&#8221;]<strong> Calibramos:<\/strong><\/p>\n<ul>\n<li>Balanzas de clase I<\/li>\n<li>Balanzas de clase II<\/li>\n<\/ul>\n<p>[\/vc_cta][\/vc_column][vc_column width=&#8221;1\/3&#8243;][vc_single_image image=&#8221;2017&#8243; img_size=&#8221;medium&#8221; alignment=&#8221;center&#8221;][vc_cta h2=&#8221;Laboratorio de Mec\u00e1nica \u2013 Masa:&#8221; add_button=&#8221;bottom&#8221; btn_title=&#8221;M\u00e1s Informaci\u00f3n&#8221; btn_align=&#8221;center&#8221; btn_link=&#8221;url:https%3A%2F%2Fwww.tecniprecision.com%2Fec%2Fcalibracion-de-balanzas%2F|target:_blank&#8221;]<strong> Calibramos:<\/strong><\/p>\n<ul>\n<li>Balanzas de clase III<\/li>\n<li>Balanzas de clase VI<\/li>\n<\/ul>\n<p>[\/vc_cta][\/vc_column][\/vc_row][vc_row][vc_column][vc_separator][\/vc_column][\/vc_row][vc_row][vc_column width=&#8221;1\/3&#8243;][vc_single_image image=&#8221;2007&#8243; img_size=&#8221;medium&#8221; alignment=&#8221;center&#8221;][vc_cta h2=&#8221;Laboratorio Fluidos \u2013 Volumen:&#8221; add_button=&#8221;bottom&#8221; btn_title=&#8221;M\u00e1s Informaci\u00f3n&#8221; btn_align=&#8221;center&#8221; btn_link=&#8221;url:https%3A%2F%2Fwww.tecniprecision.com%2Fec%2Ffluidos-volumen%2F|target:_blank&#8221;]<strong> Calibramos:<\/strong><\/p>\n<ul>\n<li><span class=\"OYPEnA font-feature-liga-off font-feature-clig-off font-feature-calt-off text-decoration-none text-strikethrough-none\">Matraces aforados de una marca \u2013 Hasta 2000 ml<\/span><\/li>\n<li><span class=\"OYPEnA font-feature-liga-off font-feature-clig-off font-feature-calt-off text-decoration-none text-strikethrough-none\">Matraces aforados graduados (10 a 100) ml \/ (200 a 2000) ml<\/span><\/li>\n<li><span class=\"OYPEnA font-feature-liga-off font-feature-clig-off font-feature-calt-off text-decoration-none text-strikethrough-none\">Probetas graduadas (10 a 100) ml\/ (200 a 2000) ml<\/span><\/li>\n<li><span class=\"OYPEnA font-feature-liga-off font-feature-clig-off font-feature-calt-off text-decoration-none text-strikethrough-none\">Matraz de desbordamiento: (10 a 2000) ml<\/span><\/li>\n<li><span class=\"OYPEnA font-feature-liga-off font-feature-clig-off font-feature-calt-off text-decoration-none text-strikethrough-none\">Picn\u00f3metro: (10 a 100) ml<\/span><\/li>\n<li><span class=\"OYPEnA font-feature-liga-off font-feature-clig-off font-feature-calt-off text-decoration-none text-strikethrough-none\">Tubos de centr\u00edfuga: (10 a 1000) ml<\/span><\/li>\n<li><span class=\"OYPEnA font-feature-liga-off font-feature-clig-off font-feature-calt-off text-decoration-none text-strikethrough-none\">Matraz Erlenmeyer: (10 a 2000) ml<\/span><\/li>\n<li><span class=\"OYPEnA font-feature-liga-off font-feature-clig-off font-feature-calt-off text-decoration-none text-strikethrough-none\">Conos Imhoff: (10 a 1000) ml<\/span><\/li>\n<li>Y m\u00e1s<\/li>\n<\/ul>\n<p>[\/vc_cta][\/vc_column][vc_column width=&#8221;1\/3&#8243;][vc_single_image image=&#8221;1044&#8243; img_size=&#8221;medium&#8221; alignment=&#8221;center&#8221;][vc_cta h2=&#8221;Laboratorio Electricidad CC y Baja Frecuencia:&#8221; add_button=&#8221;bottom&#8221; btn_title=&#8221;M\u00e1s Informaci\u00f3n&#8221; btn_align=&#8221;center&#8221; btn_link=&#8221;url:https%3A%2F%2Fwww.tecniprecision.com%2Fec%2Felectricidad-cc-y-bf-a2la%2F|target:_blank&#8221;]<strong> Calibramos:<\/strong><\/p>\n<ul>\n<li>Telur\u00f3metro<\/li>\n<li>Pinza Telurom\u00e9trica<\/li>\n<\/ul>\n<p>[\/vc_cta][\/vc_column][vc_column width=&#8221;1\/3&#8243;][vc_single_image image=&#8221;2005&#8243; img_size=&#8221;medium&#8221; alignment=&#8221;center&#8221;][vc_cta h2=&#8221;Laboratorio Termodin\u00e1mica:&#8221; add_button=&#8221;bottom&#8221; btn_title=&#8221;M\u00e1s Informaci\u00f3n&#8221; btn_align=&#8221;center&#8221; btn_link=&#8221;url:https%3A%2F%2Fwww.tecniprecision.com%2Fec%2Ftermodinamica%2F|target:_blank&#8221;]<strong> Calibramos:<\/strong><\/p>\n<ul>\n<li>Term\u00f3metro Digital (Sensores PTR, Termisor y Termopar)<\/li>\n<li>Term\u00f3metro Bimet\u00e1lico<\/li>\n<li>Termohigr\u00f3metro<\/li>\n<li><span class=\"OYPEnA font-feature-liga-off font-feature-clig-off font-feature-calt-off text-decoration-none text-strikethrough-none\">Term\u00f3metros infrarrojos (emisividad fija de 0.95)<\/span><\/li>\n<\/ul>\n<p>[\/vc_cta][\/vc_column][\/vc_row][vc_row][vc_column][vc_separator][\/vc_column][\/vc_row][vc_row][vc_column width=&#8221;1\/3&#8243;][vc_single_image image=&#8221;2009&#8243; img_size=&#8221;medium&#8221; alignment=&#8221;center&#8221;][vc_cta h2=&#8221;Laboratorio de magnitudes varias:&#8221; add_button=&#8221;bottom&#8221; btn_title=&#8221;M\u00e1s Informaci\u00f3n&#8221; btn_align=&#8221;center&#8221; btn_link=&#8221;url:https%3A%2F%2Fwww.tecniprecision.com%2Fec%2Fcalibracion-en-magnitudes-varias%2F|target:_blank&#8221;]<strong> Calibramos:<\/strong><\/p>\n<ul>\n<li>An\u00e1lisis de dureza y rugosidad.<\/li>\n<li>Medidores de espesor por ultrasonido.<\/li>\n<li>Mediciones de formas , galgas de roscas, espesor.<\/li>\n<li>Enceramiento.<\/li>\n<li>Roscas especiales.<\/li>\n<li>Tac\u00f3metros.<\/li>\n<li>Contadores de cable mec\u00e1nicos.<\/li>\n<li>Dur\u00f3metros en escala Rockwell C.<\/li>\n<li>Dur\u00f3metros en escala Shore A Y D.<\/li>\n<li>Lux\u00f3metros.<\/li>\n<\/ul>\n<p>[\/vc_cta][\/vc_column][vc_column width=&#8221;1\/3&#8243;][\/vc_column][vc_column width=&#8221;1\/3&#8243;][\/vc_column][\/vc_row]<\/p>\n","protected":false},"excerpt":{"rendered":"<p>[vc_row][vc_column][vc_column_text] CALIBRACI\u00d3N DE EQUIPOS E INSTRUMENTOS DE MEDICI\u00d3N [\/vc_column_text][vc_column_text]En Tecniprecisi\u00f3n C\u00eda. Ltda. ofrecemos servicios de calibraci\u00f3n de equipos e instrumentos de medici\u00f3n con altos est\u00e1ndares de calidad, avalados por nuestras acreditaciones ante SAE y A2LA. Somos un laboratorio de metrolog\u00eda especializado en la calibraci\u00f3n de instrumentos de distintas magnitudes, bajo un Sistema de Gesti\u00f3n riguroso [&hellip;]<\/p>\n","protected":false},"author":3,"featured_media":0,"parent":0,"menu_order":0,"comment_status":"closed","ping_status":"closed","template":"tpl\/page_single.php","meta":{"_joinchat":{"telephone":"+593984950765"},"footnotes":""},"class_list":["post-1950","page","type-page","status-publish","hentry"],"yoast_head":"<!-- This site is optimized with the Yoast SEO plugin v26.2 - https:\/\/yoast.com\/wordpress\/plugins\/seo\/ -->\n<title>CALIBRACI\u00d3N DE EQUIPOS E INSTRUMENTOS DE MEDICI\u00d3N - Tecniprecision Cia. Ltda.<\/title>\n<meta name=\"description\" content=\"Ofrecemos servicios de Calibraci\u00f3n de equipos e instrumentos de medici\u00f3n acreditado por el SAE o A2LA en m\u00faltiples magnitudes\" \/>\n<meta name=\"robots\" content=\"index, follow, max-snippet:-1, max-image-preview:large, max-video-preview:-1\" \/>\n<link rel=\"canonical\" href=\"https:\/\/www.tecniprecision.com\/ec\/servicios-de-calibracion\/\" \/>\n<meta property=\"og:locale\" content=\"es_ES\" \/>\n<meta property=\"og:type\" content=\"article\" \/>\n<meta property=\"og:title\" content=\"CALIBRACI\u00d3N DE EQUIPOS E INSTRUMENTOS DE MEDICI\u00d3N - Tecniprecision Cia. Ltda.\" \/>\n<meta property=\"og:description\" content=\"Ofrecemos servicios de Calibraci\u00f3n de equipos e instrumentos de medici\u00f3n acreditado por el SAE o A2LA en m\u00faltiples magnitudes\" \/>\n<meta property=\"og:url\" content=\"https:\/\/www.tecniprecision.com\/ec\/servicios-de-calibracion\/\" \/>\n<meta property=\"og:site_name\" content=\"Tecniprecision Cia. Ltda.\" \/>\n<meta property=\"article:publisher\" content=\"https:\/\/www.facebook.com\/Tecniprecision\" \/>\n<meta property=\"article:modified_time\" content=\"2026-03-18T14:20:03+00:00\" \/>\n<meta name=\"twitter:card\" content=\"summary_large_image\" \/>\n<meta name=\"twitter:site\" content=\"@tecniprecision1\" \/>\n<meta name=\"twitter:label1\" content=\"Tiempo de lectura\" \/>\n\t<meta name=\"twitter:data1\" content=\"3 minutos\" \/>\n<script type=\"application\/ld+json\" class=\"yoast-schema-graph\">{\"@context\":\"https:\/\/schema.org\",\"@graph\":[{\"@type\":\"WebPage\",\"@id\":\"https:\/\/www.tecniprecision.com\/ec\/servicios-de-calibracion\/\",\"url\":\"https:\/\/www.tecniprecision.com\/ec\/servicios-de-calibracion\/\",\"name\":\"CALIBRACI\u00d3N DE EQUIPOS E INSTRUMENTOS DE MEDICI\u00d3N - Tecniprecision Cia. Ltda.\",\"isPartOf\":{\"@id\":\"https:\/\/www.tecniprecision.com\/ec\/#website\"},\"datePublished\":\"2025-07-25T16:26:31+00:00\",\"dateModified\":\"2026-03-18T14:20:03+00:00\",\"description\":\"Ofrecemos servicios de Calibraci\u00f3n de equipos e instrumentos de medici\u00f3n acreditado por el SAE o A2LA en m\u00faltiples magnitudes\",\"breadcrumb\":{\"@id\":\"https:\/\/www.tecniprecision.com\/ec\/servicios-de-calibracion\/#breadcrumb\"},\"inLanguage\":\"es\",\"potentialAction\":[{\"@type\":\"ReadAction\",\"target\":[\"https:\/\/www.tecniprecision.com\/ec\/servicios-de-calibracion\/\"]}]},{\"@type\":\"BreadcrumbList\",\"@id\":\"https:\/\/www.tecniprecision.com\/ec\/servicios-de-calibracion\/#breadcrumb\",\"itemListElement\":[{\"@type\":\"ListItem\",\"position\":1,\"name\":\"Portada\",\"item\":\"https:\/\/www.tecniprecision.com\/ec\/\"},{\"@type\":\"ListItem\",\"position\":2,\"name\":\"CALIBRACI\u00d3N DE EQUIPOS E INSTRUMENTOS DE MEDICI\u00d3N\"}]},{\"@type\":\"WebSite\",\"@id\":\"https:\/\/www.tecniprecision.com\/ec\/#website\",\"url\":\"https:\/\/www.tecniprecision.com\/ec\/\",\"name\":\"Tecniprecision Cia. Ltda.\",\"description\":\"Calibraci\u00f3n de instrumentos y equipos de medici\u00f3n\",\"publisher\":{\"@id\":\"https:\/\/www.tecniprecision.com\/ec\/#organization\"},\"potentialAction\":[{\"@type\":\"SearchAction\",\"target\":{\"@type\":\"EntryPoint\",\"urlTemplate\":\"https:\/\/www.tecniprecision.com\/ec\/?s={search_term_string}\"},\"query-input\":{\"@type\":\"PropertyValueSpecification\",\"valueRequired\":true,\"valueName\":\"search_term_string\"}}],\"inLanguage\":\"es\"},{\"@type\":\"Organization\",\"@id\":\"https:\/\/www.tecniprecision.com\/ec\/#organization\",\"name\":\"Tecniprecisi\u00f3n C\u00eda. Ltda.\",\"url\":\"https:\/\/www.tecniprecision.com\/ec\/\",\"logo\":{\"@type\":\"ImageObject\",\"inLanguage\":\"es\",\"@id\":\"https:\/\/www.tecniprecision.com\/ec\/#\/schema\/logo\/image\/\",\"url\":\"https:\/\/www.tecniprecision.com\/ec\/wp-content\/uploads\/2020\/11\/Logo-180x60-1.png\",\"contentUrl\":\"https:\/\/www.tecniprecision.com\/ec\/wp-content\/uploads\/2020\/11\/Logo-180x60-1.png\",\"width\":277,\"height\":91,\"caption\":\"Tecniprecisi\u00f3n C\u00eda. Ltda.\"},\"image\":{\"@id\":\"https:\/\/www.tecniprecision.com\/ec\/#\/schema\/logo\/image\/\"},\"sameAs\":[\"https:\/\/www.facebook.com\/Tecniprecision\",\"https:\/\/x.com\/tecniprecision1\",\"https:\/\/www.instagram.com\/tecniprecision\/\",\"https:\/\/www.linkedin.com\/in\/tecniprecisi\u00f3n-cia-ltda-2a0755142\/\",\"https:\/\/www.youtube.com\/channel\/UCwnxcuI7Zo0tfYNIw_6OAuA\"]}]}<\/script>\n<!-- \/ Yoast SEO plugin. -->","yoast_head_json":{"title":"CALIBRACI\u00d3N DE EQUIPOS E INSTRUMENTOS DE MEDICI\u00d3N - Tecniprecision Cia. Ltda.","description":"Ofrecemos servicios de Calibraci\u00f3n de equipos e instrumentos de medici\u00f3n acreditado por el SAE o A2LA en m\u00faltiples magnitudes","robots":{"index":"index","follow":"follow","max-snippet":"max-snippet:-1","max-image-preview":"max-image-preview:large","max-video-preview":"max-video-preview:-1"},"canonical":"https:\/\/www.tecniprecision.com\/ec\/servicios-de-calibracion\/","og_locale":"es_ES","og_type":"article","og_title":"CALIBRACI\u00d3N DE EQUIPOS E INSTRUMENTOS DE MEDICI\u00d3N - Tecniprecision Cia. Ltda.","og_description":"Ofrecemos servicios de Calibraci\u00f3n de equipos e instrumentos de medici\u00f3n acreditado por el SAE o A2LA en m\u00faltiples magnitudes","og_url":"https:\/\/www.tecniprecision.com\/ec\/servicios-de-calibracion\/","og_site_name":"Tecniprecision Cia. Ltda.","article_publisher":"https:\/\/www.facebook.com\/Tecniprecision","article_modified_time":"2026-03-18T14:20:03+00:00","twitter_card":"summary_large_image","twitter_site":"@tecniprecision1","twitter_misc":{"Tiempo de lectura":"3 minutos"},"schema":{"@context":"https:\/\/schema.org","@graph":[{"@type":"WebPage","@id":"https:\/\/www.tecniprecision.com\/ec\/servicios-de-calibracion\/","url":"https:\/\/www.tecniprecision.com\/ec\/servicios-de-calibracion\/","name":"CALIBRACI\u00d3N DE EQUIPOS E INSTRUMENTOS DE MEDICI\u00d3N - Tecniprecision Cia. Ltda.","isPartOf":{"@id":"https:\/\/www.tecniprecision.com\/ec\/#website"},"datePublished":"2025-07-25T16:26:31+00:00","dateModified":"2026-03-18T14:20:03+00:00","description":"Ofrecemos servicios de Calibraci\u00f3n de equipos e instrumentos de medici\u00f3n acreditado por el SAE o A2LA en m\u00faltiples magnitudes","breadcrumb":{"@id":"https:\/\/www.tecniprecision.com\/ec\/servicios-de-calibracion\/#breadcrumb"},"inLanguage":"es","potentialAction":[{"@type":"ReadAction","target":["https:\/\/www.tecniprecision.com\/ec\/servicios-de-calibracion\/"]}]},{"@type":"BreadcrumbList","@id":"https:\/\/www.tecniprecision.com\/ec\/servicios-de-calibracion\/#breadcrumb","itemListElement":[{"@type":"ListItem","position":1,"name":"Portada","item":"https:\/\/www.tecniprecision.com\/ec\/"},{"@type":"ListItem","position":2,"name":"CALIBRACI\u00d3N DE EQUIPOS E INSTRUMENTOS DE MEDICI\u00d3N"}]},{"@type":"WebSite","@id":"https:\/\/www.tecniprecision.com\/ec\/#website","url":"https:\/\/www.tecniprecision.com\/ec\/","name":"Tecniprecision Cia. Ltda.","description":"Calibraci\u00f3n de instrumentos y equipos de medici\u00f3n","publisher":{"@id":"https:\/\/www.tecniprecision.com\/ec\/#organization"},"potentialAction":[{"@type":"SearchAction","target":{"@type":"EntryPoint","urlTemplate":"https:\/\/www.tecniprecision.com\/ec\/?s={search_term_string}"},"query-input":{"@type":"PropertyValueSpecification","valueRequired":true,"valueName":"search_term_string"}}],"inLanguage":"es"},{"@type":"Organization","@id":"https:\/\/www.tecniprecision.com\/ec\/#organization","name":"Tecniprecisi\u00f3n C\u00eda. Ltda.","url":"https:\/\/www.tecniprecision.com\/ec\/","logo":{"@type":"ImageObject","inLanguage":"es","@id":"https:\/\/www.tecniprecision.com\/ec\/#\/schema\/logo\/image\/","url":"https:\/\/www.tecniprecision.com\/ec\/wp-content\/uploads\/2020\/11\/Logo-180x60-1.png","contentUrl":"https:\/\/www.tecniprecision.com\/ec\/wp-content\/uploads\/2020\/11\/Logo-180x60-1.png","width":277,"height":91,"caption":"Tecniprecisi\u00f3n C\u00eda. Ltda."},"image":{"@id":"https:\/\/www.tecniprecision.com\/ec\/#\/schema\/logo\/image\/"},"sameAs":["https:\/\/www.facebook.com\/Tecniprecision","https:\/\/x.com\/tecniprecision1","https:\/\/www.instagram.com\/tecniprecision\/","https:\/\/www.linkedin.com\/in\/tecniprecisi\u00f3n-cia-ltda-2a0755142\/","https:\/\/www.youtube.com\/channel\/UCwnxcuI7Zo0tfYNIw_6OAuA"]}]}},"_links":{"self":[{"href":"https:\/\/www.tecniprecision.com\/ec\/wp-json\/wp\/v2\/pages\/1950","targetHints":{"allow":["GET"]}}],"collection":[{"href":"https:\/\/www.tecniprecision.com\/ec\/wp-json\/wp\/v2\/pages"}],"about":[{"href":"https:\/\/www.tecniprecision.com\/ec\/wp-json\/wp\/v2\/types\/page"}],"author":[{"embeddable":true,"href":"https:\/\/www.tecniprecision.com\/ec\/wp-json\/wp\/v2\/users\/3"}],"replies":[{"embeddable":true,"href":"https:\/\/www.tecniprecision.com\/ec\/wp-json\/wp\/v2\/comments?post=1950"}],"version-history":[{"count":60,"href":"https:\/\/www.tecniprecision.com\/ec\/wp-json\/wp\/v2\/pages\/1950\/revisions"}],"predecessor-version":[{"id":2116,"href":"https:\/\/www.tecniprecision.com\/ec\/wp-json\/wp\/v2\/pages\/1950\/revisions\/2116"}],"wp:attachment":[{"href":"https:\/\/www.tecniprecision.com\/ec\/wp-json\/wp\/v2\/media?parent=1950"}],"curies":[{"name":"wp","href":"https:\/\/api.w.org\/{rel}","templated":true}]}}