{"id":1843,"date":"2025-06-20T11:52:28","date_gmt":"2025-06-20T16:52:28","guid":{"rendered":"https:\/\/www.tecniprecision.com\/ec\/?page_id=1843"},"modified":"2025-06-20T14:54:42","modified_gmt":"2025-06-20T19:54:42","slug":"dimensional-a2la","status":"publish","type":"page","link":"https:\/\/www.tecniprecision.com\/ec\/dimensional-a2la\/","title":{"rendered":"Dimensional A2LA"},"content":{"rendered":"<p>[vc_row][vc_column]\n\t\t\t<!-- START Dimensional A2LA 1 REVOLUTION SLIDER 6.3.1 --><p class=\"rs-p-wp-fix\"><\/p>\n\t\t\t<rs-module-wrap id=\"rev_slider_30_1_wrapper\" data-source=\"gallery\" style=\"background:transparent;padding:0;margin:0px auto;margin-top:0;margin-bottom:0;max-width:;\">\n\t\t\t\t<rs-module id=\"rev_slider_30_1\" style=\"\" data-version=\"6.3.1\">\n\t\t\t\t\t<rs-slides>\n\t\t\t\t\t\t<rs-slide data-key=\"rs-51\" data-title=\"Slide\" data-anim=\"ei:d;eo:d;s:620;r:0;t:fade;sl:d;\">\n\t\t\t\t\t\t\t<img loading=\"lazy\" decoding=\"async\" src=\"\/\/www.tecniprecision.com\/ec\/wp-content\/uploads\/2025\/06\/Dimensional.jpg\" title=\"Dimensional\" width=\"2128\" height=\"888\" data-parallax=\"off\" data-panzoom=\"d:8000;ss:200;se:100;bs:5;\" class=\"rev-slidebg\" data-no-retina>\n<!--\n\t\t\t\t\t\t\t--><rs-layer\n\t\t\t\t\t\t\t\tid=\"slider-30-slide-51-layer-2\" \n\t\t\t\t\t\t\t\tclass=\"Fashion-BigDisplay\"\n\t\t\t\t\t\t\t\tdata-type=\"text\"\n\t\t\t\t\t\t\t\tdata-color=\"#000000\"\n\t\t\t\t\t\t\t\tdata-rsp_ch=\"on\"\n\t\t\t\t\t\t\t\tdata-xy=\"x:c;xo:13px;y:338px;\"\n\t\t\t\t\t\t\t\tdata-text=\"s:44;l:44;ls:1;fw:200;a:inherit;\"\n\t\t\t\t\t\t\t\tdata-frame_0=\"o:1;\"\n\t\t\t\t\t\t\t\tdata-frame_0_chars=\"d:10;sX:0.8;sY:0.8;o:0;\"\n\t\t\t\t\t\t\t\tdata-frame_1=\"e:power4.out;st:1590;sp:800;sR:1590;\"\n\t\t\t\t\t\t\t\tdata-frame_1_chars=\"d:10;\"\n\t\t\t\t\t\t\t\tdata-frame_999=\"o:0;st:w;sp:200;sR:4410;\"\n\t\t\t\t\t\t\t\tstyle=\"z-index:5;font-family:Impact, Charcoal, sans-serif;cursor:pointer;\"\n\t\t\t\t\t\t\t>ACREDITADO \n\t\t\t\t\t\t\t<\/rs-layer><!--\n\n\t\t\t\t\t\t\t--><rs-layer\n\t\t\t\t\t\t\t\tid=\"slider-30-slide-51-layer-9\" \n\t\t\t\t\t\t\t\tclass=\"Fashion-BigDisplay\"\n\t\t\t\t\t\t\t\tdata-type=\"text\"\n\t\t\t\t\t\t\t\tdata-color=\"#003b77\"\n\t\t\t\t\t\t\t\tdata-rsp_ch=\"on\"\n\t\t\t\t\t\t\t\tdata-xy=\"x:c;xo:10px;y:264px;\"\n\t\t\t\t\t\t\t\tdata-text=\"s:60;l:60;ls:2px;a:inherit;\"\n\t\t\t\t\t\t\t\tdata-frame_0=\"o:1;\"\n\t\t\t\t\t\t\t\tdata-frame_0_chars=\"d:10;sX:0.8;sY:0.8;o:0;\"\n\t\t\t\t\t\t\t\tdata-frame_1=\"e:power4.out;st:1590;sp:800;sR:1590;\"\n\t\t\t\t\t\t\t\tdata-frame_1_chars=\"d:10;\"\n\t\t\t\t\t\t\t\tdata-frame_999=\"o:0;st:w;sp:200;sR:4410;\"\n\t\t\t\t\t\t\t\tstyle=\"z-index:5;font-family:Impact, Charcoal, sans-serif;cursor:pointer;\"\n\t\t\t\t\t\t\t>Laboratorio Dimensional \n\t\t\t\t\t\t\t<\/rs-layer><!--\n\n\t\t\t\t\t\t\t--><rs-layer\n\t\t\t\t\t\t\t\tid=\"slider-30-slide-51-layer-11\" \n\t\t\t\t\t\t\t\tdata-type=\"image\"\n\t\t\t\t\t\t\t\tdata-rsp_ch=\"on\"\n\t\t\t\t\t\t\t\tdata-xy=\"x:c;xo:11px;\"\n\t\t\t\t\t\t\t\tdata-text=\"l:22;fw:900;a:inherit;\"\n\t\t\t\t\t\t\t\tdata-dim=\"w:673px;h:281px;\"\n\t\t\t\t\t\t\t\tdata-frame_1=\"st:4700;sp:290;sR:4700;\"\n\t\t\t\t\t\t\t\tdata-frame_999=\"o:0;st:w;sR:4010;\"\n\t\t\t\t\t\t\t\tstyle=\"z-index:7;cursor:pointer;\"\n\t\t\t\t\t\t\t><img loading=\"lazy\" decoding=\"async\" src=\"\/\/www.tecniprecision.com\/ec\/wp-content\/uploads\/2025\/07\/Tecniprecision-A2LA-1.png\" width=\"1277\" height=\"533\" data-no-retina> \n\t\t\t\t\t\t\t<\/rs-layer><!--\n\n\t\t\t\t\t\t\t--><rs-layer\n\t\t\t\t\t\t\t\tid=\"slider-30-slide-51-layer-20\" \n\t\t\t\t\t\t\t\tclass=\"rev-btn\"\n\t\t\t\t\t\t\t\tdata-type=\"button\"\n\t\t\t\t\t\t\t\tdata-color=\"rgba(255,255,255,1)\"\n\t\t\t\t\t\t\t\tdata-xy=\"x:c;xo:10px;y:414px;\"\n\t\t\t\t\t\t\t\tdata-text=\"s:17;l:17;fw:500;a:inherit;\"\n\t\t\t\t\t\t\t\tdata-actions='o:click;a:simplelink;target:\/\/_blank;url:http:\/\/www.tecniprecision.com\/ec\/cotizacion\/;'\n\t\t\t\t\t\t\t\tdata-rsp_bd=\"off\"\n\t\t\t\t\t\t\t\tdata-padding=\"t:12;r:35;b:12;l:35;\"\n\t\t\t\t\t\t\t\tdata-frame_1=\"st:4680;sR:4680;\"\n\t\t\t\t\t\t\t\tdata-frame_999=\"o:0;st:w;sp:290;sR:4020;\"\n\t\t\t\t\t\t\t\tdata-frame_hover=\"c:#000;bgc:#ffcc00;boc:#000;bor:0px,0px,0px,0px;bos:solid;oX:50;oY:50;sp:0;e:none;\"\n\t\t\t\t\t\t\t\tstyle=\"z-index:8;background-color:#ff1000;font-family:Roboto;cursor:pointer;outline:none;box-shadow:none;box-sizing:border-box;-moz-box-sizing:border-box;-webkit-box-sizing:border-box;\"\n\t\t\t\t\t\t\t>COTIZAR CALIBRACI\u00d3N <i class=\"fa fa-chevron-right\" aria-hidden=\"true\"><\/i> \n\t\t\t\t\t\t\t<\/rs-layer><!--\n-->\t\t\t\t\t\t<\/rs-slide>\n\t\t\t\t\t<\/rs-slides>\n\t\t\t\t<\/rs-module>\n\t\t\t\t<script type=\"text\/javascript\">\n\t\t\t\t\tsetREVStartSize({c: 'rev_slider_30_1',rl:[1240,1024,778,480],el:[600],gw:[1240],gh:[600],type:'standard',justify:'',layout:'fullwidth',mh:\"0\"});\n\t\t\t\t\tvar\trevapi30,\n\t\t\t\t\t\ttpj;\n\t\t\t\t\tfunction revinit_revslider301() {\n\t\t\t\t\tjQuery(function() {\n\t\t\t\t\t\ttpj = jQuery;\n\t\t\t\t\t\trevapi30 = tpj(\"#rev_slider_30_1\");\n\t\t\t\t\t\tif(revapi30==undefined || revapi30.revolution == undefined){\n\t\t\t\t\t\t\trevslider_showDoubleJqueryError(\"rev_slider_30_1\");\n\t\t\t\t\t\t}else{\n\t\t\t\t\t\t\trevapi30.revolution({\n\t\t\t\t\t\t\t\tdottedOverlay:\"threexthreewhite\",\n\t\t\t\t\t\t\t\tvisibilityLevels:\"1240,1024,778,480\",\n\t\t\t\t\t\t\t\tgridwidth:1240,\n\t\t\t\t\t\t\t\tgridheight:600,\n\t\t\t\t\t\t\t\tperspective:600,\n\t\t\t\t\t\t\t\tperspectiveType:\"local\",\n\t\t\t\t\t\t\t\teditorheight:\"600,768,960,720\",\n\t\t\t\t\t\t\t\tresponsiveLevels:\"1240,1024,778,480\",\n\t\t\t\t\t\t\t\tprogressBar:{disableProgressBar:true},\n\t\t\t\t\t\t\t\tnavigation: {\n\t\t\t\t\t\t\t\t\tmouseScrollNavigation:false,\n\t\t\t\t\t\t\t\t\twheelCallDelay:1000,\n\t\t\t\t\t\t\t\t\tonHoverStop:false,\n\t\t\t\t\t\t\t\t\ttouch: {\n\t\t\t\t\t\t\t\t\t\ttouchenabled:true,\n\t\t\t\t\t\t\t\t\t\tswipe_min_touches:50\n\t\t\t\t\t\t\t\t\t}\n\t\t\t\t\t\t\t\t},\n\t\t\t\t\t\t\t\tparallax: {\n\t\t\t\t\t\t\t\t\tlevels:[2,3,4,5,6,7,12,16,10,50,47,48,49,50,51,55],\n\t\t\t\t\t\t\t\t\ttype:\"mouse\",\n\t\t\t\t\t\t\t\t\torigo:\"slidercenter\",\n\t\t\t\t\t\t\t\t\tspeed:2000\n\t\t\t\t\t\t\t\t},\n\t\t\t\t\t\t\t\tfallbacks: {\n\t\t\t\t\t\t\t\t\tallowHTML5AutoPlayOnAndroid:true\n\t\t\t\t\t\t\t\t},\n\t\t\t\t\t\t\t});\n\t\t\t\t\t\t}\n\t\t\t\t\t\t\n\t\t\t\t\t});\n\t\t\t\t\t} \/\/ End of RevInitScript\n\t\t\t\tvar once_revslider301 = false;\n\t\t\t\tif (document.readyState === \"loading\") {document.addEventListener('readystatechange',function() { if((document.readyState === \"interactive\" || document.readyState === \"complete\") && !once_revslider301 ) { once_revslider301 = true; revinit_revslider301();}});} else {once_revslider301 = true; revinit_revslider301();}\n\t\t\t\t<\/script>\n\t\t\t<\/rs-module-wrap>\n\t\t\t<!-- END REVOLUTION SLIDER -->\n[\/vc_column][\/vc_row][vc_row][vc_column]\r\n\t\t<div class=\"themesflat-spacer \" data-desktop=\"40\" data-mobile=\"40\" data-smobile=\"30\">\t\t\t\r\n\t\t<\/div>[vc_column_text]<\/p>\n<h3 style=\"font-size: 23px; margin-bottom: 15px; margin-top: 10px;\">Laboratorio Dimensional.<\/h3>\n<div style=\"letter-spacing: 0.13px;\">\n<p style=\"margin-bottom: 15px; text-align: justify;\">laboratorio Dimensional, es una magnitud determinada por la distancia f\u00edsica, es una de las magnitudes f\u00edsicas fundamentales en tanto que no puede ser definida en t\u00e9rminos de otras magnitudes que se pueden medir.<\/p>\n<\/div>\n<p>[\/vc_column_text][vc_column_text]El laboratorio Dimensional &#8211; Longitud calibra equipos tales como:<\/p>\n<p>Servicio Acreditado:<\/p>\n<ul class=\"themesflat-list\">\n<li><strong>Medidores de altura<\/strong><\/li>\n<li><strong>Medidores de espesores<\/strong><\/li>\n<\/ul>\n<p>Servicio no Acreditado:<\/p>\n<ul class=\"themesflat-list\">\n<li><strong>Alex\u00f3metros.<\/strong><\/li>\n<li><strong>Galgas telesc\u00f3picas.<\/strong><\/li>\n<li><strong>Kit de inspecci\u00f3n de soldadura y galgas en general.<\/strong><\/li>\n<li><strong>Goni\u00f3metros, escuadras.<\/strong><\/li>\n<li><strong>Galgas telesc\u00f3picas.<\/strong><\/li>\n<\/ul>\n<div style=\"letter-spacing: 0.13px;\">\n<p><strong>Preguntas frecuentes:<\/strong><\/p>\n<\/div>\n<h5 class=\"title\"><a href=\"https:\/\/www.tecniprecision.com\/ec\/acreditacion-sae\/\">\u00bfQu\u00e9 significa que un laboratorio est\u00e9 acreditado?<\/a><\/h5>\n<p>[\/vc_column_text][\/vc_column][\/vc_row][vc_row][vc_column width=&#8221;1\/3&#8243;][vc_single_image image=&#8221;1163&#8243; img_size=&#8221;medium&#8221;][\/vc_column][vc_column width=&#8221;1\/3&#8243;][\/vc_column][vc_column width=&#8221;1\/3&#8243;][\/vc_column][\/vc_row]<\/p>\n","protected":false},"excerpt":{"rendered":"<p>[vc_row][vc_column][\/vc_column][\/vc_row][vc_row][vc_column][vc_column_text] Laboratorio Dimensional. laboratorio Dimensional, es una magnitud determinada por la distancia f\u00edsica, es una de las magnitudes f\u00edsicas fundamentales en tanto que no puede ser definida en t\u00e9rminos de otras magnitudes que se pueden medir. [\/vc_column_text][vc_column_text]El laboratorio Dimensional &#8211; Longitud calibra equipos tales como: Servicio Acreditado: Medidores de altura Medidores de espesores Servicio no [&hellip;]<\/p>\n","protected":false},"author":3,"featured_media":0,"parent":0,"menu_order":0,"comment_status":"closed","ping_status":"closed","template":"tpl\/page_single.php","meta":{"_joinchat":[],"footnotes":""},"class_list":["post-1843","page","type-page","status-publish","hentry"],"yoast_head":"<!-- This site is optimized with the Yoast SEO plugin v26.2 - https:\/\/yoast.com\/wordpress\/plugins\/seo\/ -->\n<title>Laboratorio dimensional Acreditado A2LA - Tecniprecision Cia. Ltda.<\/title>\n<meta name=\"description\" content=\"Calibraci\u00f3n equipos medici\u00f3n Dimensional. laboratorio acreditado A2LA. Calibraci\u00f3n de pie de rey, micr\u00f3metro externo...\" \/>\n<meta name=\"robots\" content=\"index, follow, max-snippet:-1, max-image-preview:large, max-video-preview:-1\" \/>\n<link rel=\"canonical\" href=\"https:\/\/www.tecniprecision.com\/ec\/dimensional-a2la\/\" \/>\n<meta property=\"og:locale\" content=\"es_ES\" \/>\n<meta property=\"og:type\" content=\"article\" \/>\n<meta property=\"og:title\" content=\"Laboratorio dimensional Acreditado A2LA - Tecniprecision Cia. Ltda.\" \/>\n<meta property=\"og:description\" content=\"Calibraci\u00f3n equipos medici\u00f3n Dimensional. laboratorio acreditado A2LA. Calibraci\u00f3n de pie de rey, micr\u00f3metro externo...\" \/>\n<meta property=\"og:url\" content=\"https:\/\/www.tecniprecision.com\/ec\/dimensional-a2la\/\" \/>\n<meta property=\"og:site_name\" content=\"Tecniprecision Cia. Ltda.\" \/>\n<meta property=\"article:publisher\" content=\"https:\/\/www.facebook.com\/Tecniprecision\" \/>\n<meta property=\"article:modified_time\" content=\"2025-06-20T19:54:42+00:00\" \/>\n<meta name=\"twitter:card\" content=\"summary_large_image\" \/>\n<meta name=\"twitter:site\" content=\"@tecniprecision1\" \/>\n<meta name=\"twitter:label1\" content=\"Tiempo de lectura\" \/>\n\t<meta name=\"twitter:data1\" content=\"1 minuto\" \/>\n<script type=\"application\/ld+json\" class=\"yoast-schema-graph\">{\"@context\":\"https:\/\/schema.org\",\"@graph\":[{\"@type\":\"WebPage\",\"@id\":\"https:\/\/www.tecniprecision.com\/ec\/dimensional-a2la\/\",\"url\":\"https:\/\/www.tecniprecision.com\/ec\/dimensional-a2la\/\",\"name\":\"Laboratorio dimensional Acreditado A2LA - Tecniprecision Cia. Ltda.\",\"isPartOf\":{\"@id\":\"https:\/\/www.tecniprecision.com\/ec\/#website\"},\"datePublished\":\"2025-06-20T16:52:28+00:00\",\"dateModified\":\"2025-06-20T19:54:42+00:00\",\"description\":\"Calibraci\u00f3n equipos medici\u00f3n Dimensional. laboratorio acreditado A2LA. Calibraci\u00f3n de pie de rey, micr\u00f3metro externo...\",\"breadcrumb\":{\"@id\":\"https:\/\/www.tecniprecision.com\/ec\/dimensional-a2la\/#breadcrumb\"},\"inLanguage\":\"es\",\"potentialAction\":[{\"@type\":\"ReadAction\",\"target\":[\"https:\/\/www.tecniprecision.com\/ec\/dimensional-a2la\/\"]}]},{\"@type\":\"BreadcrumbList\",\"@id\":\"https:\/\/www.tecniprecision.com\/ec\/dimensional-a2la\/#breadcrumb\",\"itemListElement\":[{\"@type\":\"ListItem\",\"position\":1,\"name\":\"Portada\",\"item\":\"https:\/\/www.tecniprecision.com\/ec\/\"},{\"@type\":\"ListItem\",\"position\":2,\"name\":\"Dimensional A2LA\"}]},{\"@type\":\"WebSite\",\"@id\":\"https:\/\/www.tecniprecision.com\/ec\/#website\",\"url\":\"https:\/\/www.tecniprecision.com\/ec\/\",\"name\":\"Tecniprecision Cia. Ltda.\",\"description\":\"Calibraci\u00f3n de instrumentos y equipos de medici\u00f3n\",\"publisher\":{\"@id\":\"https:\/\/www.tecniprecision.com\/ec\/#organization\"},\"potentialAction\":[{\"@type\":\"SearchAction\",\"target\":{\"@type\":\"EntryPoint\",\"urlTemplate\":\"https:\/\/www.tecniprecision.com\/ec\/?s={search_term_string}\"},\"query-input\":{\"@type\":\"PropertyValueSpecification\",\"valueRequired\":true,\"valueName\":\"search_term_string\"}}],\"inLanguage\":\"es\"},{\"@type\":\"Organization\",\"@id\":\"https:\/\/www.tecniprecision.com\/ec\/#organization\",\"name\":\"Tecniprecisi\u00f3n C\u00eda. Ltda.\",\"url\":\"https:\/\/www.tecniprecision.com\/ec\/\",\"logo\":{\"@type\":\"ImageObject\",\"inLanguage\":\"es\",\"@id\":\"https:\/\/www.tecniprecision.com\/ec\/#\/schema\/logo\/image\/\",\"url\":\"https:\/\/www.tecniprecision.com\/ec\/wp-content\/uploads\/2020\/11\/Logo-180x60-1.png\",\"contentUrl\":\"https:\/\/www.tecniprecision.com\/ec\/wp-content\/uploads\/2020\/11\/Logo-180x60-1.png\",\"width\":277,\"height\":91,\"caption\":\"Tecniprecisi\u00f3n C\u00eda. Ltda.\"},\"image\":{\"@id\":\"https:\/\/www.tecniprecision.com\/ec\/#\/schema\/logo\/image\/\"},\"sameAs\":[\"https:\/\/www.facebook.com\/Tecniprecision\",\"https:\/\/x.com\/tecniprecision1\",\"https:\/\/www.instagram.com\/tecniprecision\/\",\"https:\/\/www.linkedin.com\/in\/tecniprecisi\u00f3n-cia-ltda-2a0755142\/\",\"https:\/\/www.youtube.com\/channel\/UCwnxcuI7Zo0tfYNIw_6OAuA\"]}]}<\/script>\n<!-- \/ Yoast SEO plugin. -->","yoast_head_json":{"title":"Laboratorio dimensional Acreditado A2LA - Tecniprecision Cia. Ltda.","description":"Calibraci\u00f3n equipos medici\u00f3n Dimensional. laboratorio acreditado A2LA. Calibraci\u00f3n de pie de rey, micr\u00f3metro externo...","robots":{"index":"index","follow":"follow","max-snippet":"max-snippet:-1","max-image-preview":"max-image-preview:large","max-video-preview":"max-video-preview:-1"},"canonical":"https:\/\/www.tecniprecision.com\/ec\/dimensional-a2la\/","og_locale":"es_ES","og_type":"article","og_title":"Laboratorio dimensional Acreditado A2LA - Tecniprecision Cia. Ltda.","og_description":"Calibraci\u00f3n equipos medici\u00f3n Dimensional. laboratorio acreditado A2LA. Calibraci\u00f3n de pie de rey, micr\u00f3metro externo...","og_url":"https:\/\/www.tecniprecision.com\/ec\/dimensional-a2la\/","og_site_name":"Tecniprecision Cia. Ltda.","article_publisher":"https:\/\/www.facebook.com\/Tecniprecision","article_modified_time":"2025-06-20T19:54:42+00:00","twitter_card":"summary_large_image","twitter_site":"@tecniprecision1","twitter_misc":{"Tiempo de lectura":"1 minuto"},"schema":{"@context":"https:\/\/schema.org","@graph":[{"@type":"WebPage","@id":"https:\/\/www.tecniprecision.com\/ec\/dimensional-a2la\/","url":"https:\/\/www.tecniprecision.com\/ec\/dimensional-a2la\/","name":"Laboratorio dimensional Acreditado A2LA - Tecniprecision Cia. Ltda.","isPartOf":{"@id":"https:\/\/www.tecniprecision.com\/ec\/#website"},"datePublished":"2025-06-20T16:52:28+00:00","dateModified":"2025-06-20T19:54:42+00:00","description":"Calibraci\u00f3n equipos medici\u00f3n Dimensional. laboratorio acreditado A2LA. Calibraci\u00f3n de pie de rey, micr\u00f3metro externo...","breadcrumb":{"@id":"https:\/\/www.tecniprecision.com\/ec\/dimensional-a2la\/#breadcrumb"},"inLanguage":"es","potentialAction":[{"@type":"ReadAction","target":["https:\/\/www.tecniprecision.com\/ec\/dimensional-a2la\/"]}]},{"@type":"BreadcrumbList","@id":"https:\/\/www.tecniprecision.com\/ec\/dimensional-a2la\/#breadcrumb","itemListElement":[{"@type":"ListItem","position":1,"name":"Portada","item":"https:\/\/www.tecniprecision.com\/ec\/"},{"@type":"ListItem","position":2,"name":"Dimensional A2LA"}]},{"@type":"WebSite","@id":"https:\/\/www.tecniprecision.com\/ec\/#website","url":"https:\/\/www.tecniprecision.com\/ec\/","name":"Tecniprecision Cia. Ltda.","description":"Calibraci\u00f3n de instrumentos y equipos de medici\u00f3n","publisher":{"@id":"https:\/\/www.tecniprecision.com\/ec\/#organization"},"potentialAction":[{"@type":"SearchAction","target":{"@type":"EntryPoint","urlTemplate":"https:\/\/www.tecniprecision.com\/ec\/?s={search_term_string}"},"query-input":{"@type":"PropertyValueSpecification","valueRequired":true,"valueName":"search_term_string"}}],"inLanguage":"es"},{"@type":"Organization","@id":"https:\/\/www.tecniprecision.com\/ec\/#organization","name":"Tecniprecisi\u00f3n C\u00eda. Ltda.","url":"https:\/\/www.tecniprecision.com\/ec\/","logo":{"@type":"ImageObject","inLanguage":"es","@id":"https:\/\/www.tecniprecision.com\/ec\/#\/schema\/logo\/image\/","url":"https:\/\/www.tecniprecision.com\/ec\/wp-content\/uploads\/2020\/11\/Logo-180x60-1.png","contentUrl":"https:\/\/www.tecniprecision.com\/ec\/wp-content\/uploads\/2020\/11\/Logo-180x60-1.png","width":277,"height":91,"caption":"Tecniprecisi\u00f3n C\u00eda. Ltda."},"image":{"@id":"https:\/\/www.tecniprecision.com\/ec\/#\/schema\/logo\/image\/"},"sameAs":["https:\/\/www.facebook.com\/Tecniprecision","https:\/\/x.com\/tecniprecision1","https:\/\/www.instagram.com\/tecniprecision\/","https:\/\/www.linkedin.com\/in\/tecniprecisi\u00f3n-cia-ltda-2a0755142\/","https:\/\/www.youtube.com\/channel\/UCwnxcuI7Zo0tfYNIw_6OAuA"]}]}},"_links":{"self":[{"href":"https:\/\/www.tecniprecision.com\/ec\/wp-json\/wp\/v2\/pages\/1843","targetHints":{"allow":["GET"]}}],"collection":[{"href":"https:\/\/www.tecniprecision.com\/ec\/wp-json\/wp\/v2\/pages"}],"about":[{"href":"https:\/\/www.tecniprecision.com\/ec\/wp-json\/wp\/v2\/types\/page"}],"author":[{"embeddable":true,"href":"https:\/\/www.tecniprecision.com\/ec\/wp-json\/wp\/v2\/users\/3"}],"replies":[{"embeddable":true,"href":"https:\/\/www.tecniprecision.com\/ec\/wp-json\/wp\/v2\/comments?post=1843"}],"version-history":[{"count":4,"href":"https:\/\/www.tecniprecision.com\/ec\/wp-json\/wp\/v2\/pages\/1843\/revisions"}],"predecessor-version":[{"id":1871,"href":"https:\/\/www.tecniprecision.com\/ec\/wp-json\/wp\/v2\/pages\/1843\/revisions\/1871"}],"wp:attachment":[{"href":"https:\/\/www.tecniprecision.com\/ec\/wp-json\/wp\/v2\/media?parent=1843"}],"curies":[{"name":"wp","href":"https:\/\/api.w.org\/{rel}","templated":true}]}}