{"id":1763,"date":"2025-04-04T14:43:57","date_gmt":"2025-04-04T19:43:57","guid":{"rendered":"https:\/\/www.tecniprecision.com\/ec\/?page_id=1763"},"modified":"2026-02-20T14:38:18","modified_gmt":"2026-02-20T19:38:18","slug":"aceptacion-de-cotizacion","status":"publish","type":"page","link":"https:\/\/www.tecniprecision.com\/ec\/aceptacion-de-cotizacion\/","title":{"rendered":"Aceptaci\u00f3n de Cotizaci\u00f3n"},"content":{"rendered":"<p>[vc_row][vc_column][vc_column_text]<\/p>\n<h2 style=\"text-align: center;\"><b>ACEPTACI\u00d3N DE COTIZACI\u00d3N<\/b><\/h2>\n<p>[\/vc_column_text][\/vc_column][\/vc_row][vc_row][vc_column][vc_column_text]<\/p>\n<p style=\"text-align: center;\"><strong data-start=\"1250\" data-end=\"1341\">Bienvenido al portal oficial de aprobaci\u00f3n de cotizaciones de Tecniprecisi\u00f3n C\u00eda. Ltda.<\/strong><br data-start=\"1341\" data-end=\"1344\" \/>A trav\u00e9s de este sistema podr\u00e1 confirmar su propuesta comercial de manera segura y formal.<\/p>\n<p>[\/vc_column_text][\/vc_column][\/vc_row][vc_row overlay_color=&#8221;#e0e0e0&#8243; default_id=&#8221;themesflat_1771598142&#8243; css=&#8221;.vc_custom_1771616280361{background-color: #f9f9f9 !important;}&#8221;][vc_column]\n<div class=\"wpcf7 no-js\" id=\"wpcf7-f1765-o1\" lang=\"es-ES\" dir=\"ltr\" data-wpcf7-id=\"1765\">\n<div class=\"screen-reader-response\"><p role=\"status\" aria-live=\"polite\" aria-atomic=\"true\"><\/p> <ul><\/ul><\/div>\n<form action=\"\/ec\/wp-json\/wp\/v2\/pages\/1763#wpcf7-f1765-o1\" method=\"post\" class=\"wpcf7-form init\" aria-label=\"Formulario de contacto\" enctype=\"multipart\/form-data\" novalidate=\"novalidate\" data-status=\"init\">\n<fieldset class=\"hidden-fields-container\"><input type=\"hidden\" name=\"_wpcf7\" value=\"1765\" \/><input type=\"hidden\" name=\"_wpcf7_version\" value=\"6.1.2\" \/><input type=\"hidden\" name=\"_wpcf7_locale\" value=\"es_ES\" \/><input type=\"hidden\" name=\"_wpcf7_unit_tag\" value=\"wpcf7-f1765-o1\" \/><input type=\"hidden\" name=\"_wpcf7_container_post\" value=\"0\" \/><input type=\"hidden\" name=\"_wpcf7_posted_data_hash\" value=\"\" \/><input type=\"hidden\" name=\"_wpcf7cf_hidden_group_fields\" value=\"[]\" \/><input type=\"hidden\" name=\"_wpcf7cf_hidden_groups\" value=\"[]\" \/><input type=\"hidden\" name=\"_wpcf7cf_visible_groups\" value=\"[]\" \/><input type=\"hidden\" name=\"_wpcf7cf_repeaters\" value=\"[]\" \/><input type=\"hidden\" name=\"_wpcf7cf_steps\" value=\"{}\" \/><input type=\"hidden\" name=\"_wpcf7cf_options\" value=\"{&quot;form_id&quot;:1765,&quot;conditions&quot;:[],&quot;settings&quot;:{&quot;animation&quot;:&quot;yes&quot;,&quot;animation_intime&quot;:200,&quot;animation_outtime&quot;:200,&quot;conditions_ui&quot;:&quot;normal&quot;,&quot;notice_dismissed&quot;:false}}\" \/><input type=\"hidden\" name=\"_wpcf7_recaptcha_response\" value=\"\" \/>\n<\/fieldset>\n<div class=\"uacf7-form-wrapper-container uacf7-form-1765  \"><label> Empresa: <\/label>\n<span class=\"wpcf7-form-control-wrap\" data-name=\"empresa\"><input size=\"40\" maxlength=\"400\" class=\"wpcf7-form-control wpcf7-text wpcf7-validates-as-required\" aria-required=\"true\" aria-invalid=\"false\" value=\"\" type=\"text\" name=\"empresa\" \/><\/span>\n\n<label> Cotizaci\u00f3n N\u00b0: <\/label>\n<span class=\"wpcf7-form-control-wrap\" data-name=\"cotizacion\"><input size=\"40\" maxlength=\"400\" class=\"wpcf7-form-control wpcf7-text wpcf7-validates-as-required\" aria-required=\"true\" aria-invalid=\"false\" value=\"\" type=\"text\" name=\"cotizacion\" \/><\/span>\n\n<label> Nombre y apellido:\n    <span class=\"wpcf7-form-control-wrap\" data-name=\"Nombre\"><input size=\"40\" maxlength=\"400\" class=\"wpcf7-form-control wpcf7-text wpcf7-validates-as-required\" autocomplete=\"name\" aria-required=\"true\" aria-invalid=\"false\" value=\"\" type=\"text\" name=\"Nombre\" \/><\/span> <\/label>\n\n\n<label>\n<div class=\"uacf7-row\"><div class=\"uacf7-col-12\">\n<label> Firma:\n\t\t<span class=\"wpcf7-form-control-wrap uacf7_signature-930\"\n\t\t\tdata-name=\"uacf7_signature-930\">\n\t\t\t<input hidden type=\"file\" class=\"img_id_special\" class=\"wpcf7-form-control wpcf7-uacf7_signature\" pen-color=\"#1f2ac4\" bg-color=\"#ffffff\" aria-invalid=\"false\" name=\"uacf7_signature-930\">\n\n\t\t\t<div class=\"signature-pad\" data-field-name=\"uacf7_signature-930\">\n\t\t\t\t<canvas id=\"uacf7_signature-930\"\n\t\t\t\t\tdata-field-name=\"uacf7_signature-930\" width=\"600\"\n\t\t\t\t\theight=\"150\"><\/canvas>\n\t\t\t<\/div>\n\t\t\t<div class=\"control_div\">\n\t\t\t\t<button data-field-name=\"uacf7_signature-930\"\n\t\t\t\t\tclass=\"clear-button\">Clear<\/button>\n\t\t\t<\/div>\n\n\t\t<\/span>\n\n\t\t<\/label>\n<\/div><\/div>\n<\/label>\n\n\n<label>\n<span class=\"wpcf7-form-control-wrap recaptcha\" data-name=\"recaptcha\"><span data-sitekey=\"6Lc1paQdAAAAAGuCm0oBbb_Ehbpnyy1KljXEIMx2\" class=\"wpcf7-form-control wpcf7-recaptcha g-recaptcha\"><\/span>\r\n<noscript>\r\n\t<div class=\"grecaptcha-noscript\">\r\n\t\t<iframe loading=\"lazy\" src=\"https:\/\/www.google.com\/recaptcha\/api\/fallback?k=6Lc1paQdAAAAAGuCm0oBbb_Ehbpnyy1KljXEIMx2\" frameborder=\"0\" scrolling=\"no\" width=\"310\" height=\"430\">\r\n\t\t<\/iframe>\r\n\t\t<textarea name=\"g-recaptcha-response\" rows=\"3\" cols=\"40\" placeholder=\"Aqu\u00ed la respuesta de reCAPTCHA\">\r\n\t\t<\/textarea>\r\n\t<\/div>\r\n<\/noscript>\r\n<\/span>\n<\/label>\n\n<label>\n<input class=\"wpcf7-form-control wpcf7-submit has-spinner\" type=\"submit\" value=\"ACEPTAR COTIZACI\u00d3N\" \/>\n<\/label>\n\n<center> La firma digital registrada tiene la misma validez que una firma manuscrita.<\/center><\/div><p style=\"display: none !important;\" class=\"akismet-fields-container\" data-prefix=\"_wpcf7_ak_\"><label>&#916;<textarea name=\"_wpcf7_ak_hp_textarea\" cols=\"45\" rows=\"8\" maxlength=\"100\"><\/textarea><\/label><input type=\"hidden\" id=\"ak_js_1\" name=\"_wpcf7_ak_js\" value=\"202\"\/><script>document.getElementById( \"ak_js_1\" ).setAttribute( \"value\", ( new Date() ).getTime() );<\/script><\/p><input type='hidden' class='wpcf7-pum' value='{\"closepopup\":false,\"closedelay\":0,\"openpopup\":false,\"openpopup_id\":0}' \/><div class=\"wpcf7-response-output\" aria-hidden=\"true\"><\/div>\n<\/form>\n<\/div>\n[\/vc_column][\/vc_row]<\/p>\n","protected":false},"excerpt":{"rendered":"<p>[vc_row][vc_column][vc_column_text] ACEPTACI\u00d3N DE COTIZACI\u00d3N [\/vc_column_text][\/vc_column][\/vc_row][vc_row][vc_column][vc_column_text] Bienvenido al portal oficial de aprobaci\u00f3n de cotizaciones de Tecniprecisi\u00f3n C\u00eda. Ltda.A trav\u00e9s de este sistema podr\u00e1 confirmar su propuesta comercial de manera segura y formal. [\/vc_column_text][\/vc_column][\/vc_row][vc_row overlay_color=&#8221;#e0e0e0&#8243; default_id=&#8221;themesflat_1771598142&#8243; css=&#8221;.vc_custom_1771616280361{background-color: #f9f9f9 !important;}&#8221;][vc_column][\/vc_column][\/vc_row]<\/p>\n","protected":false},"author":3,"featured_media":0,"parent":0,"menu_order":0,"comment_status":"closed","ping_status":"closed","template":"tpl\/page_single.php","meta":{"_joinchat":{"telephone":"+593984950765"},"footnotes":""},"class_list":["post-1763","page","type-page","status-publish","hentry"],"yoast_head":"<!-- This site is optimized with the Yoast SEO plugin v26.2 - https:\/\/yoast.com\/wordpress\/plugins\/seo\/ -->\n<title>Aceptaci\u00f3n de Cotizaci\u00f3n - Tecniprecision Cia. Ltda.<\/title>\n<meta name=\"description\" content=\"Acpeta tu cotizaci\u00f3n\" \/>\n<meta name=\"robots\" content=\"index, follow, max-snippet:-1, max-image-preview:large, max-video-preview:-1\" \/>\n<link rel=\"canonical\" href=\"https:\/\/www.tecniprecision.com\/ec\/aceptacion-de-cotizacion\/\" \/>\n<meta property=\"og:locale\" content=\"es_ES\" \/>\n<meta property=\"og:type\" content=\"article\" \/>\n<meta property=\"og:title\" content=\"Aceptaci\u00f3n de Cotizaci\u00f3n - Tecniprecision Cia. Ltda.\" \/>\n<meta property=\"og:description\" content=\"Acpeta tu cotizaci\u00f3n\" \/>\n<meta property=\"og:url\" content=\"https:\/\/www.tecniprecision.com\/ec\/aceptacion-de-cotizacion\/\" \/>\n<meta property=\"og:site_name\" content=\"Tecniprecision Cia. Ltda.\" \/>\n<meta property=\"article:publisher\" content=\"https:\/\/www.facebook.com\/Tecniprecision\" \/>\n<meta property=\"article:modified_time\" content=\"2026-02-20T19:38:18+00:00\" \/>\n<meta name=\"twitter:card\" content=\"summary_large_image\" \/>\n<meta name=\"twitter:site\" content=\"@tecniprecision1\" \/>\n<meta name=\"twitter:label1\" content=\"Tiempo de lectura\" \/>\n\t<meta name=\"twitter:data1\" content=\"1 minuto\" \/>\n<script type=\"application\/ld+json\" class=\"yoast-schema-graph\">{\"@context\":\"https:\/\/schema.org\",\"@graph\":[{\"@type\":\"WebPage\",\"@id\":\"https:\/\/www.tecniprecision.com\/ec\/aceptacion-de-cotizacion\/\",\"url\":\"https:\/\/www.tecniprecision.com\/ec\/aceptacion-de-cotizacion\/\",\"name\":\"Aceptaci\u00f3n de Cotizaci\u00f3n - Tecniprecision Cia. Ltda.\",\"isPartOf\":{\"@id\":\"https:\/\/www.tecniprecision.com\/ec\/#website\"},\"datePublished\":\"2025-04-04T19:43:57+00:00\",\"dateModified\":\"2026-02-20T19:38:18+00:00\",\"description\":\"Acpeta tu cotizaci\u00f3n\",\"breadcrumb\":{\"@id\":\"https:\/\/www.tecniprecision.com\/ec\/aceptacion-de-cotizacion\/#breadcrumb\"},\"inLanguage\":\"es\",\"potentialAction\":[{\"@type\":\"ReadAction\",\"target\":[\"https:\/\/www.tecniprecision.com\/ec\/aceptacion-de-cotizacion\/\"]}]},{\"@type\":\"BreadcrumbList\",\"@id\":\"https:\/\/www.tecniprecision.com\/ec\/aceptacion-de-cotizacion\/#breadcrumb\",\"itemListElement\":[{\"@type\":\"ListItem\",\"position\":1,\"name\":\"Portada\",\"item\":\"https:\/\/www.tecniprecision.com\/ec\/\"},{\"@type\":\"ListItem\",\"position\":2,\"name\":\"Aceptaci\u00f3n de Cotizaci\u00f3n\"}]},{\"@type\":\"WebSite\",\"@id\":\"https:\/\/www.tecniprecision.com\/ec\/#website\",\"url\":\"https:\/\/www.tecniprecision.com\/ec\/\",\"name\":\"Tecniprecision Cia. Ltda.\",\"description\":\"Calibraci\u00f3n de instrumentos y equipos de medici\u00f3n\",\"publisher\":{\"@id\":\"https:\/\/www.tecniprecision.com\/ec\/#organization\"},\"potentialAction\":[{\"@type\":\"SearchAction\",\"target\":{\"@type\":\"EntryPoint\",\"urlTemplate\":\"https:\/\/www.tecniprecision.com\/ec\/?s={search_term_string}\"},\"query-input\":{\"@type\":\"PropertyValueSpecification\",\"valueRequired\":true,\"valueName\":\"search_term_string\"}}],\"inLanguage\":\"es\"},{\"@type\":\"Organization\",\"@id\":\"https:\/\/www.tecniprecision.com\/ec\/#organization\",\"name\":\"Tecniprecisi\u00f3n C\u00eda. Ltda.\",\"url\":\"https:\/\/www.tecniprecision.com\/ec\/\",\"logo\":{\"@type\":\"ImageObject\",\"inLanguage\":\"es\",\"@id\":\"https:\/\/www.tecniprecision.com\/ec\/#\/schema\/logo\/image\/\",\"url\":\"https:\/\/www.tecniprecision.com\/ec\/wp-content\/uploads\/2020\/11\/Logo-180x60-1.png\",\"contentUrl\":\"https:\/\/www.tecniprecision.com\/ec\/wp-content\/uploads\/2020\/11\/Logo-180x60-1.png\",\"width\":277,\"height\":91,\"caption\":\"Tecniprecisi\u00f3n C\u00eda. Ltda.\"},\"image\":{\"@id\":\"https:\/\/www.tecniprecision.com\/ec\/#\/schema\/logo\/image\/\"},\"sameAs\":[\"https:\/\/www.facebook.com\/Tecniprecision\",\"https:\/\/x.com\/tecniprecision1\",\"https:\/\/www.instagram.com\/tecniprecision\/\",\"https:\/\/www.linkedin.com\/in\/tecniprecisi\u00f3n-cia-ltda-2a0755142\/\",\"https:\/\/www.youtube.com\/channel\/UCwnxcuI7Zo0tfYNIw_6OAuA\"]}]}<\/script>\n<!-- \/ Yoast SEO plugin. -->","yoast_head_json":{"title":"Aceptaci\u00f3n de Cotizaci\u00f3n - Tecniprecision Cia. Ltda.","description":"Acpeta tu cotizaci\u00f3n","robots":{"index":"index","follow":"follow","max-snippet":"max-snippet:-1","max-image-preview":"max-image-preview:large","max-video-preview":"max-video-preview:-1"},"canonical":"https:\/\/www.tecniprecision.com\/ec\/aceptacion-de-cotizacion\/","og_locale":"es_ES","og_type":"article","og_title":"Aceptaci\u00f3n de Cotizaci\u00f3n - Tecniprecision Cia. Ltda.","og_description":"Acpeta tu cotizaci\u00f3n","og_url":"https:\/\/www.tecniprecision.com\/ec\/aceptacion-de-cotizacion\/","og_site_name":"Tecniprecision Cia. Ltda.","article_publisher":"https:\/\/www.facebook.com\/Tecniprecision","article_modified_time":"2026-02-20T19:38:18+00:00","twitter_card":"summary_large_image","twitter_site":"@tecniprecision1","twitter_misc":{"Tiempo de lectura":"1 minuto"},"schema":{"@context":"https:\/\/schema.org","@graph":[{"@type":"WebPage","@id":"https:\/\/www.tecniprecision.com\/ec\/aceptacion-de-cotizacion\/","url":"https:\/\/www.tecniprecision.com\/ec\/aceptacion-de-cotizacion\/","name":"Aceptaci\u00f3n de Cotizaci\u00f3n - Tecniprecision Cia. Ltda.","isPartOf":{"@id":"https:\/\/www.tecniprecision.com\/ec\/#website"},"datePublished":"2025-04-04T19:43:57+00:00","dateModified":"2026-02-20T19:38:18+00:00","description":"Acpeta tu cotizaci\u00f3n","breadcrumb":{"@id":"https:\/\/www.tecniprecision.com\/ec\/aceptacion-de-cotizacion\/#breadcrumb"},"inLanguage":"es","potentialAction":[{"@type":"ReadAction","target":["https:\/\/www.tecniprecision.com\/ec\/aceptacion-de-cotizacion\/"]}]},{"@type":"BreadcrumbList","@id":"https:\/\/www.tecniprecision.com\/ec\/aceptacion-de-cotizacion\/#breadcrumb","itemListElement":[{"@type":"ListItem","position":1,"name":"Portada","item":"https:\/\/www.tecniprecision.com\/ec\/"},{"@type":"ListItem","position":2,"name":"Aceptaci\u00f3n de Cotizaci\u00f3n"}]},{"@type":"WebSite","@id":"https:\/\/www.tecniprecision.com\/ec\/#website","url":"https:\/\/www.tecniprecision.com\/ec\/","name":"Tecniprecision Cia. Ltda.","description":"Calibraci\u00f3n de instrumentos y equipos de medici\u00f3n","publisher":{"@id":"https:\/\/www.tecniprecision.com\/ec\/#organization"},"potentialAction":[{"@type":"SearchAction","target":{"@type":"EntryPoint","urlTemplate":"https:\/\/www.tecniprecision.com\/ec\/?s={search_term_string}"},"query-input":{"@type":"PropertyValueSpecification","valueRequired":true,"valueName":"search_term_string"}}],"inLanguage":"es"},{"@type":"Organization","@id":"https:\/\/www.tecniprecision.com\/ec\/#organization","name":"Tecniprecisi\u00f3n C\u00eda. Ltda.","url":"https:\/\/www.tecniprecision.com\/ec\/","logo":{"@type":"ImageObject","inLanguage":"es","@id":"https:\/\/www.tecniprecision.com\/ec\/#\/schema\/logo\/image\/","url":"https:\/\/www.tecniprecision.com\/ec\/wp-content\/uploads\/2020\/11\/Logo-180x60-1.png","contentUrl":"https:\/\/www.tecniprecision.com\/ec\/wp-content\/uploads\/2020\/11\/Logo-180x60-1.png","width":277,"height":91,"caption":"Tecniprecisi\u00f3n C\u00eda. Ltda."},"image":{"@id":"https:\/\/www.tecniprecision.com\/ec\/#\/schema\/logo\/image\/"},"sameAs":["https:\/\/www.facebook.com\/Tecniprecision","https:\/\/x.com\/tecniprecision1","https:\/\/www.instagram.com\/tecniprecision\/","https:\/\/www.linkedin.com\/in\/tecniprecisi\u00f3n-cia-ltda-2a0755142\/","https:\/\/www.youtube.com\/channel\/UCwnxcuI7Zo0tfYNIw_6OAuA"]}]}},"_links":{"self":[{"href":"https:\/\/www.tecniprecision.com\/ec\/wp-json\/wp\/v2\/pages\/1763","targetHints":{"allow":["GET"]}}],"collection":[{"href":"https:\/\/www.tecniprecision.com\/ec\/wp-json\/wp\/v2\/pages"}],"about":[{"href":"https:\/\/www.tecniprecision.com\/ec\/wp-json\/wp\/v2\/types\/page"}],"author":[{"embeddable":true,"href":"https:\/\/www.tecniprecision.com\/ec\/wp-json\/wp\/v2\/users\/3"}],"replies":[{"embeddable":true,"href":"https:\/\/www.tecniprecision.com\/ec\/wp-json\/wp\/v2\/comments?post=1763"}],"version-history":[{"count":11,"href":"https:\/\/www.tecniprecision.com\/ec\/wp-json\/wp\/v2\/pages\/1763\/revisions"}],"predecessor-version":[{"id":2102,"href":"https:\/\/www.tecniprecision.com\/ec\/wp-json\/wp\/v2\/pages\/1763\/revisions\/2102"}],"wp:attachment":[{"href":"https:\/\/www.tecniprecision.com\/ec\/wp-json\/wp\/v2\/media?parent=1763"}],"curies":[{"name":"wp","href":"https:\/\/api.w.org\/{rel}","templated":true}]}}